{"id":65,"date":"2021-01-25T20:27:33","date_gmt":"2021-01-26T02:27:33","guid":{"rendered":"http:\/\/docentes.uaa.mx\/drjmunozmx\/?page_id=65"},"modified":"2021-01-25T21:14:06","modified_gmt":"2021-01-26T03:14:06","slug":"actualidad-tecnologica","status":"publish","type":"page","link":"https:\/\/docentes.uaa.mx\/drjmunozmx\/","title":{"rendered":"Actualidad Tecnol\u00f3gica"},"content":{"rendered":"<p><span style=\"font-size: 18pt\"><strong>Las 39 peores ideas de meter tecnolog\u00eda en una cosa que no lo necesita<\/strong><\/span><\/p>\n<h2>El collar de perro que env\u00eda tuits<\/h2>\n<div class=\"article-asset-image article-asset-normal\">\n<div class=\"asset-content\"><img decoding=\"async\" class=\"centro_sinmarco\" src=\"https:\/\/i.blogs.es\/a710b6\/puppy-tweets\/450_1000.jpg\" alt=\"Puppy Tweets\" data-sf-srcset=\"https:\/\/i.blogs.es\/a710b6\/puppy-tweets\/450_1000.jpg 450w, https:\/\/i.blogs.es\/a710b6\/puppy-tweets\/650_1200.jpg 681w, https:\/\/i.blogs.es\/a710b6\/puppy-tweets\/1024_2000.jpg 1024w, https:\/\/i.blogs.es\/a710b6\/puppy-tweets\/1366_2000.jpg 1366w\" data-sf-src=\"https:\/\/i.blogs.es\/a710b6\/puppy-tweets\/450_1000.jpg\"><\/div>\n<\/div>\n<p>Alguien pens\u00f3 que ser\u00eda buena idea de un perro pudiera tener su perfil en Twitter y&nbsp;<strong>enviar sus propios tuits por medio de ladridos<\/strong>, esto gracias a un dispositivo que cuelga del collar del perro, el cual est\u00e1 sincronizado por medio de WiFi con nuestro ordenador, para que cada vez que nuestro amigo ladre o emita alg\u00fan sonido, el dispositivo los traducir\u00eda en alguna de sus 500 frases precargadas.<\/p>\n<p><a href=\"https:\/\/www.xataka.com\/redirect?url=http%3A%2F%2Fwww.amazon.com%2FMattel-T7005-Puppy-Tweets-Blue%2Fdp%2FB0037W6TX0&amp;category=internet-of-things\">Puppy Tweets<\/a>&nbsp;por supuesto requiere de la intervenci\u00f3n de un humano para toda la configuraci\u00f3n, s\u00ed, tambi\u00e9n se necesitar\u00e1 abrir el perfil de Twitter.<\/p>\n","protected":false},"excerpt":{"rendered":"<p>Las 39 peores ideas de meter tecnolog\u00eda en una cosa que no lo necesita El collar de perro que env\u00eda tuits Alguien pens\u00f3 que ser\u00eda buena idea de un perro pudiera tener su perfil en Twitter y&nbsp;enviar sus propios tuits por medio de ladridos, esto gracias a un dispositivo que cuelga del collar del perro, [&hellip;]<\/p>\n","protected":false},"author":46,"featured_media":0,"parent":0,"menu_order":0,"comment_status":"closed","ping_status":"closed","template":"","meta":{"ngg_post_thumbnail":0,"footnotes":""},"class_list":["post-65","page","type-page","status-publish","hentry"],"_links":{"self":[{"href":"https:\/\/docentes.uaa.mx\/drjmunozmx\/wp-json\/wp\/v2\/pages\/65"}],"collection":[{"href":"https:\/\/docentes.uaa.mx\/drjmunozmx\/wp-json\/wp\/v2\/pages"}],"about":[{"href":"https:\/\/docentes.uaa.mx\/drjmunozmx\/wp-json\/wp\/v2\/types\/page"}],"author":[{"embeddable":true,"href":"https:\/\/docentes.uaa.mx\/drjmunozmx\/wp-json\/wp\/v2\/users\/46"}],"replies":[{"embeddable":true,"href":"https:\/\/docentes.uaa.mx\/drjmunozmx\/wp-json\/wp\/v2\/comments?post=65"}],"version-history":[{"count":3,"href":"https:\/\/docentes.uaa.mx\/drjmunozmx\/wp-json\/wp\/v2\/pages\/65\/revisions"}],"predecessor-version":[{"id":97,"href":"https:\/\/docentes.uaa.mx\/drjmunozmx\/wp-json\/wp\/v2\/pages\/65\/revisions\/97"}],"wp:attachment":[{"href":"https:\/\/docentes.uaa.mx\/drjmunozmx\/wp-json\/wp\/v2\/media?parent=65"}],"curies":[{"name":"wp","href":"https:\/\/api.w.org\/{rel}","templated":true}]}}