{"id":1111,"date":"2023-03-31T07:47:07","date_gmt":"2023-03-31T07:47:07","guid":{"rendered":"https:\/\/docentes.uaa.mx\/elmunoz\/?page_id=1111"},"modified":"2023-10-30T00:39:40","modified_gmt":"2023-10-30T00:39:40","slug":"sobre-mi","status":"publish","type":"page","link":"https:\/\/docentes.uaa.mx\/elmunoz\/sobre-mi\/","title":{"rendered":"Sobre M\u00ed"},"content":{"rendered":"<p><span style=\"color: #000000\">Hola! soy Estela Lizbeth Mu\u00f1oz Andrade, Profesora-Investigadora del Departamento de Sistemas Electr\u00f3nicos, actualmente apoyo como Secretaria de Docencia en el Centro de Ciencias B\u00e1sicas. Tengo un Doctorado en Ciencias Exactas y como parte de la investigaci\u00f3n me enfoco en el desarrollo de Software Educativo para el aprendizaje de la programaci\u00f3n.<\/span><\/p>\n<p><span style=\"color: #000000\">Tengo 25 a\u00f1os de experiencia docente en el \u00e1rea de desarrollo y lenguajes de programaci\u00f3n, an\u00e1lisis y dise\u00f1o de sistemas, bases de datos, estructura de datos, entre otros. He impartido materias en las carreras de Inform\u00e1tica, Sistemas Computacionales, Electr\u00f3nica y Matem\u00e1ticas Aplicadas. Tambi\u00e9n he colaborado en el Diplomado de Ense\u00f1anza en L\u00ednea, tanto de forma presencial, a distancia y en modalidad de ambientes combinados, as\u00ed como en otras Universidades impartiendo materias en la Maestr\u00eda en Educaci\u00f3n y Dise\u00f1o Instruccional.<\/span><\/p>\n<p>&nbsp;<\/p>\n","protected":false},"excerpt":{"rendered":"<p>Hola! soy Estela Lizbeth Mu\u00f1oz Andrade, Profesora-Investigadora del Departamento de Sistemas Electr\u00f3nicos, actualmente apoyo como Secretaria de Docencia en el Centro de Ciencias B\u00e1sicas. Tengo&#8230;<\/p>\n","protected":false},"author":13,"featured_media":1161,"parent":0,"menu_order":0,"comment_status":"closed","ping_status":"closed","template":"","meta":{"ngg_post_thumbnail":0,"footnotes":""},"class_list":["post-1111","page","type-page","status-publish","has-post-thumbnail","hentry"],"_links":{"self":[{"href":"https:\/\/docentes.uaa.mx\/elmunoz\/wp-json\/wp\/v2\/pages\/1111"}],"collection":[{"href":"https:\/\/docentes.uaa.mx\/elmunoz\/wp-json\/wp\/v2\/pages"}],"about":[{"href":"https:\/\/docentes.uaa.mx\/elmunoz\/wp-json\/wp\/v2\/types\/page"}],"author":[{"embeddable":true,"href":"https:\/\/docentes.uaa.mx\/elmunoz\/wp-json\/wp\/v2\/users\/13"}],"replies":[{"embeddable":true,"href":"https:\/\/docentes.uaa.mx\/elmunoz\/wp-json\/wp\/v2\/comments?post=1111"}],"version-history":[{"count":6,"href":"https:\/\/docentes.uaa.mx\/elmunoz\/wp-json\/wp\/v2\/pages\/1111\/revisions"}],"predecessor-version":[{"id":1319,"href":"https:\/\/docentes.uaa.mx\/elmunoz\/wp-json\/wp\/v2\/pages\/1111\/revisions\/1319"}],"wp:featuredmedia":[{"embeddable":true,"href":"https:\/\/docentes.uaa.mx\/elmunoz\/wp-json\/wp\/v2\/media\/1161"}],"wp:attachment":[{"href":"https:\/\/docentes.uaa.mx\/elmunoz\/wp-json\/wp\/v2\/media?parent=1111"}],"curies":[{"name":"wp","href":"https:\/\/api.w.org\/{rel}","templated":true}]}}