{"id":15494,"date":"2018-01-08T08:53:33","date_gmt":"2018-01-08T14:53:33","guid":{"rendered":"http:\/\/docentes.uaa.mx\/guido\/?page_id=15494"},"modified":"2018-01-08T08:53:33","modified_gmt":"2018-01-08T14:53:33","slug":"entorno-linux-para-academicos","status":"publish","type":"page","link":"https:\/\/docentes.uaa.mx\/guido\/entorno-linux-para-academicos\/","title":{"rendered":"Entorno Linux para Acad\u00e9micos"},"content":{"rendered":"<p style=\"text-align: center\">Bienvenidos al Curso de Entorno de Linux para Acad\u00e9micos de la UAA<\/p>\n<p>Objetivo: Que el participante obtenga conocimientos generales para la adopci\u00f3n y uso de una plataforma operativa basada en Linux como herramienta de apoyo al trabajo acad\u00e9mico.<\/p>\n<p style=\"text-align: left\" align=\"center\">El cual se realizar\u00e1 del 8 de Enero al 5 de Febrero del 2018 en el Edificio 54 Aula I bajo un esquema de curso semipresencial.<\/p>\n<p style=\"text-align: left\" align=\"center\">Instructor: MSc. Guillermo Dom\u00ednguez Aguilar<\/p>\n<p align=\"center\">Temario:<\/p>\n<p><i><b>Semana 1, Tema 1 <\/b><\/i><i><b>(Presencial)<\/b><\/i><i><b>:<\/b><\/i> UNIX y Linux, Razones y Uso<\/p>\n<p>1.1. Nacimiento de UNIX y Linux<\/p>\n<p>1.2. Los roles de la FSF, GNU y Linus Torvald (The Linux Fundation)<\/p>\n<p>1.3. El Kernel de Linux y sus caracter\u00edsticas<\/p>\n<p>1.4. Las aplicaciones GNU, de c\u00f3digo abierto, no abierto pero gratuitas y las comerciales<\/p>\n<p>1.5. \u00bfQu\u00e9 buscan las empresas y los usuarios de Linux?<\/p>\n<p>1.6. Conclusiones<\/p>\n<p><i><b>Semana 2, Tema 2 <\/b><\/i><i><b>(En l\u00ednea)<\/b><\/i><i><b>:<\/b><\/i> Distribuciones de Linux<\/p>\n<p>2.1. \u00bfQu\u00e9 es una Distribuci\u00f3n? &#8211; Diferencias entre distribuciones<\/p>\n<p>2.2. Arquitecturas y distribuciones principales<\/p>\n<p>2.3. Orientaciones, Instalaciones, Administraci\u00f3n y Aplicaciones<\/p>\n<p>2.4. Interfaces de Texto e Interfaces Gr\u00e1ficas<\/p>\n<p>2.5. Instalaci\u00f3n de aplicaciones y sistemas administradores de paquetes<\/p>\n<p>2.6. \u00bfQu\u00e9 quiero hacer con Linux?<\/p>\n<p>2.7. Conclusiones<\/p>\n<p><i><b>Semana 3, Tema 3 <\/b><\/i><i><b>(En l\u00ednea)<\/b><\/i><i><b>:<\/b><\/i> Ambiente de Texto, Ordenes y Programaci\u00f3n en Linux<\/p>\n<p>3.1. Linux e Internet<\/p>\n<p>3.2. Servicios de Sesiones Remotas<\/p>\n<p>3.3. CLI: Enlace SSH \u2013 Web y uso de Bash<\/p>\n<p>3.4. Listado y uso de ordenes b\u00e1sicas del Shell<\/p>\n<p>3.5. Listado y uso de ordenes exclusivas de Linux<\/p>\n<p>3.6. Programaci\u00f3n en Linux &#8211; \u00bfComo funciona?, \u00bfPara qu\u00e9 sirve?<\/p>\n<p>3.7. Conclusiones<\/p>\n<p><i><b>Semana 4, Tema <\/b><\/i><i><b>4 (<\/b><\/i><i><b>E<\/b><\/i><i><b>n l\u00ednea)<\/b><\/i><i><b>:<\/b><\/i> Uaabuntu: Ambiente, interfaces y aplicaciones<\/p>\n<p>4.1. \u00bfPor qu\u00e9 Uaabuntu? &#8211; La diferencia con Ubuntu<\/p>\n<p>4.2. Orientaci\u00f3n de Uaabuntu y nicho de beneficio<\/p>\n<p>4.3. Ambiente de Trabajo, de Administraci\u00f3n y Aplicaciones base<\/p>\n<p>4.4. Administraci\u00f3n de Paquetes y Aplicaciones<\/p>\n<p>4.5. Conjunto de Herramientas (aplicaciones) Tem\u00e1ticas<\/p>\n<p>4.5.1. Sistema Base<\/p>\n<p>4.5.2. Ofim\u00e1tica<\/p>\n<p>4.5.3. Comunicaciones e Internet<\/p>\n<p>4.5.4. Multimedia y Ocio<\/p>\n<p>4.5.5. Dise\u00f1o y Desarrollo<\/p>\n<p>4.5.6. Valor Agregado<\/p>\n<p>4.6. Conclusiones<\/p>\n<p style=\"text-align: left\" align=\"center\">&nbsp;<\/p>\n","protected":false},"excerpt":{"rendered":"<p>Bienvenidos al Curso de Entorno de Linux para Acad\u00e9micos de la UAA Objetivo: Que el participante obtenga conocimientos generales para la adopci\u00f3n y uso de una plataforma operativa basada en Linux como herramienta de apoyo al trabajo acad\u00e9mico. El cual se realizar\u00e1 del 8 de Enero al 5 de Febrero del 2018 en el Edificio [&hellip;]<\/p>\n","protected":false},"author":2,"featured_media":0,"parent":0,"menu_order":0,"comment_status":"closed","ping_status":"closed","template":"","meta":{"ngg_post_thumbnail":0,"footnotes":""},"class_list":["post-15494","page","type-page","status-publish","hentry"],"_links":{"self":[{"href":"https:\/\/docentes.uaa.mx\/guido\/wp-json\/wp\/v2\/pages\/15494"}],"collection":[{"href":"https:\/\/docentes.uaa.mx\/guido\/wp-json\/wp\/v2\/pages"}],"about":[{"href":"https:\/\/docentes.uaa.mx\/guido\/wp-json\/wp\/v2\/types\/page"}],"author":[{"embeddable":true,"href":"https:\/\/docentes.uaa.mx\/guido\/wp-json\/wp\/v2\/users\/2"}],"replies":[{"embeddable":true,"href":"https:\/\/docentes.uaa.mx\/guido\/wp-json\/wp\/v2\/comments?post=15494"}],"version-history":[{"count":2,"href":"https:\/\/docentes.uaa.mx\/guido\/wp-json\/wp\/v2\/pages\/15494\/revisions"}],"predecessor-version":[{"id":15786,"href":"https:\/\/docentes.uaa.mx\/guido\/wp-json\/wp\/v2\/pages\/15494\/revisions\/15786"}],"wp:attachment":[{"href":"https:\/\/docentes.uaa.mx\/guido\/wp-json\/wp\/v2\/media?parent=15494"}],"curies":[{"name":"wp","href":"https:\/\/api.w.org\/{rel}","templated":true}]}}