{"id":2,"date":"2020-08-18T18:26:46","date_gmt":"2020-08-18T23:26:46","guid":{"rendered":"http:\/\/docentes.uaa.mx\/guido\/?page_id=2"},"modified":"2021-01-14T13:55:36","modified_gmt":"2021-01-14T19:55:36","slug":"acerca","status":"publish","type":"page","link":"https:\/\/docentes.uaa.mx\/guido\/acerca\/","title":{"rendered":"Acerca de"},"content":{"rendered":"<div id=\"pl-2\"  class=\"panel-layout\" ><div id=\"pg-2-0\"  class=\"panel-grid panel-no-style\" ><div id=\"pgc-2-0-0\"  class=\"panel-grid-cell\" ><div id=\"panel-2-0-0-0\" class=\"so-panel widget panel-first-child panel-last-child\" data-index=\"0\" ><\/div><\/div><\/div><div id=\"pg-2-1\"  class=\"panel-grid panel-no-style\" ><div id=\"pgc-2-1-0\"  class=\"panel-grid-cell\" ><div id=\"panel-2-1-0-0\" class=\"so-panel widget widget_sow-editor panel-first-child panel-last-child\" data-index=\"1\" ><div\n\t\t\t\n\t\t\tclass=\"so-widget-sow-editor so-widget-sow-editor-base\"\n\t\t\t\n\t\t>\n<div class=\"siteorigin-widget-tinymce textwidget\">\n\t<p style=\"text-align: justify;\">Este espacio de publicaci\u00f3n personal es la referencia oficial al trabajo acad\u00e9mico y de investigaci\u00f3n del <span style=\"background-color: #00ccff;\"><em><strong>MSc. CIN Guillermo Dom\u00ednguez Aguilar,<\/strong><\/em><\/span> miembro del Departamento de Sistemas Electr\u00f3nicos y mejor conocido simplemente como Guido. Es tambi\u00e9n un prototipo o modelo (pero hablando del espacio y no del acad\u00e9mico) el cual muestra las capacidades del sistema de publicaci\u00f3n acad\u00e9mica que se esta elaborando y soportando por el Grupo de Nuevas Tecnolog\u00edas Educativas dentro del proyecto de Internet 2 en la UAA.<\/p>\n<p style=\"text-align: justify;\">Si\u00e9ntase libre de navegar, preguntar, comentar o simplemente de ser informado del trabajo acad\u00e9mico que aqu\u00ed se publica.<\/p>\n<p>Facebok:<\/p>\n<ul>\n<li>https:\/\/www.facebook.com\/guidored<\/li>\n<li>https:\/\/www.facebook.com\/guido.consejero\/<\/li>\n<\/ul>\n<p>Emails:<\/p>\n<ul style=\"list-style-type: square;\">\n<li>guidored@gmail.com<\/li>\n<li>guido@correo.uaa.mx<\/li>\n<li>guillermo.dominguez@edu.uaa.mx<\/li>\n<\/ul>\n<p><a class=\"ngg-fancybox\" title=\" \" href=\"https:\/\/docentes.uaa.mx\/guido\/wp-content\/uploads\/sites\/2\/nggallery\/computo\/hardware.jpg\" data-image-id=\"5\" data-src=\"https:\/\/docentes.uaa.mx\/guido\/wp-content\/uploads\/sites\/2\/nggallery\/computo\/hardware.jpg\" data-thumbnail=\"https:\/\/docentes.uaa.mx\/guido\/wp-content\/uploads\/sites\/2\/nggallery\/computo\/thumbs\/thumbs_hardware.jpg\" data-title=\"hardware\" data-description=\" \"><img loading=\"lazy\" decoding=\"async\" class=\"ngg-singlepic ngg-none aligncenter\" src=\"https:\/\/docentes.uaa.mx\/guido\/wp-content\/uploads\/sites\/2\/nggallery\/computo\/thumbs\/thumbs_hardware.jpg\" alt=\"hardware\" width=\"120\" height=\"90\"\/><\/a><\/p>\n<\/div>\n<\/div><\/div><\/div><div id=\"pgc-2-1-1\"  class=\"panel-grid-cell\" ><div id=\"panel-2-1-1-0\" class=\"so-panel widget widget_sow-image panel-first-child\" data-index=\"2\" ><div\n\t\t\t\n\t\t\tclass=\"so-widget-sow-image so-widget-sow-image-default-8b5b6f678277-2\"\n\t\t\t\n\t\t>\n\n<div class=\"sow-image-container\">\n\t\t<img loading=\"lazy\" decoding=\"async\" src=\"https:\/\/docentes.uaa.mx\/guido\/wp-content\/uploads\/sites\/2\/2021\/01\/cropped-Guillermo-Dominguez-Aguilar.jpg\" width=\"476\" height=\"471\" srcset=\"https:\/\/docentes.uaa.mx\/guido\/wp-content\/uploads\/sites\/2\/2021\/01\/cropped-Guillermo-Dominguez-Aguilar.jpg 476w, https:\/\/docentes.uaa.mx\/guido\/wp-content\/uploads\/sites\/2\/2021\/01\/cropped-Guillermo-Dominguez-Aguilar-300x297.jpg 300w, https:\/\/docentes.uaa.mx\/guido\/wp-content\/uploads\/sites\/2\/2021\/01\/cropped-Guillermo-Dominguez-Aguilar-60x60.jpg 60w\" sizes=\"(max-width: 476px) 100vw, 476px\" title=\"cropped-Guillermo-Dominguez-Aguilar.jpg\" alt=\"Guido\" \t\tclass=\"so-widget-image\"\/>\n\t<\/div>\n\n<\/div><\/div><div id=\"panel-2-1-1-1\" class=\"so-panel widget panel-last-child\" data-index=\"3\" ><\/div><\/div><\/div><\/div>","protected":false},"excerpt":{"rendered":"<p>Este espacio de publicaci\u00f3n personal es la referencia oficial al trabajo acad\u00e9mico y de investigaci\u00f3n del MSc. CIN Guillermo Dom\u00ednguez Aguilar, miembro del Departamento de Sistemas Electr\u00f3nicos y mejor conocido simplemente como Guido. Es tambi\u00e9n un prototipo o modelo (pero hablando del espacio y no del acad\u00e9mico) el cual muestra las capacidades del sistema de [&hellip;]<\/p>\n","protected":false},"author":2,"featured_media":287150,"parent":0,"menu_order":1,"comment_status":"closed","ping_status":"closed","template":"","meta":{"ngg_post_thumbnail":0,"footnotes":""},"class_list":["post-2","page","type-page","status-publish","has-post-thumbnail","hentry"],"_links":{"self":[{"href":"https:\/\/docentes.uaa.mx\/guido\/wp-json\/wp\/v2\/pages\/2"}],"collection":[{"href":"https:\/\/docentes.uaa.mx\/guido\/wp-json\/wp\/v2\/pages"}],"about":[{"href":"https:\/\/docentes.uaa.mx\/guido\/wp-json\/wp\/v2\/types\/page"}],"author":[{"embeddable":true,"href":"https:\/\/docentes.uaa.mx\/guido\/wp-json\/wp\/v2\/users\/2"}],"replies":[{"embeddable":true,"href":"https:\/\/docentes.uaa.mx\/guido\/wp-json\/wp\/v2\/comments?post=2"}],"version-history":[{"count":35,"href":"https:\/\/docentes.uaa.mx\/guido\/wp-json\/wp\/v2\/pages\/2\/revisions"}],"predecessor-version":[{"id":287211,"href":"https:\/\/docentes.uaa.mx\/guido\/wp-json\/wp\/v2\/pages\/2\/revisions\/287211"}],"wp:featuredmedia":[{"embeddable":true,"href":"https:\/\/docentes.uaa.mx\/guido\/wp-json\/wp\/v2\/media\/287150"}],"wp:attachment":[{"href":"https:\/\/docentes.uaa.mx\/guido\/wp-json\/wp\/v2\/media?parent=2"}],"curies":[{"name":"wp","href":"https:\/\/api.w.org\/{rel}","templated":true}]}}