{"id":232108,"date":"2019-01-28T20:38:32","date_gmt":"2019-01-29T02:38:32","guid":{"rendered":"http:\/\/docentes.uaa.mx\/guido\/?page_id=232108"},"modified":"2019-05-27T09:16:12","modified_gmt":"2019-05-27T14:16:12","slug":"isc-8o-computo-distribuido","status":"publish","type":"page","link":"https:\/\/docentes.uaa.mx\/guido\/materias\/isc-8o-computo-distribuido\/","title":{"rendered":"ISC 8o &#8211; C\u00f3mputo Distribuido"},"content":{"rendered":"<p>&nbsp;<\/p>\n<p><a href=\"http:\/\/docentes.uaa.mx\/guido\/wp-content\/uploads\/sites\/2\/2019\/01\/computo-distribuido.jpg\"><img loading=\"lazy\" decoding=\"async\" class=\"alignleft wp-image-232978 size-large\" src=\"http:\/\/docentes.uaa.mx\/guido\/wp-content\/uploads\/sites\/2\/2019\/01\/computo-distribuido-1024x782.jpg\" alt=\"\" width=\"668\" height=\"510\" srcset=\"https:\/\/docentes.uaa.mx\/guido\/wp-content\/uploads\/sites\/2\/2019\/01\/computo-distribuido-1024x782.jpg 1024w, https:\/\/docentes.uaa.mx\/guido\/wp-content\/uploads\/sites\/2\/2019\/01\/computo-distribuido-300x229.jpg 300w, https:\/\/docentes.uaa.mx\/guido\/wp-content\/uploads\/sites\/2\/2019\/01\/computo-distribuido-768x586.jpg 768w, https:\/\/docentes.uaa.mx\/guido\/wp-content\/uploads\/sites\/2\/2019\/01\/computo-distribuido.jpg 1586w\" sizes=\"(max-width: 668px) 100vw, 668px\" \/><\/a><\/p>\n<p>&nbsp;<\/p>\n<p>Materia: <em><strong>C\u00f3mputo Distribuido<br \/>\n<\/strong><\/em><\/p>\n<p>Clave: <em><strong>17697<\/strong><\/em><\/p>\n<p>Carrera: <em><strong>Ingenier\u00eda en Sistemas Computacionales<\/strong><\/em><\/p>\n<p style=\"text-align: center\">Semestre: <em><strong>8<\/strong><strong>o<\/strong><\/em><\/p>\n<p style=\"text-align: center\">Grupo: <em><strong>A<br \/>\n<\/strong><\/em><\/p>\n<p>&nbsp;<\/p>\n<p style=\"text-align: center\"><a href=\"https:\/\/docentes.uaa.mx\/guido\/?ddownload=232400\" title=\"Programa de la materia\" rel=\"nofollow\" class=\"ddownload-button button-blue id-232400 ext-pdf\">Programa de la materia<\/a><\/p>\n<p style=\"text-align: center\"><a href=\"http:\/\/ccbas.uaa.mx\/moodle\/course\/view.php?id=5\">Soporte para el Curso a trav\u00e9s de Moodle<\/a><\/p>\n<hr \/>\n<h1 style=\"text-align: center\"><span style=\"color: #800000\"><em>Noticias:<\/em><\/span><\/h1>\n<ul>\n<li><a href=\"http:\/\/docentes.uaa.mx\/guido\/materias\/buzon-para-tareas\" target=\"_blank\" rel=\"noopener noreferrer\">Buz\u00f3n de Entrega de Tareas \/ Presentaciones \/ Investigaciones <\/a><\/li>\n<li><a href=\"https:\/\/docentes.uaa.mx\/guido\/?ddownload=115306\" title=\"Formato para el Registro de Equipos (Descargar, Llenar y Entregar)\" rel=\"nofollow\" class=\"ddownload-button button-blue id-115306 ext-pdf\">Formato para el Registro de Equipos (Descargar, Llenar y Entregar)<\/a><\/li>\n<li><a href=\"https:\/\/docentes.uaa.mx\/guido\/?ddownload=236132\" title=\"Libro Base de Conceptos y Teor\u00eda\" rel=\"nofollow\" class=\"ddownload-button button-blue id-236132 ext-pdf\">Libro Base de Conceptos y Teor\u00eda<\/a><\/li>\n<\/ul>\n<hr \/>\n<h1 style=\"text-align: center\"><span style=\"color: #000080\"><em> C\u00f3mputo Distribuido<\/em><\/span><\/h1>\n<div class='stb-container stb-style-info stb-caption-box stb-no-caption stb-collapsed'><div class='stb-caption'><div class='stb-logo'><img class='stb-logo__image' src='' alt='img'\/><\/div><div class='stb-caption-content'>Unidad I: Introducci\u00f3n al C\u00f3mputo Distribuido<\/div><div class='stb-tool'><\/div><\/div><div class='stb-content'>\n<ul>\n<li><a href=\"https:\/\/www.tamps.cinvestav.mx\/~vjsosa\/clases\/sd\/Sockets_C_Java_ppt.pdf\">Programaci\u00f3n con Sockets<\/a><\/li>\n<li><a href=\"http:\/\/www.it.uc3m.es\/celeste\/docencia\/cr\/2003\/PracticaSocketsUDP\/\">Trabajando con Sockets UDP<\/a><\/li>\n<li><a href=\"https:\/\/parzibyte.me\/blog\/2018\/02\/09\/sockets-java-chat-cliente-servidor\/\">Chat Java Sockets por TCP<\/a><\/li>\n<li><a href=\"https:\/\/github.com\/NiteKnightVR\/UDP-chat\">Chat Java Sockets por UDP<\/a><\/li>\n<li><a href=\"https:\/\/poliformat.upv.es\/access\/content\/group\/OCW_5294_2008\/MIW\/465671\/467799\/U0255337.htm\">Pr\u00e1ctica de Chat por Sockets<\/a><\/li>\n<li><a href=\"http:\/\/ocw.uc3m.es\/ingenieria-informatica\/sistemas-distribuidos-2013\/Tema6_llamadasaprocedimientosremotos.pdf\">Entendiendo RPCs y RMIs<\/a><\/li>\n<li><a href=\"http:\/\/grasia.fdi.ucm.es\/jpavon\/docencia\/dso\/rpc.pdf\">Programaci\u00f3n con RPCs y RMIs<\/a><\/li>\n<li><a href=\"http:\/\/www.ejbtutorial.com\/java-rmi\/a-step-by-step-implementation-tutorial-for-java-rmi\">Tutorial Java RMI<\/a><\/li>\n<li><a href=\"http:\/\/www.ejbtutorial.com\/java-rmi\/java-rmi-example-simple-chat-program-between-server-and-client\">Chat Punto a Punto usando Java RMI<\/a><\/li>\n<li><a href=\"http:\/\/www.ejbtutorial.com\/java-rmi\/group-chat-example-using-java-rmi-with-a-graphical-user-interface\">Chat Multipunto usando Java RMI<\/a><\/li>\n<li><a href=\"https:\/\/github.com\/daraghwalshe\/Java-RMI-Chat\">Proyecto Completo Chat Java RMI<\/a><\/li>\n<li><a href=\"https:\/\/docentes.uaa.mx\/guido\/materias\/isc-8o-computo-distribuido\/chat-java-rmi\/\">C\u00f3digos funcionales Chat Java RMI de Guido<\/a><\/li>\n<\/ul>\n<p><\/div><\/div><br \/>\n<div class='stb-container stb-style-info stb-caption-box stb-no-caption stb-collapsed'><div class='stb-caption'><div class='stb-logo'><img class='stb-logo__image' src='' alt='img'\/><\/div><div class='stb-caption-content'>Unidad II: Comunicaci\u00f3n Indirecta<\/div><div class='stb-tool'><\/div><\/div><div class='stb-content'><\/p>\n<ul>\n<li><a href=\"https:\/\/medium.com\/@edusalguero\/sistemas-distribuidos-caracterizacion-modelado-comunicacion-tiempo-2c1f85f4e67a\">Bases de Sistemas Distribuidos<\/a><\/li>\n<li><a href=\"http:\/\/climate.cs.buap.mx\/condejc\/cursos\/Material\/Distribuido_\/Notas\/01_Introduccion.pdf\">Introducci\u00f3n al C\u00f3mputo Paralelo<\/a><\/li>\n<li><a href=\"https:\/\/www.codifica.me\/modelos-de-comunicacion-indirecta-sistemas-distribuidos\/\">Modelos de Comunicaci\u00f3n Indirecta<\/a><\/li>\n<li><a href=\"http:\/\/exa.unne.edu.ar\/informatica\/SO\/SO8.htm#CeG\">Comunicaci\u00f3n en Grupos<\/a><\/li>\n<li><a href=\"https:\/\/es.calameo.com\/read\/0047193109d3976f88cef\">Panorama de la Comunicaci\u00f3n en Sistemas Distribuidos<\/a><\/li>\n<li><a href=\"https:\/\/www.google.com\/url?sa=t&amp;rct=j&amp;q=&amp;esrc=s&amp;source=web&amp;cd=1&amp;cad=rja&amp;uact=8&amp;ved=2ahUKEwjVxIji_pDhAhUHVd8KHQB9DSAQFjAAegQIBBAC&amp;url=https%3A%2F%2Fwww.ics.uci.edu%2F~cs237%2Flectures%2Fold%2FDistributed_pubsub_presentation.ppt&amp;usg=AOvVaw2Z3jiAhGsLTeWWuN8E92k_\">Modelo de Publicaci\u00f3n \/ Subscripci\u00f3n<\/a><\/li>\n<li><a href=\"https:\/\/www.ibm.com\/support\/knowledgecenter\/en\/SSFKSJ_9.1.0\/com.ibm.mq.pro.doc\/q005120_.htm\">IBM &#8211; Publicaci\u00f3n \/ Suscripci\u00f3n<\/a><\/li>\n<li><a href=\"https:\/\/aws.amazon.com\/es\/message-queue\/\">Colas de Mensajes<\/a><\/li>\n<li><a href=\"https:\/\/sophia.javeriana.edu.co\/~mcuriel\/Memoria%20Compartida%20Distribuida.pdf\">Memoria Compartida<\/a>\n<ul>\n<li>Desacoplamiento de Espacio<\/li>\n<li>Desacoplamiento de Tiempo<\/li>\n<\/ul>\n<\/li>\n<\/ul>\n<p><\/div><\/div><br \/>\n<div class='stb-container stb-style-info stb-caption-box stb-no-caption stb-collapsed'><div class='stb-caption'><div class='stb-logo'><img class='stb-logo__image' src='' alt='img'\/><\/div><div class='stb-caption-content'>Unidad III: Objetos y Componentes Distribuidos <\/div><div class='stb-tool'><\/div><\/div><div class='stb-content'><\/p>\n<ul>\n<li><a href=\"https:\/\/www.youtube.com\/watch?v=W52xct78-4w\">Video de presentaci\u00f3n de Objetos y Componentes Distribuidos<\/a><\/li>\n<li><a href=\"http:\/\/docentes.uaa.mx\/guido\/wp-content\/uploads\/sites\/2\/2019\/04\/Objetos_y_Componentes_Distribuidos.pdf\">Objetos_y_Componentes_Distribuidos<\/a><\/li>\n<li><a href=\"https:\/\/iaclaudia.wordpress.com\/2012\/06\/16\/unidad-4-la-tecnologia-de-objetos-distribuidos\/\">Tecnolog\u00eda de Objetos Distribuidos<\/a><\/li>\n<li><a href=\"http:\/\/docentes.uaa.mx\/guido\/wp-content\/uploads\/sites\/2\/2019\/04\/Objetos-Distribuidos.pdf\">Objetos-Distribuidos<\/a><\/li>\n<li><a href=\"https:\/\/es.slideshare.net\/dagomarroquin\/arquitectura-corba?next_slideshow=1\">Arquitectura de Corba<\/a><\/li>\n<li><a href=\"http:\/\/www.ejbtutorial.com\/corba\/interface-definition-language-idl-hello-world-tutorial-with-java-and-c\">Interacci\u00f3n Java y C++ para Hello World usando Corba<\/a><\/li>\n<\/ul>\n<p><\/div><\/div><br \/>\n<div class='stb-container stb-style-info stb-caption-box stb-no-caption stb-collapsed'><div class='stb-caption'><div class='stb-logo'><img class='stb-logo__image' src='' alt='img'\/><\/div><div class='stb-caption-content'>Unidad IV: Servicios Web<\/div><div class='stb-tool'><\/div><\/div><div class='stb-content'><\/p>\n<ul>\n<li><a href=\"http:\/\/bsolano.com\/ecci.old\/ci-2413\/presentaciones\/servicios_web.ppt\">Presentaci\u00f3n de Servicios Web<\/a><\/li>\n<li><a href=\"https:\/\/www.google.com\/url?sa=t&amp;rct=j&amp;q=&amp;esrc=s&amp;source=web&amp;cd=8&amp;cad=rja&amp;uact=8&amp;ved=2ahUKEwi12MaQwZfiAhVNOq0KHQZICDQQFjAHegQICBAC&amp;url=https%3A%2F%2Fingenieria.udistrital.edu.co%2Fmod%2Fresource%2Fview.php%3Fid%3D18386%26redirect%3D1&amp;usg=AOvVaw3ngqPiNEDjRvJs2UYwHi4u\">Servicios Web<\/a>, junto con una <a href=\"https:\/\/www.ecured.cu\/Servicios_Web\">Explicaci\u00f3n<\/a><\/li>\n<li>Protocolo Simple de Acceso a Objetos (SOAP)<\/li>\n<li><a href=\"http:\/\/www.jtech.ua.es\/j2ee\/publico\/servc-web-2012-13\/sesion01-apuntes.html\">SOAP, invocaci\u00f3n de Servicios<\/a><\/li>\n<li><a href=\"http:\/\/desarrolloconsoa.blogspot.com\/2014\/02\/conceptos-basicos-de-servicios-web-soap.html\">Conceptos B\u00e1sicos<\/a><\/li>\n<li><a href=\"https:\/\/www.ibm.com\/developerworks\/ssa\/webservices\/tutorials\/ws-understand-web-services1\/index.html\">Comprender las Especificaciones SOAP<\/a><\/li>\n<li><a href=\"http:\/\/www.jtech.ua.es\/j2ee\/publico\/servc-web-2012-13\/sesion02-apuntes.html\">Creaci\u00f3n de Servicios Web SOAP<\/a>, junto con un <a href=\"https:\/\/poliformat.upv.es\/access\/content\/group\/OCW_6069_2008\/T4.-%20Integraci%C3%B3n%20de%20aplicaciones%20en%20la%20web\/Teor%C3%ADa\/soap.pdf\">documento explicativo<\/a><\/li>\n<li><a href=\"https:\/\/www.oscarblancarteblog.com\/2017\/03\/06\/soap-vs-rest-2\/\">SOAP vs REST<\/a><\/li>\n<li><a href=\"http:\/\/www.cc.uah.es\/jagm\/docencia\/AntonioOrtiz\/Presentacion.ppt\">Servicios Web bajo J2EE<\/a><\/li>\n<\/ul>\n<p><\/div><\/div><br \/>\n<div class='stb-container stb-style-info stb-caption-box stb-no-caption stb-collapsed'><div class='stb-caption'><div class='stb-logo'><img class='stb-logo__image' src='' alt='img'\/><\/div><div class='stb-caption-content'>Unidad V: C\u00f3mputo M\u00f3vil y Ubicuo <\/div><div class='stb-tool'><\/div><\/div><div class='stb-content'><\/p>\n<ul>\n<li><a href=\"https:\/\/prezi.com\/zbw1oy8w8bnk\/computacion-movil-y-ubicua-introduccion\/\">Introducci\u00f3n a la Computaci\u00f3n M\u00f3vil y Ubicua<\/a><\/li>\n<li><a href=\"https:\/\/es.slideshare.net\/briangamarra\/computacion-movil-y-ubicua-41951544\">Presentaci\u00f3n de la Computaci\u00f3n M\u00f3vil y Ubicua<\/a><\/li>\n<\/ul>\n<p><\/div><\/div><\/p>\n<p><span style=\"color: #800000\"><em><strong>Gu\u00edas para Ex\u00e1menes:<\/strong><\/em><\/span><\/p>\n<ul>\n<li>Gu\u00eda para el 1er parcial<\/li>\n<li><a href=\"https:\/\/docentes.uaa.mx\/guido\/?ddownload=256487\" title=\"2o Examen Parcial 8o A, para llevar\" rel=\"nofollow\" class=\"ddownload-button button-blue id-256487 ext-pdf\">2o Examen Parcial 8o A, para llevar<\/a><\/li>\n<li>Gu\u00eda para el examen final (en Proceso)<\/li>\n<\/ul>\n<p><span style=\"color: #800000\">Proyecto Final:<\/span><\/p>\n<ul>\n<li><a href=\"https:\/\/docentes.uaa.mx\/guido\/?ddownload=256488\" title=\"Proyecto Final para la materia de C\u00f3mputo Distribuido\" rel=\"nofollow\" class=\"ddownload-button button-blue id-256488 ext-pdf\">Proyecto Final para la materia de C\u00f3mputo Distribuido<\/a><\/li>\n<\/ul>\n<div class=\"itanywhere-activator\" title=\"Google Translator Anywhere\">&nbsp;<\/div>\n","protected":false},"excerpt":{"rendered":"<p>&nbsp; &nbsp; Materia: C\u00f3mputo Distribuido Clave: 17697 Carrera: Ingenier\u00eda en Sistemas Computacionales Semestre: 8o Grupo: A &nbsp; Soporte para el Curso a trav\u00e9s de Moodle Noticias: Buz\u00f3n de Entrega de Tareas \/ Presentaciones \/ Investigaciones C\u00f3mputo Distribuido Gu\u00edas para Ex\u00e1menes: Gu\u00eda para el 1er parcial Gu\u00eda para el examen final (en Proceso) Proyecto Final: &nbsp;<\/p>\n","protected":false},"author":2,"featured_media":0,"parent":28,"menu_order":0,"comment_status":"closed","ping_status":"closed","template":"","meta":{"ngg_post_thumbnail":0,"footnotes":""},"class_list":["post-232108","page","type-page","status-publish","hentry"],"_links":{"self":[{"href":"https:\/\/docentes.uaa.mx\/guido\/wp-json\/wp\/v2\/pages\/232108"}],"collection":[{"href":"https:\/\/docentes.uaa.mx\/guido\/wp-json\/wp\/v2\/pages"}],"about":[{"href":"https:\/\/docentes.uaa.mx\/guido\/wp-json\/wp\/v2\/types\/page"}],"author":[{"embeddable":true,"href":"https:\/\/docentes.uaa.mx\/guido\/wp-json\/wp\/v2\/users\/2"}],"replies":[{"embeddable":true,"href":"https:\/\/docentes.uaa.mx\/guido\/wp-json\/wp\/v2\/comments?post=232108"}],"version-history":[{"count":55,"href":"https:\/\/docentes.uaa.mx\/guido\/wp-json\/wp\/v2\/pages\/232108\/revisions"}],"predecessor-version":[{"id":265417,"href":"https:\/\/docentes.uaa.mx\/guido\/wp-json\/wp\/v2\/pages\/232108\/revisions\/265417"}],"up":[{"embeddable":true,"href":"https:\/\/docentes.uaa.mx\/guido\/wp-json\/wp\/v2\/pages\/28"}],"wp:attachment":[{"href":"https:\/\/docentes.uaa.mx\/guido\/wp-json\/wp\/v2\/media?parent=232108"}],"curies":[{"name":"wp","href":"https:\/\/api.w.org\/{rel}","templated":true}]}}