{"id":287100,"date":"2020-08-24T06:16:37","date_gmt":"2020-08-24T11:16:37","guid":{"rendered":"http:\/\/docentes.uaa.mx\/guido\/?page_id=287100"},"modified":"2021-09-08T18:41:25","modified_gmt":"2021-09-08T23:41:25","slug":"isc-3-sistemas-operativos","status":"publish","type":"page","link":"https:\/\/docentes.uaa.mx\/guido\/materias\/isc-3-sistemas-operativos\/","title":{"rendered":"ISC 3 &#8211; Sistemas Operativos"},"content":{"rendered":"<p>Materia: <em><strong>Sistemas Operativos , &nbsp;<\/strong><\/em>Clave:&nbsp;<em><strong>24939<\/strong><\/em><\/p>\n<p>Carrera: <em><strong>Ingenier\u00eda en Sistemas Computacionales<br \/>\n<\/strong><\/em><\/p>\n<p>Semestre: <em><strong>3<\/strong><\/em><strong>o<\/strong><em><strong> &#8211; <\/strong><\/em>Grupo:<em><strong> B<\/strong><strong><br \/>\n<\/strong><\/em><\/p>\n<p>Periodo: <em><strong>Agosto a Diciembre del 2021<\/strong><\/em><\/p>\n<a href=\"https:\/\/docentes.uaa.mx\/guido\/?ddownload=212\" title=\"Programa de la materia\" rel=\"nofollow\" class=\"ddownload-button button-blue id-212 ext-pdf\">Programa de la materia<\/a>\n<p><a href=\"http:\/\/moodle.ccbas.uaa.mx\/course\/view.php?id=5\">Soporte para el Curso a trav\u00e9s de Moodle<\/a><\/p>\n<hr \/>\n<h1><em>Noticias:<\/em><\/h1>\n<ul>\n<li><a href=\"http:\/\/docentes.uaa.mx\/guido\/materias\/buzon-para-tareas\" target=\"_blank\" rel=\"noopener noreferrer\">Buz\u00f3n de Entrega de Tareas<\/a><\/li>\n<\/ul>\n<hr \/>\n<h1><em>Sistemas Operativos<br \/>\n<\/em><\/h1>\n<div class='stb-container stb-style-info stb-caption-box stb-no-caption stb-collapsed'><div class='stb-caption'><div class='stb-logo'><img class='stb-logo__image' src='' alt='img'\/><\/div><div class='stb-caption-content'>Unidad I: Antecedentes<\/div><div class='stb-tool'><\/div><\/div><div class='stb-content'><\/p>\n<ul>\n<li>Hardware de Base<\/li>\n<li>Computaci\u00f3n, Computabilidad y <a href=\"http:\/\/www.conozcasuhardware.com\/quees\/placab1.htm\">Sistema M\u00ednimo Computacional<\/a><\/li>\n<li>Software de Base<\/li>\n<li>&lt;a href=&quot;http:\/\/\n \t<\/li>\n<li>Software de Base<\/li>\n<p>&#8221; target=&#8221;_blank&#8221; rel=&#8221;noopener&#8221;&gt;Evoluci\u00f3n de los Sistemas Operativos<\/p>\n<li>Desarrollos Recientes<\/li>\n<\/ul>\n<p><\/div><\/div>\n<div class='stb-container stb-style-info stb-caption-box stb-no-caption stb-collapsed'><div class='stb-caption'><div class='stb-logo'><img class='stb-logo__image' src='' alt='img'\/><\/div><div class='stb-caption-content'>Unidad II: Procesos<\/div><div class='stb-tool'><\/div><\/div><div class='stb-content'><\/p>\n<ul>\n<li>Por definir<\/li>\n<\/ul>\n<p><\/div><\/div>\n<div class='stb-container stb-style-info stb-caption-box stb-no-caption stb-collapsed'><div class='stb-caption'><div class='stb-logo'><img class='stb-logo__image' src='' alt='img'\/><\/div><div class='stb-caption-content'>Unidad III: Memoria<\/div><div class='stb-tool'><\/div><\/div><div class='stb-content'><\/p>\n<ul>\n<li><a href=\"http:\/\/sistop.gwolf.org\/html\/04_administracion_de_memoria.html\" target=\"_blank\" rel=\"noopener noreferrer\">Administraci\u00f3n de la Memoria &#8211; gu\u00eda<\/a><\/li>\n<li><a href=\"http:\/\/www3.uji.es\/~redondo\/so\/capitulo4_IS11.pdf\" target=\"_blank\" rel=\"noopener noreferrer\">Documento de Administraci\u00f3n de la Memoria<\/a><\/li>\n<\/ul>\n<p><\/div><\/div>\n<div class='stb-container stb-style-info stb-caption-box stb-no-caption stb-collapsed'><div class='stb-caption'><div class='stb-logo'><img class='stb-logo__image' src='' alt='img'\/><\/div><div class='stb-caption-content'>Unidad IV: Planificaci\u00f3n<\/div><div class='stb-tool'><\/div><\/div><div class='stb-content'><\/p>\n<ul>\n<li><a href=\"http:\/\/sistop.gwolf.org\/html\/03_planificacion_de_procesos.html\" target=\"_blank\" rel=\"noopener noreferrer\">Planificaci\u00f3n de Procesos &#8211; gu\u00eda<\/a><\/li>\n<li><a href=\"http:\/\/www.sc.ehu.es\/acwlaroa\/SO2\/Apuntes\/Cap3.pdf\" target=\"_blank\" rel=\"noopener noreferrer\">Documento de Planificaci\u00f3n de Procesos y Procesadores<\/a><\/li>\n<\/ul>\n<p><\/div><\/div>\n<div class='stb-container stb-style-info stb-caption-box stb-no-caption stb-collapsed'><div class='stb-caption'><div class='stb-logo'><img class='stb-logo__image' src='' alt='img'\/><\/div><div class='stb-caption-content'>Unidad V: Entrada y Salida de Archivos<\/div><div class='stb-tool'><\/div><\/div><div class='stb-content'><\/p>\n<ul>\n<li>Por definir<\/li>\n<\/ul>\n<p><\/div><\/div>\n<p><em><strong>Gu\u00edas para Ex\u00e1menes:<\/strong><\/em><\/p>\n<ul>\n<li><a href=\"https:\/\/docentes.uaa.mx\/guido\/?ddownload=839\" title=\"Gu\u00eda para el 1er examen parcial\" rel=\"nofollow\" class=\"ddownload-button button-blue id-839 ext-pdf\">Gu\u00eda para el 1er examen parcial<\/a><\/li>\n<li>Gu\u00eda para el 2o examen parcial<\/li>\n<li><a href=\"https:\/\/docentes.uaa.mx\/guido\/?ddownload=854\" title=\"Examen Final para llevar\" rel=\"nofollow\" class=\"ddownload-button button-blue id-854 ext-pdf\">Examen Final para llevar<\/a><\/li>\n<\/ul>\n<p>Proyecto Final:<\/p>\n<ul>\n<li>Por definir<\/li>\n<\/ul>\n","protected":false},"excerpt":{"rendered":"<p>Materia: Sistemas Operativos , &nbsp;Clave:&nbsp;24939 Carrera: Ingenier\u00eda en Sistemas Computacionales Semestre: 3o &#8211; Grupo: B Periodo: Agosto a Diciembre del 2021 Soporte para el Curso a trav\u00e9s de Moodle Noticias: Buz\u00f3n de Entrega de Tareas Sistemas Operativos Gu\u00edas para Ex\u00e1menes: Gu\u00eda para el 2o examen parcial Proyecto Final: Por definir<\/p>\n","protected":false},"author":1,"featured_media":0,"parent":28,"menu_order":0,"comment_status":"closed","ping_status":"closed","template":"","meta":{"ngg_post_thumbnail":0,"footnotes":""},"class_list":["post-287100","page","type-page","status-publish","hentry"],"_links":{"self":[{"href":"https:\/\/docentes.uaa.mx\/guido\/wp-json\/wp\/v2\/pages\/287100"}],"collection":[{"href":"https:\/\/docentes.uaa.mx\/guido\/wp-json\/wp\/v2\/pages"}],"about":[{"href":"https:\/\/docentes.uaa.mx\/guido\/wp-json\/wp\/v2\/types\/page"}],"author":[{"embeddable":true,"href":"https:\/\/docentes.uaa.mx\/guido\/wp-json\/wp\/v2\/users\/1"}],"replies":[{"embeddable":true,"href":"https:\/\/docentes.uaa.mx\/guido\/wp-json\/wp\/v2\/comments?post=287100"}],"version-history":[{"count":6,"href":"https:\/\/docentes.uaa.mx\/guido\/wp-json\/wp\/v2\/pages\/287100\/revisions"}],"predecessor-version":[{"id":287398,"href":"https:\/\/docentes.uaa.mx\/guido\/wp-json\/wp\/v2\/pages\/287100\/revisions\/287398"}],"up":[{"embeddable":true,"href":"https:\/\/docentes.uaa.mx\/guido\/wp-json\/wp\/v2\/pages\/28"}],"wp:attachment":[{"href":"https:\/\/docentes.uaa.mx\/guido\/wp-json\/wp\/v2\/media?parent=287100"}],"curies":[{"name":"wp","href":"https:\/\/api.w.org\/{rel}","templated":true}]}}