{"id":287212,"date":"2021-01-14T18:07:18","date_gmt":"2021-01-15T00:07:18","guid":{"rendered":"https:\/\/docentes.uaa.mx\/guido\/?page_id=287212"},"modified":"2024-03-13T01:37:32","modified_gmt":"2024-03-13T01:37:32","slug":"bienvenidos","status":"publish","type":"page","link":"https:\/\/docentes.uaa.mx\/guido\/","title":{"rendered":"Bienvenidos"},"content":{"rendered":"<div id=\"pl-287212\"  class=\"panel-layout\" ><div id=\"pg-287212-0\"  class=\"panel-grid panel-no-style\" ><div id=\"pgc-287212-0-0\"  class=\"panel-grid-cell\" ><div id=\"panel-287212-0-0-0\" class=\"so-panel widget widget_sow-slider panel-first-child panel-last-child\" data-index=\"0\" ><div\n\t\t\t\n\t\t\tclass=\"so-widget-sow-slider so-widget-sow-slider-default-6d39609536fd-287212\"\n\t\t\t\n\t\t>\t\t\t\t<div class=\"sow-slider-base\" style=\"display: none\" tabindex=\"0\">\n\t\t\t\t\t<ul\n\t\t\t\t\tclass=\"sow-slider-images\"\n\t\t\t\t\tdata-settings=\"{&quot;pagination&quot;:true,&quot;speed&quot;:800,&quot;timeout&quot;:8000,&quot;paused&quot;:false,&quot;pause_on_hover&quot;:false,&quot;swipe&quot;:true,&quot;nav_always_show_desktop&quot;:&quot;&quot;,&quot;nav_always_show_mobile&quot;:true,&quot;breakpoint&quot;:&quot;780px&quot;,&quot;unmute&quot;:false,&quot;anchor&quot;:null}\"\n\t\t\t\t\t\t\t\t\t\tdata-anchor-id=\"\"\n\t\t\t\t>\t\t<li class=\"sow-slider-image\" style=\"visibility: visible;\" >\n\t\t\t\t\t\t<div class=\"sow-slider-image-container\">\n\t\t\t\t<div class=\"sow-slider-image-wrapper\" style=\"max-width: 1364px\">\n\t\t\t\t\t\t\t\t\t\t<div class=\"sow-slider-image-foreground-wrapper\">\n\t\t\t\t\t\t<img loading=\"lazy\" decoding=\"async\" width=\"1364\" height=\"149\" src=\"https:\/\/docentes.uaa.mx\/guido\/wp-content\/uploads\/sites\/2\/2014\/08\/cropped-dorado.jpg\" class=\"sow-slider-foreground-image\" alt=\"\" style=\"\" srcset=\"https:\/\/docentes.uaa.mx\/guido\/wp-content\/uploads\/sites\/2\/2014\/08\/cropped-dorado.jpg 1364w, https:\/\/docentes.uaa.mx\/guido\/wp-content\/uploads\/sites\/2\/2014\/08\/cropped-dorado-300x32.jpg 300w, https:\/\/docentes.uaa.mx\/guido\/wp-content\/uploads\/sites\/2\/2014\/08\/cropped-dorado-1024x111.jpg 1024w\" sizes=\"(max-width: 1364px) 100vw, 1364px\" \/>\t\t\t\t\t<\/div>\n\t\t\t\t\t\t\t\t\t<\/div>\n\t\t\t<\/div>\n\t\t\t\t\t<\/li>\n\t\t\t\t<li class=\"sow-slider-image\" style=\"visibility: hidden;\" >\n\t\t\t\t\t\t<div class=\"sow-slider-image-container\">\n\t\t\t\t<div class=\"sow-slider-image-wrapper\" style=\"max-width: 1599px\">\n\t\t\t\t\t\t\t\t\t\t<div class=\"sow-slider-image-foreground-wrapper\">\n\t\t\t\t\t\t<img loading=\"lazy\" decoding=\"async\" width=\"1599\" height=\"162\" src=\"https:\/\/docentes.uaa.mx\/guido\/wp-content\/uploads\/sites\/2\/2014\/08\/cropped-pensador.jpg\" class=\"sow-slider-foreground-image\" alt=\"\" style=\"\" srcset=\"https:\/\/docentes.uaa.mx\/guido\/wp-content\/uploads\/sites\/2\/2014\/08\/cropped-pensador.jpg 1599w, https:\/\/docentes.uaa.mx\/guido\/wp-content\/uploads\/sites\/2\/2014\/08\/cropped-pensador-300x30.jpg 300w, https:\/\/docentes.uaa.mx\/guido\/wp-content\/uploads\/sites\/2\/2014\/08\/cropped-pensador-1024x103.jpg 1024w\" sizes=\"(max-width: 1599px) 100vw, 1599px\" \/>\t\t\t\t\t<\/div>\n\t\t\t\t\t\t\t\t\t<\/div>\n\t\t\t<\/div>\n\t\t\t\t\t<\/li>\n\t\t\t\t<li class=\"sow-slider-image\" style=\"visibility: hidden;\" >\n\t\t\t\t\t\t<div class=\"sow-slider-image-container\">\n\t\t\t\t<div class=\"sow-slider-image-wrapper\" style=\"max-width: 1920px\">\n\t\t\t\t\t\t\t\t\t\t<div class=\"sow-slider-image-foreground-wrapper\">\n\t\t\t\t\t\t<img loading=\"lazy\" decoding=\"async\" width=\"1920\" height=\"191\" src=\"https:\/\/docentes.uaa.mx\/guido\/wp-content\/uploads\/sites\/2\/2014\/08\/cropped-cluster.jpg\" class=\"sow-slider-foreground-image\" alt=\"\" style=\"\" srcset=\"https:\/\/docentes.uaa.mx\/guido\/wp-content\/uploads\/sites\/2\/2014\/08\/cropped-cluster.jpg 1920w, https:\/\/docentes.uaa.mx\/guido\/wp-content\/uploads\/sites\/2\/2014\/08\/cropped-cluster-300x29.jpg 300w, https:\/\/docentes.uaa.mx\/guido\/wp-content\/uploads\/sites\/2\/2014\/08\/cropped-cluster-1024x101.jpg 1024w\" sizes=\"(max-width: 1920px) 100vw, 1920px\" \/>\t\t\t\t\t<\/div>\n\t\t\t\t\t\t\t\t\t<\/div>\n\t\t\t<\/div>\n\t\t\t\t\t<\/li>\n\t\t<\/ul>\t\t\t\t<ol class=\"sow-slider-pagination\">\n\t\t\t\t\t\t\t\t\t\t\t<li><a href=\"#\" data-goto=\"0\" aria-label=\"mostrar diapositiva 1\"><\/a><\/li>\n\t\t\t\t\t\t\t\t\t\t\t<li><a href=\"#\" data-goto=\"1\" aria-label=\"mostrar diapositiva 2\"><\/a><\/li>\n\t\t\t\t\t\t\t\t\t\t\t<li><a href=\"#\" data-goto=\"2\" aria-label=\"mostrar diapositiva 3\"><\/a><\/li>\n\t\t\t\t\t\t\t\t\t<\/ol>\n\n\t\t\t\t<div class=\"sow-slide-nav sow-slide-nav-next\">\n\t\t\t\t\t<a href=\"#\" data-goto=\"next\" aria-label=\"diapositiva siguiente\" data-action=\"next\">\n\t\t\t\t\t\t<em class=\"sow-sld-icon-thin-right\"><\/em>\n\t\t\t\t\t<\/a>\n\t\t\t\t<\/div>\n\n\t\t\t\t<div class=\"sow-slide-nav sow-slide-nav-prev\">\n\t\t\t\t\t<a href=\"#\" data-goto=\"previous\" aria-label=\"diapositiva anterior\" data-action=\"prev\">\n\t\t\t\t\t\t<em class=\"sow-sld-icon-thin-left\"><\/em>\n\t\t\t\t\t<\/a>\n\t\t\t\t<\/div>\n\t\t\t\t<\/div><\/div><\/div><\/div><\/div><div id=\"pg-287212-1\"  class=\"panel-grid panel-no-style\" ><div id=\"pgc-287212-1-0\"  class=\"panel-grid-cell\" ><div id=\"panel-287212-1-0-0\" class=\"so-panel widget widget_sow-editor panel-first-child panel-last-child\" data-index=\"1\" ><div\n\t\t\t\n\t\t\tclass=\"so-widget-sow-editor so-widget-sow-editor-base\"\n\t\t\t\n\t\t><h3 class=\"widget-title\">Presentaci\u00f3n<\/h3>\n<div class=\"siteorigin-widget-tinymce textwidget\">\n\t<p><a href=\"https:\/\/docentes.uaa.mx\/guido\/wp-content\/uploads\/sites\/2\/2021\/01\/cropped-Guillermo-Dominguez-Aguilar.jpg\"><img loading=\"lazy\" decoding=\"async\" class=\"alignleft wp-image-287147 size-thumbnail\" src=\"https:\/\/docentes.uaa.mx\/guido\/wp-content\/uploads\/sites\/2\/2021\/01\/cropped-Guillermo-Dominguez-Aguilar-150x150.jpg\" alt=\"Guido\" width=\"150\" height=\"150\" srcset=\"https:\/\/docentes.uaa.mx\/guido\/wp-content\/uploads\/sites\/2\/2021\/01\/cropped-Guillermo-Dominguez-Aguilar-150x150.jpg 150w, https:\/\/docentes.uaa.mx\/guido\/wp-content\/uploads\/sites\/2\/2021\/01\/cropped-Guillermo-Dominguez-Aguilar-300x297.jpg 300w, https:\/\/docentes.uaa.mx\/guido\/wp-content\/uploads\/sites\/2\/2021\/01\/cropped-Guillermo-Dominguez-Aguilar-340x340.jpg 340w, https:\/\/docentes.uaa.mx\/guido\/wp-content\/uploads\/sites\/2\/2021\/01\/cropped-Guillermo-Dominguez-Aguilar-60x60.jpg 60w\" sizes=\"(max-width: 150px) 100vw, 150px\" \/><\/a>Este espacio de publicaci\u00f3n personal es la referencia oficial al trabajo acad\u00e9mico y de investigaci\u00f3n del MSc. CIN Guillermo Dom\u00ednguez Aguilar, miembro del Departamento de Sistemas Electr\u00f3nicos y mejor conocido simplemente como Guido. Es tambi\u00e9n un prototipo o modelo (pero hablando del espacio y no del acad\u00e9mico) el cual muestra las capacidades del sistema de publicaci\u00f3n acad\u00e9mica que se esta elaborando y soportando por el Grupo de Nuevas Tecnolog\u00edas Educativas dentro del proyecto de Internet 2 en la UAA.<\/p>\n<p>Si\u00e9ntase libre de navegar, preguntar, comentar o simplemente de ser informado del trabajo acad\u00e9mico que aqu\u00ed se publica.<\/p>\n<p>&nbsp;<\/p>\n<table style=\"border-collapse: collapse; width: 100%;\">\n<tbody>\n<tr>\n<td style=\"width: 50%;\"><strong>Facebok:<\/strong><\/p>\n<p>https:\/\/www.facebook.com\/guidored<br \/>\nhttps:\/\/www.facebook.com\/guido.consejero\/<\/p>\n<\/td>\n<td style=\"width: 50%;\"><strong>Emails:<\/strong><\/p>\n<p>guidored@gmail.com<br \/>\nguido@correo.uaa.mx<br \/>\nguillermo.dominguez@edu.uaa.mx<\/p>\n<\/td>\n<\/tr>\n<\/tbody>\n<\/table>\n<p>&nbsp;<\/p>\n<p>Carga de Trabajo<\/p>\n\n<table id=\"tablepress-3\" class=\"tablepress tablepress-id-3\">\n<thead>\n<tr class=\"row-1 odd\">\n\t<th class=\"column-1\">Horario<\/th><th class=\"column-2\">Lunes<\/th><th class=\"column-3\">Martes<\/th><th class=\"column-4\">Miercoles<\/th><th class=\"column-5\">Jueves<\/th><th class=\"column-6\">Viernes<\/th>\n<\/tr>\n<\/thead>\n<tbody class=\"row-hover\">\n<tr class=\"row-2 even\">\n\t<td class=\"column-1\">08:00<\/td><td class=\"column-2\">ISC5A - Redes 1<\/td><td class=\"column-3\">ISC5A - Redes 1<\/td><td class=\"column-4\">ISC5A - Redes 1<\/td><td class=\"column-5\">ISC5A - Redes 1<\/td><td class=\"column-6\">ISC5A - Redes 1<\/td>\n<\/tr>\n<tr class=\"row-3 odd\">\n\t<td class=\"column-1\">09:00<\/td><td class=\"column-2\"><\/td><td class=\"column-3\"><\/td><td class=\"column-4\"><\/td><td class=\"column-5\"><\/td><td class=\"column-6\"><\/td>\n<\/tr>\n<tr class=\"row-4 even\">\n\t<td class=\"column-1\">10:00<\/td><td class=\"column-2\">Introducci\u00f3n a la Ingenier\u00eda<\/td><td class=\"column-3\">Introducci\u00f3n a la Ingenier\u00eda<\/td><td class=\"column-4\">Introducci\u00f3n a la Ingenier\u00eda<\/td><td class=\"column-5\">Introducci\u00f3n a la Ingenier\u00eda<\/td><td class=\"column-6\">Introducci\u00f3n a la Ingenier\u00eda<\/td>\n<\/tr>\n<tr class=\"row-5 odd\">\n\t<td class=\"column-1\">11:00<\/td><td class=\"column-2\">Introducci\u00f3n a la Ingenier\u00eda<\/td><td class=\"column-3\">Introducci\u00f3n a la Ingenier\u00eda<\/td><td class=\"column-4\">Introducci\u00f3n a la Ingenier\u00eda<\/td><td class=\"column-5\">Introducci\u00f3n a la Ingenier\u00eda<\/td><td class=\"column-6\">Introducci\u00f3n a la Ingenier\u00eda<\/td>\n<\/tr>\n<tr class=\"row-6 even\">\n\t<td class=\"column-1\">12:00<\/td><td class=\"column-2\"><\/td><td class=\"column-3\"><\/td><td class=\"column-4\"><\/td><td class=\"column-5\"><\/td><td class=\"column-6\"><\/td>\n<\/tr>\n<tr class=\"row-7 odd\">\n\t<td class=\"column-1\">13:00<\/td><td class=\"column-2\"><\/td><td class=\"column-3\"><\/td><td class=\"column-4\"><\/td><td class=\"column-5\"><\/td><td class=\"column-6\"><\/td>\n<\/tr>\n<tr class=\"row-8 even\">\n\t<td class=\"column-1\">14:00<\/td><td class=\"column-2\"><\/td><td class=\"column-3\"><\/td><td class=\"column-4\"><\/td><td class=\"column-5\"><\/td><td class=\"column-6\"><\/td>\n<\/tr>\n<tr class=\"row-9 odd\">\n\t<td class=\"column-1\">15:00<\/td><td class=\"column-2\"><\/td><td class=\"column-3\"><\/td><td class=\"column-4\"><\/td><td class=\"column-5\"><\/td><td class=\"column-6\"><\/td>\n<\/tr>\n<\/tbody>\n<\/table>\n<!-- #tablepress-3 from cache -->\n<p>&nbsp;<\/p>\n<\/div>\n<\/div><\/div><\/div><div id=\"pgc-287212-1-1\"  class=\"panel-grid-cell\" ><div id=\"panel-287212-1-1-0\" class=\"so-panel widget widget_sow-image panel-first-child panel-last-child\" data-index=\"2\" ><div\n\t\t\t\n\t\t\tclass=\"so-widget-sow-image so-widget-sow-image-default-8b5b6f678277-287212\"\n\t\t\t\n\t\t>\n\n<div class=\"sow-image-container\">\n\t\t<img loading=\"lazy\" decoding=\"async\" src=\"https:\/\/docentes.uaa.mx\/guido\/wp-content\/uploads\/sites\/2\/2014\/08\/tux-flash.jpg\" width=\"289\" height=\"312\" srcset=\"https:\/\/docentes.uaa.mx\/guido\/wp-content\/uploads\/sites\/2\/2014\/08\/tux-flash.jpg 289w, https:\/\/docentes.uaa.mx\/guido\/wp-content\/uploads\/sites\/2\/2014\/08\/tux-flash-278x300.jpg 278w\" sizes=\"(max-width: 289px) 100vw, 289px\" alt=\"\" \t\tclass=\"so-widget-image\"\/>\n\t<\/div>\n\n<\/div><\/div><\/div><\/div><div id=\"pg-287212-2\"  class=\"panel-grid panel-no-style\" ><div id=\"pgc-287212-2-0\"  class=\"panel-grid-cell\" ><div id=\"panel-287212-2-0-0\" class=\"so-panel widget widget_a2a_share_save_widget panel-first-child panel-last-child\" data-index=\"3\" ><h3 class=\"widget-title\">Publicar en Redes Sociales<\/h3><div class=\"a2a_kit a2a_kit_size_32 addtoany_list\"><a class=\"a2a_button_facebook\" href=\"https:\/\/www.addtoany.com\/add_to\/facebook?linkurl=https%3A%2F%2Fdocentes.uaa.mx%2Fguido%2Fguido%2Fwp-json%2Fwp%2Fv2%2Fpages%2F287212&amp;linkname=\" title=\"Facebook\" rel=\"nofollow noopener\" target=\"_blank\"><\/a><a class=\"a2a_button_linkedin\" href=\"https:\/\/www.addtoany.com\/add_to\/linkedin?linkurl=https%3A%2F%2Fdocentes.uaa.mx%2Fguido%2Fguido%2Fwp-json%2Fwp%2Fv2%2Fpages%2F287212&amp;linkname=\" title=\"LinkedIn\" rel=\"nofollow noopener\" target=\"_blank\"><\/a><a class=\"a2a_button_twitter\" href=\"https:\/\/www.addtoany.com\/add_to\/twitter?linkurl=https%3A%2F%2Fdocentes.uaa.mx%2Fguido%2Fguido%2Fwp-json%2Fwp%2Fv2%2Fpages%2F287212&amp;linkname=\" title=\"Twitter\" rel=\"nofollow noopener\" target=\"_blank\"><\/a><a class=\"a2a_button_copy_link\" href=\"https:\/\/www.addtoany.com\/add_to\/copy_link?linkurl=https%3A%2F%2Fdocentes.uaa.mx%2Fguido%2Fguido%2Fwp-json%2Fwp%2Fv2%2Fpages%2F287212&amp;linkname=\" title=\"Copy Link\" rel=\"nofollow noopener\" target=\"_blank\"><\/a><a class=\"a2a_dd addtoany_share_save addtoany_share\" href=\"https:\/\/www.addtoany.com\/share\"><\/a><\/div><\/div><\/div><div id=\"pgc-287212-2-1\"  class=\"panel-grid-cell\" ><div id=\"panel-287212-2-1-0\" class=\"so-panel widget panel-first-child panel-last-child\" data-index=\"4\" ><\/div><\/div><div id=\"pgc-287212-2-2\"  class=\"panel-grid-cell\" ><div id=\"panel-287212-2-2-0\" class=\"so-panel widget panel-first-child panel-last-child\" data-index=\"5\" ><\/div><\/div><\/div><\/div>","protected":false},"excerpt":{"rendered":"<p>Este espacio de publicaci\u00f3n personal es la referencia oficial al trabajo acad\u00e9mico y de investigaci\u00f3n del MSc. CIN Guillermo Dom\u00ednguez Aguilar, miembro del Departamento de Sistemas Electr\u00f3nicos y mejor conocido simplemente como Guido. Es tambi\u00e9n un prototipo o modelo (pero hablando del espacio y no del acad\u00e9mico) el cual muestra las capacidades del sistema de [&hellip;]<\/p>\n","protected":false},"author":2,"featured_media":0,"parent":0,"menu_order":0,"comment_status":"closed","ping_status":"closed","template":"","meta":{"ngg_post_thumbnail":0,"footnotes":""},"class_list":["post-287212","page","type-page","status-publish","hentry"],"_links":{"self":[{"href":"https:\/\/docentes.uaa.mx\/guido\/wp-json\/wp\/v2\/pages\/287212"}],"collection":[{"href":"https:\/\/docentes.uaa.mx\/guido\/wp-json\/wp\/v2\/pages"}],"about":[{"href":"https:\/\/docentes.uaa.mx\/guido\/wp-json\/wp\/v2\/types\/page"}],"author":[{"embeddable":true,"href":"https:\/\/docentes.uaa.mx\/guido\/wp-json\/wp\/v2\/users\/2"}],"replies":[{"embeddable":true,"href":"https:\/\/docentes.uaa.mx\/guido\/wp-json\/wp\/v2\/comments?post=287212"}],"version-history":[{"count":34,"href":"https:\/\/docentes.uaa.mx\/guido\/wp-json\/wp\/v2\/pages\/287212\/revisions"}],"predecessor-version":[{"id":287858,"href":"https:\/\/docentes.uaa.mx\/guido\/wp-json\/wp\/v2\/pages\/287212\/revisions\/287858"}],"wp:attachment":[{"href":"https:\/\/docentes.uaa.mx\/guido\/wp-json\/wp\/v2\/media?parent=287212"}],"curies":[{"name":"wp","href":"https:\/\/api.w.org\/{rel}","templated":true}]}}