{"id":287390,"date":"2021-08-16T13:37:51","date_gmt":"2021-08-16T18:37:51","guid":{"rendered":"https:\/\/docentes.uaa.mx\/guido\/?page_id=287390"},"modified":"2021-08-16T13:37:52","modified_gmt":"2021-08-16T18:37:52","slug":"litc-7-redes-informaticas","status":"publish","type":"page","link":"https:\/\/docentes.uaa.mx\/guido\/materias\/litc-7-redes-informaticas\/","title":{"rendered":"LITC 7 &#8211; Redes Inform\u00e1ticas"},"content":{"rendered":"<p style=\"text-align: center\">Materia:<em><strong> Redes Inform\u00e1ticas<\/strong><\/em><\/p>\n<p style=\"text-align: center\">Clave:<strong><em> 22378<\/em><\/strong><\/p>\n<p style=\"text-align: center\">Carrera: <em><strong>Licenciatura en Inform\u00e1tica y Tecnolog\u00edas Computacionales<\/strong><\/em><\/p>\n<p style=\"text-align: center\">Ciclo: <em><strong>Agosto &#8211; Diciembre del 2021<\/strong><\/em><\/p>\n<p style=\"text-align: center\">Grupos: <em><strong>LITC 7o A<br \/>\n<\/strong><\/em><\/p>\n<p>&nbsp;<\/p>\n<p style=\"text-align: left\">Elementos importantes para el curso:<\/p>\n<ul>\n<li><a href=\"https:\/\/docentes.uaa.mx\/guido\/?ddownload=948\" title=\"Programa del Curso\" rel=\"nofollow\" class=\"ddownload-link id-948 ext-pdf\">Programa del Curso<\/a><\/li>\n<li><a href=\"https:\/\/docentes.uaa.mx\/guido\/materias\/buzon-para-tareas\/\">Buzon General para las Entregas de Tareas<\/a><\/li>\n<\/ul>\n<div class='stb-container stb-style-info stb-caption-box stb-no-caption stb-collapsed'><div class='stb-caption'><div class='stb-logo'><img class='stb-logo__image' src='' alt='img'\/><\/div><div class='stb-caption-content'>Unidad I: Fundamentos de los Sistemas de Comunicaci\u00f3n<\/div><div class='stb-tool'><\/div><\/div><div class='stb-content'><\/p>\n<ul>\n<li>Uno<\/li>\n<\/ul>\n<p><\/div><\/div>\n<div class='stb-container stb-style-info stb-caption-box stb-no-caption stb-collapsed'><div class='stb-caption'><div class='stb-logo'><img class='stb-logo__image' src='' alt='img'\/><\/div><div class='stb-caption-content'>Unidad II: Definici\u00f3n y Caracter\u00edsticas de las Redes de Comunicaciones<\/div><div class='stb-tool'><\/div><\/div><div class='stb-content'><\/p>\n<ul>\n<li>Uno<\/li>\n<\/ul>\n<p><\/div><\/div>\n<div class='stb-container stb-style-info stb-caption-box stb-no-caption stb-collapsed'><div class='stb-caption'><div class='stb-logo'><img class='stb-logo__image' src='' alt='img'\/><\/div><div class='stb-caption-content'>Unidad III: Redes de Comunicaciones y C\u00f3mputo<\/div><div class='stb-tool'><\/div><\/div><div class='stb-content'><\/p>\n<ul>\n<li>Uno<\/li>\n<\/ul>\n<p><\/div><\/div>\n<div class='stb-container stb-style-info stb-caption-box stb-no-caption stb-collapsed'><div class='stb-caption'><div class='stb-logo'><img class='stb-logo__image' src='' alt='img'\/><\/div><div class='stb-caption-content'>Unidad IV: Dise\u00f1o de una Red<\/div><div class='stb-tool'><\/div><\/div><div class='stb-content'><\/p>\n<ul>\n<li>Uno<\/li>\n<\/ul>\n<p><\/div><\/div>\n<div class='stb-container stb-style-info stb-caption-box stb-no-caption stb-collapsed'><div class='stb-caption'><div class='stb-logo'><img class='stb-logo__image' src='' alt='img'\/><\/div><div class='stb-caption-content'>Unidad V: Redes Inal\u00e1mbricas (Wireless LANs)<\/div><div class='stb-tool'><\/div><\/div><div class='stb-content'><\/p>\n<ul>\n<li>Uno<\/li>\n<\/ul>\n<p><\/div><\/div>\n<p>Libros y Material de apoyo y estudio:<\/p>\n<ul>\n<li>Libros<\/li>\n<\/ul>\n<p>Pr\u00e1cticas:<\/p>\n<ul>\n<li>Pr\u00e1cticas<\/li>\n<\/ul>\n<p>Ex\u00e1menes:<\/p>\n<ul>\n<li>examen 1<\/li>\n<\/ul>\n<p>Gu\u00edas de Estudio<\/p>\n<ul>\n<li>Gu\u00eda 1<\/li>\n<\/ul>\n<p>Proyecto Final<\/p>\n<ul>\n<li>Proyecto<\/li>\n<\/ul>\n<p>Calificaciones<\/p>\n","protected":false},"excerpt":{"rendered":"<p>Materia: Redes Inform\u00e1ticas Clave: 22378 Carrera: Licenciatura en Inform\u00e1tica y Tecnolog\u00edas Computacionales Ciclo: Agosto &#8211; Diciembre del 2021 Grupos: LITC 7o A &nbsp; Elementos importantes para el curso: Buzon General para las Entregas de Tareas Libros y Material de apoyo y estudio: Libros Pr\u00e1cticas: Pr\u00e1cticas Ex\u00e1menes: examen 1 Gu\u00edas de Estudio Gu\u00eda 1 Proyecto Final [&hellip;]<\/p>\n","protected":false},"author":2,"featured_media":0,"parent":28,"menu_order":0,"comment_status":"closed","ping_status":"closed","template":"","meta":{"ngg_post_thumbnail":0,"footnotes":""},"class_list":["post-287390","page","type-page","status-publish","hentry"],"_links":{"self":[{"href":"https:\/\/docentes.uaa.mx\/guido\/wp-json\/wp\/v2\/pages\/287390"}],"collection":[{"href":"https:\/\/docentes.uaa.mx\/guido\/wp-json\/wp\/v2\/pages"}],"about":[{"href":"https:\/\/docentes.uaa.mx\/guido\/wp-json\/wp\/v2\/types\/page"}],"author":[{"embeddable":true,"href":"https:\/\/docentes.uaa.mx\/guido\/wp-json\/wp\/v2\/users\/2"}],"replies":[{"embeddable":true,"href":"https:\/\/docentes.uaa.mx\/guido\/wp-json\/wp\/v2\/comments?post=287390"}],"version-history":[{"count":1,"href":"https:\/\/docentes.uaa.mx\/guido\/wp-json\/wp\/v2\/pages\/287390\/revisions"}],"predecessor-version":[{"id":287391,"href":"https:\/\/docentes.uaa.mx\/guido\/wp-json\/wp\/v2\/pages\/287390\/revisions\/287391"}],"up":[{"embeddable":true,"href":"https:\/\/docentes.uaa.mx\/guido\/wp-json\/wp\/v2\/pages\/28"}],"wp:attachment":[{"href":"https:\/\/docentes.uaa.mx\/guido\/wp-json\/wp\/v2\/media?parent=287390"}],"curies":[{"name":"wp","href":"https:\/\/api.w.org\/{rel}","templated":true}]}}