{"id":296,"date":"2014-12-04T10:57:07","date_gmt":"2014-12-04T16:57:07","guid":{"rendered":"http:\/\/docentes.uaa.mx\/guido\/?page_id=296"},"modified":"2021-01-21T13:29:17","modified_gmt":"2021-01-21T19:29:17","slug":"buzon-para-tareas","status":"publish","type":"page","link":"https:\/\/docentes.uaa.mx\/guido\/materias\/buzon-para-tareas\/","title":{"rendered":"Buz\u00f3n para Tareas"},"content":{"rendered":"<div class='stb-container stb-style-reporte stb-caption-box stb-no-caption'><div class='stb-caption'><div class='stb-logo'><img class='stb-logo__image' src='' alt='img'\/><\/div><div class='stb-caption-content'>Zona de Entrega<\/div><div class='stb-tool'><\/div><\/div><div class='stb-content'><\/p>\n<p style=\"text-align: center;\"><span style=\"font-size: 14pt;\"><strong>Academia de Redes y Sistemas Distribuidos<\/strong><\/span><br \/>\n<span style=\"font-size: 14pt;\"><strong> Profesor: MSc. Guillermo Dom\u00ednguez Aguilar.<\/strong><\/span><\/p>\n<p>Ingrese a trav\u00e9s de esta p\u00e1gina los documentos correspondientes a la tarea \/ presentaci\u00f3n pedida, usando el formato que a continuaci\u00f3n se le muestra, para ello ingrese sus datos personales e informativos acerca de la materia, t\u00edtulo o tema de la tarea \/ investigaci\u00f3n, grupo y grado.<br \/>\n<\/div><\/div>\n<p>El Buz\u00f3n para la entrega de los documentos comienza aqu\u00ed:<\/p>\n<hr \/>\n\n<div class=\"wpcf7 no-js\" id=\"wpcf7-f300-o1\" lang=\"es-ES\" dir=\"ltr\">\n<div class=\"screen-reader-response\"><p role=\"status\" aria-live=\"polite\" aria-atomic=\"true\"><\/p> <ul><\/ul><\/div>\n<form action=\"\/guido\/wp-json\/wp\/v2\/pages\/296#wpcf7-f300-o1\" method=\"post\" class=\"wpcf7-form init\" aria-label=\"Formulario de contacto\" enctype=\"multipart\/form-data\" novalidate=\"novalidate\" data-status=\"init\">\n<div style=\"display: none;\">\n<input type=\"hidden\" name=\"_wpcf7\" value=\"300\" \/>\n<input type=\"hidden\" name=\"_wpcf7_version\" value=\"5.9.8\" \/>\n<input type=\"hidden\" name=\"_wpcf7_locale\" value=\"es_ES\" \/>\n<input type=\"hidden\" name=\"_wpcf7_unit_tag\" value=\"wpcf7-f300-o1\" \/>\n<input type=\"hidden\" name=\"_wpcf7_container_post\" value=\"0\" \/>\n<input type=\"hidden\" name=\"_wpcf7_posted_data_hash\" value=\"\" \/>\n<\/div>\n<table>\n\t<tr>\n\t\t<td align=\"right\">\n\t\t\t<p>(*) Su Nombre y Apellidos:\n\t\t\t<\/p>\n\t\t<\/td>\n\t\t<td>\n\t\t\t<p><span class=\"wpcf7-form-control-wrap\" data-name=\"tu-nombre\"><input size=\"40\" maxlength=\"400\" class=\"wpcf7-form-control wpcf7-text wpcf7-validates-as-required\" id=\"Nombre\" aria-required=\"true\" aria-invalid=\"false\" placeholder=\"Nombre Apellidos\" value=\"\" type=\"text\" name=\"tu-nombre\" \/><\/span>\n\t\t\t<\/p>\n\t\t<\/td>[contact-form-7 id=\"300\" title=\"Buzon para Entrega de Documentos\"]\n\t<\/tr>\n\t<tr>\n\t\t<td align=\"right\">\n\t\t\t<p>(*) Su Id-UAA:\n\t\t\t<\/p>\n\t\t<\/td>\n\t\t<td>\n\t\t\t<p><span class=\"wpcf7-form-control-wrap\" data-name=\"tu-uaaid\"><input class=\"wpcf7-form-control wpcf7-number wpcf7-validates-as-required wpcf7-validates-as-number\" id=\"iduaa\" aria-required=\"true\" aria-invalid=\"false\" placeholder=\"12345\" value=\"\" type=\"number\" name=\"tu-uaaid\" \/><\/span>\n\t\t\t<\/p>\n\t\t<\/td>\n\t<\/tr>\n\t<tr>\n\t\t<td style=\"vertical-align:top\" align=\"right\">\n\t\t\t<p>(*) Correo de referencia:\n\t\t\t<\/p>\n\t\t<\/td>\n\t\t<td>\n\t\t\t<p><span class=\"wpcf7-form-control-wrap\" data-name=\"tu-email\"><input size=\"40\" maxlength=\"400\" class=\"wpcf7-form-control wpcf7-email wpcf7-validates-as-required wpcf7-text wpcf7-validates-as-email\" id=\"Email\" aria-required=\"true\" aria-invalid=\"false\" placeholder=\"tu@correo\" value=\"\" type=\"email\" name=\"tu-email\" \/><\/span>\n\t\t\t<\/p>\n\t\t<\/td>\n\t<\/tr>\n\t<tr>\n\t\t<td align=\"right\">\n\t\t\t<p>(*) Su Carrera:\n\t\t\t<\/p>\n\t\t<\/td>\n\t\t<td>\n\t\t\t<p><span class=\"wpcf7-form-control-wrap\" data-name=\"tu-carrera\"><input size=\"40\" maxlength=\"400\" class=\"wpcf7-form-control wpcf7-text wpcf7-validates-as-required\" id=\"Carrera\" aria-required=\"true\" aria-invalid=\"false\" placeholder=\"Carrera\" value=\"\" type=\"text\" name=\"tu-carrera\" \/><\/span>\n\t\t\t<\/p>\n\t\t<\/td>\n\t<\/tr>\n\t<tr>\n\t\t<td align=\"right\">\n\t\t\t<p>(*) Grado y Grupo:\n\t\t\t<\/p>\n\t\t<\/td>\n\t\t<td>\n\t\t\t<p><span class=\"wpcf7-form-control-wrap\" data-name=\"tu-grupo\"><input size=\"40\" maxlength=\"400\" class=\"wpcf7-form-control wpcf7-text wpcf7-validates-as-required\" id=\"Grupo\" aria-required=\"true\" aria-invalid=\"false\" placeholder=\"Grado-Grupo\" value=\"\" type=\"text\" name=\"tu-grupo\" \/><\/span>\n\t\t\t<\/p>\n\t\t<\/td>\n\t<\/tr>\n\t<tr>\n\t\t<td align=\"right\">\n\t\t\t<p>(*) Materia:\n\t\t\t<\/p>\n\t\t<\/td>\n\t\t<td>\n\t\t\t<p><span class=\"wpcf7-form-control-wrap\" data-name=\"tu-materia\"><input size=\"40\" maxlength=\"400\" class=\"wpcf7-form-control wpcf7-text wpcf7-validates-as-required\" id=\"Materia\" aria-required=\"true\" aria-invalid=\"false\" placeholder=\"Curso\" value=\"\" type=\"text\" name=\"tu-materia\" \/><\/span>\n\t\t\t<\/p>\n\t\t<\/td>\n\t<\/tr>\n\t<tr>\n\t\t<td align=\"right\">\n\t\t\t<p>(*) T\u00edtulo del Documento:\n\t\t\t<\/p>\n\t\t<\/td>\n\t\t<td>\n\t\t\t<p><span class=\"wpcf7-form-control-wrap\" data-name=\"tu-titulo\"><input size=\"40\" maxlength=\"400\" class=\"wpcf7-form-control wpcf7-text wpcf7-validates-as-required\" id=\"Titulo\" aria-required=\"true\" aria-invalid=\"false\" placeholder=\"T\u00edtulo de Documento\" value=\"\" type=\"text\" name=\"tu-titulo\" \/><\/span>\n\t\t\t<\/p>\n\t\t<\/td>\n\t<\/tr>\n\t<tr>\n\t\t<td align=\"right\">\n\t\t\t<p>(*) Documento a Entregar:\n\t\t\t<\/p>\n\t\t<\/td>\n\t\t<td>\n\t\t\t<p><span class=\"wpcf7-form-control-wrap\" data-name=\"tu-archivo\"><input size=\"40\" class=\"wpcf7-form-control wpcf7-file wpcf7-validates-as-required\" id=\"Adjunto\" accept=\".7z,.rar,.zip,.gz,.tar,.doc,.docx,.pdf,.odt\" aria-required=\"true\" aria-invalid=\"false\" type=\"file\" name=\"tu-archivo\" \/><\/span><br \/>\nPermitido: rar,zip,gz,tar,doc,docx,pdf,odt\n\t\t\t<\/p>\n\t\t<\/td>\n\t<\/tr>\n\t<tr>\n\t\t<td align=\"right\">\n\t\t\t<p>Presentaci\u00f3n Expuesta:\n\t\t\t<\/p>\n\t\t<\/td>\n\t\t<td>\n\t\t\t<p><span class=\"wpcf7-form-control-wrap\" data-name=\"tu-presentacion\"><input size=\"40\" class=\"wpcf7-form-control wpcf7-file\" id=\"Presenta\" accept=\".ppt,.pptx,.pps,.ppsx,.zip,.gz,.tar,.pdf,.odp\" aria-invalid=\"false\" type=\"file\" name=\"tu-presentacion\" \/><\/span><br \/>\nPermitido: zip,gz,tar,ppt,pptx,pps,ppsx,pdf,odp\n\t\t\t<\/p>\n\t\t<\/td>\n\t<\/tr>\n\t<tr>\n\t\t<td align=\"right\">\n\t\t\t<p><input class=\"wpcf7-form-control wpcf7-submit has-spinner\" type=\"submit\" value=\"Registrar tarea\" \/>\n\t\t\t<\/p>\n\t\t<\/td>\n\t<\/tr>\n<\/table><div class=\"wpcf7-response-output\" aria-hidden=\"true\"><\/div>\n<\/form>\n<\/div>\n\n","protected":false},"excerpt":{"rendered":"<p>El Buz\u00f3n para la entrega de los documentos comienza aqu\u00ed:<\/p>\n","protected":false},"author":2,"featured_media":0,"parent":28,"menu_order":0,"comment_status":"closed","ping_status":"closed","template":"","meta":{"ngg_post_thumbnail":0,"footnotes":""},"class_list":["post-296","page","type-page","status-publish","hentry"],"_links":{"self":[{"href":"https:\/\/docentes.uaa.mx\/guido\/wp-json\/wp\/v2\/pages\/296"}],"collection":[{"href":"https:\/\/docentes.uaa.mx\/guido\/wp-json\/wp\/v2\/pages"}],"about":[{"href":"https:\/\/docentes.uaa.mx\/guido\/wp-json\/wp\/v2\/types\/page"}],"author":[{"embeddable":true,"href":"https:\/\/docentes.uaa.mx\/guido\/wp-json\/wp\/v2\/users\/2"}],"replies":[{"embeddable":true,"href":"https:\/\/docentes.uaa.mx\/guido\/wp-json\/wp\/v2\/comments?post=296"}],"version-history":[{"count":28,"href":"https:\/\/docentes.uaa.mx\/guido\/wp-json\/wp\/v2\/pages\/296\/revisions"}],"predecessor-version":[{"id":287245,"href":"https:\/\/docentes.uaa.mx\/guido\/wp-json\/wp\/v2\/pages\/296\/revisions\/287245"}],"up":[{"embeddable":true,"href":"https:\/\/docentes.uaa.mx\/guido\/wp-json\/wp\/v2\/pages\/28"}],"wp:attachment":[{"href":"https:\/\/docentes.uaa.mx\/guido\/wp-json\/wp\/v2\/media?parent=296"}],"curies":[{"name":"wp","href":"https:\/\/api.w.org\/{rel}","templated":true}]}}