{"id":31457,"date":"2018-01-30T07:53:55","date_gmt":"2018-01-30T13:53:55","guid":{"rendered":"http:\/\/docentes.uaa.mx\/guido\/?page_id=31457"},"modified":"2018-05-18T19:45:49","modified_gmt":"2018-05-19T00:45:49","slug":"ici-sistemas-operativos-ii","status":"publish","type":"page","link":"https:\/\/docentes.uaa.mx\/guido\/materias\/ici-sistemas-operativos-ii\/","title":{"rendered":"ICI &#8211; Sistemas Operativos II"},"content":{"rendered":"<p><a href=\"http:\/\/docentes.uaa.mx\/guido\/wp-content\/uploads\/sites\/2\/2016\/08\/Unix-OS.png\"><img loading=\"lazy\" decoding=\"async\" class=\"alignleft wp-image-804 size-medium\" src=\"http:\/\/docentes.uaa.mx\/guido\/wp-content\/uploads\/sites\/2\/2016\/08\/Unix-OS-300x225.png\" alt=\"\" width=\"300\" height=\"225\" srcset=\"https:\/\/docentes.uaa.mx\/guido\/wp-content\/uploads\/sites\/2\/2016\/08\/Unix-OS-300x225.png 300w, https:\/\/docentes.uaa.mx\/guido\/wp-content\/uploads\/sites\/2\/2016\/08\/Unix-OS-1024x768.png 1024w, https:\/\/docentes.uaa.mx\/guido\/wp-content\/uploads\/sites\/2\/2016\/08\/Unix-OS.png 1600w\" sizes=\"(max-width: 300px) 100vw, 300px\" \/><\/a><\/p>\n<p>Materia: <em><strong>Sistemas Operativos II<\/strong><\/em><\/p>\n<p>Clave: <em><strong>17577<\/strong><\/em><\/p>\n<p>Carrera: <em><strong>Ingenier\u00eda en Computaci\u00f3n Inteligente<\/strong><\/em><\/p>\n<p style=\"text-align: center\">Semestre; <em><strong>6o<\/strong><\/em><\/p>\n<p style=\"text-align: center\">Grupo: <em><strong>A<br \/>\n<\/strong><\/em><\/p>\n<p style=\"text-align: center\"><a href=\"https:\/\/docentes.uaa.mx\/guido\/?ddownload=31456\" title=\"Programa de la Materia\" rel=\"nofollow\" class=\"ddownload-button button-blue id-31456 ext-pdf\">Programa de la Materia<\/a><\/p>\n<p style=\"text-align: center\"><a href=\"http:\/\/moodle.ccbas.uaa.mx\/course\/view.php?id=5\">Soporte para el Curso a trav\u00e9s de Moodle<\/a><\/p>\n<hr \/>\n<h1 style=\"text-align: center\"><span style=\"color: #800000\"><em>Noticias:<\/em><\/span><\/h1>\n<ul>\n<li><a href=\"http:\/\/docentes.uaa.mx\/guido\/materias\/buzon-para-tareas\" target=\"_blank\" rel=\"noopener noreferrer\">Buz\u00f3n de Entrega de Tareas \/ Presentaciones \/ Investigaciones <\/a><\/li>\n<li><a href=\"https:\/\/docentes.uaa.mx\/guido\/?ddownload=115306\" title=\"Formato para el Registro de Equipos (Descargar, Llenar y Entregar)\" rel=\"nofollow\" class=\"ddownload-button button-blue id-115306 ext-pdf\">Formato para el Registro de Equipos (Descargar, Llenar y Entregar)<\/a><\/li>\n<\/ul>\n<hr \/>\n<div class='stb-container stb-style-info stb-caption-box stb-no-caption stb-collapsed'><div class='stb-caption'><div class='stb-logo'><img class='stb-logo__image' src='' alt='img'\/><\/div><div class='stb-caption-content'>BIBLIOTECA Y MATERIAL DE APOYO<\/div><div class='stb-tool'><\/div><\/div><div class='stb-content'><\/p>\n<ul>\n<li><a href=\"http:\/\/docentes.uaa.mx\/guido\/wp-content\/uploads\/sites\/2\/2018\/01\/Manual-de-UNIX.pdf\">Manual de UNIX<\/a><\/li>\n<li><a href=\"http:\/\/docentes.uaa.mx\/guido\/wp-content\/uploads\/sites\/2\/2018\/01\/Beginning-Unix.pdf\">Beginning Unix<\/a><\/li>\n<li><a href=\"http:\/\/docentes.uaa.mx\/guido\/wp-content\/uploads\/sites\/2\/2018\/01\/unix_linux_introduction.pdf\">Unix &#8211; Linux Introduction<\/a><\/li>\n<li><a href=\"http:\/\/www.ee.surrey.ac.uk\/Teaching\/Unix\/\" target=\"_blank\" rel=\"noopener\">Tutorial para Principiantes<\/a><\/li>\n<\/ul>\n<p><\/div><\/div>\n<div class='stb-container stb-style-info stb-caption-box stb-no-caption stb-collapsed'><div class='stb-caption'><div class='stb-logo'><img class='stb-logo__image' src='' alt='img'\/><\/div><div class='stb-caption-content'>Unidad I: Historia y Evoluci\u00f3n de UNIX<\/div><div class='stb-tool'><\/div><\/div><div class='stb-content'><\/p>\n<ul>\n<li><a href=\"http:\/\/histinf.blogs.upv.es\/2011\/12\/23\/historia-de-linux\/\" target=\"_blank\" rel=\"noopener\">UNIX Hist\u00f3rico<\/a><\/li>\n<li><a href=\"http:\/\/docentes.uaa.mx\/guido\/wp-content\/uploads\/sites\/2\/2014\/09\/UNIX-y-sus-versiones.pdf\" target=\"_blank\" rel=\"noopener\">Versiones y Familias UNIX<\/a><\/li>\n<li><a href=\"http:\/\/histinf.blogs.upv.es\/2011\/12\/23\/historia-de-linux\/\">Nacimiento de UNIX y Linux,&nbsp;<\/a>(<a href=\"https:\/\/www.youtube.com\/watch?v=BZ_VP2n8dDg\"> Video<\/a> )<\/li>\n<li>Los roles de <a href=\"https:\/\/stallman.org\/\">Richard Stallman<\/a>, la <a href=\"https:\/\/www.fsf.org\/?set_language=es\">FSF<\/a>, <a href=\"https:\/\/www.gnu.org\/\">GNU<\/a> y <a href=\"https:\/\/www.buscabiografias.com\/biografia\/verDetalle\/8294\/Linus%20Torvald\">Linus Torvald<\/a> (<a href=\"https:\/\/www.linuxfoundation.org\/\">The Linux Fundation<\/a>)<\/li>\n<li>Esquemas de UNIX<\/li>\n<li>Aparici\u00f3n de Linux<\/li>\n<\/ul>\n<p><\/div><\/div>\n<div class='stb-container stb-style-info stb-caption-box stb-no-caption stb-collapsed'><div class='stb-caption'><div class='stb-logo'><img class='stb-logo__image' src='' alt='img'\/><\/div><div class='stb-caption-content'>Unidad II: Instalaci\u00f3n, Configuraci\u00f3n y Fundamentos de Operaci\u00f3n<\/div><div class='stb-tool'><\/div><\/div><div class='stb-content'><\/p>\n<ul>\n<li>Instalaci\u00f3n<\/li>\n<li>Configuraci\u00f3n B\u00e1sica<\/li>\n<li>Sesiones de Trabajo<\/li>\n<li>Ordenes b\u00e1sicas en UNIX: <a href=\"https:\/\/www.tjhsst.edu\/~dhyatt\/superap\/unixcmd.html\" target=\"_blank\" rel=\"noopener\">Recurso 1<\/a>,<a href=\"https:\/\/es.wikipedia.org\/wiki\/Anexo:Programas_para_Unix\" target=\"_blank\" rel=\"noopener\"> Recurso 2<\/a> y <a href=\"http:\/\/www.thegeekstuff.com\/2010\/11\/50-linux-commands\/?utm_source=feedburner\" target=\"_blank\" rel=\"noopener\">Recurso 3<\/a><\/li>\n<li>L\u00edneas de Ordenes<\/li>\n<\/ul>\n<p><\/div><\/div>\n<div class='stb-container stb-style-info stb-caption-box stb-no-caption stb-collapsed'><div class='stb-caption'><div class='stb-logo'><img class='stb-logo__image' src='' alt='img'\/><\/div><div class='stb-caption-content'>Unidad III: Sistemas de Archivos y Seguridad<\/div><div class='stb-tool'><\/div><\/div><div class='stb-content'><\/p>\n<ul>\n<li>Sistema de Archivos<\/li>\n<li>Seguridad en los Archivos<\/li>\n<li>Seguridad en los Usuarios<\/li>\n<\/ul>\n<p><\/div><\/div>\n<div class='stb-container stb-style-info stb-caption-box stb-no-caption stb-collapsed'><div class='stb-caption'><div class='stb-logo'><img class='stb-logo__image' src='' alt='img'\/><\/div><div class='stb-caption-content'>Unidad IV: Programaci\u00f3n<\/div><div class='stb-tool'><\/div><\/div><div class='stb-content'><\/p>\n<ul>\n<li><a href=\"http:\/\/docentes.uaa.mx\/guido\/wp-content\/uploads\/sites\/2\/2014\/11\/Bash-scripting-como-de-introduccion-Por-Xento-Figal.pdf\" target=\"_blank\" rel=\"noopener\">Manual de Programaci\u00f3n en Script Shell &#8211; Bash-Prog-Intro-COMO<\/a><\/li>\n<li><a href=\"http:\/\/docentes.uaa.mx\/guido\/wp-content\/uploads\/sites\/2\/2014\/11\/bashavanzado.pdf\" target=\"_blank\" rel=\"noopener\">Programaci\u00f3n Script Shell &#8211; Bash Avanzada<\/a><\/li>\n<li><a href=\"http:\/\/marcmmw.freeshell.org\/esp\/programacion\/bc.html\" target=\"_blank\" rel=\"noopener\">Manual de Programaci\u00f3n de bc<\/a><\/li>\n<li><a href=\"http:\/\/docentes.uaa.mx\/guido\/wp-content\/uploads\/sites\/2\/2014\/11\/awk-paso-a-paso.pdf\" target=\"_blank\" rel=\"noopener\">awk paso a paso<\/a><\/li>\n<li><a href=\"http:\/\/docentes.uaa.mx\/guido\/wp-content\/uploads\/sites\/2\/2014\/11\/Manual-De-Programacion-Lenguaje-C.pdf\" target=\"_blank\" rel=\"noopener\">Documentaci\u00f3n para Programacion con C en GNU Linux &#8211; UNIX<\/a><\/li>\n<\/ul>\n<p><\/div><\/div>\n<div class='stb-container stb-style-info stb-caption-box stb-no-caption stb-collapsed'><div class='stb-caption'><div class='stb-logo'><img class='stb-logo__image' src='' alt='img'\/><\/div><div class='stb-caption-content'>Unidad V: CONFIGURACI\u00d3N Y ADMINISTRACI\u00d3N DE SERVICIOS<\/div><div class='stb-tool'><\/div><\/div><div class='stb-content'><\/p>\n<ul>\n<li><a href=\"http:\/\/docentes.uaa.mx\/guido\/wp-content\/uploads\/sites\/2\/2015\/06\/intranet-concepts.pdf\" target=\"_blank\" rel=\"noopener noreferrer\">Conceptos de Intranet<\/a><\/li>\n<\/ul>\n<p><\/div><\/div>\n<p><em><strong>Pr\u00e1cticas<\/strong><\/em><\/p>\n<ul>\n<li><a href=\"https:\/\/docentes.uaa.mx\/guido\/?ddownload=844\" title=\"Primera Pr\u00e1ctica\" rel=\"nofollow\" class=\"ddownload-button button-blue id-844 ext-pdf\">Primera Pr\u00e1ctica<\/a><\/li>\n<li><a href=\"https:\/\/docentes.uaa.mx\/guido\/?ddownload=160270\" title=\"Segunda Pr\u00e1ctica\" rel=\"nofollow\" class=\"ddownload-button button-blue id-160270 ext-pdf\">Segunda Pr\u00e1ctica<\/a><\/li>\n<li><a href=\"https:\/\/docentes.uaa.mx\/guido\/?ddownload=291\" title=\"Script Shell de tratamiento de datos para Sistema de Manejo de Equipos de Futbol\" rel=\"nofollow\" class=\"ddownload-button button-blue id-291 ext-zip\">Script Shell de tratamiento de datos para Sistema de Manejo de Equipos de Futbol<\/a><\/li>\n<\/ul>\n<p><em><strong>Gu\u00edas de Estudio<\/strong><\/em><\/p>\n<ul>\n<li><a href=\"https:\/\/docentes.uaa.mx\/guido\/?ddownload=836\" title=\"Gu\u00eda para el primer parcial\" rel=\"nofollow\" class=\"ddownload-button button-blue id-836 ext-pdf\">Gu\u00eda para el primer parcial<\/a><\/li>\n<li><a href=\"https:\/\/docentes.uaa.mx\/guido\/?ddownload=146927\" title=\"Segundo examen parcial para llevar\" rel=\"nofollow\" class=\"ddownload-button button-blue id-146927 ext-pdf\">Segundo examen parcial para llevar<\/a><\/li>\n<li><a href=\"https:\/\/docentes.uaa.mx\/guido\/?ddownload=626\" title=\"Gu\u00eda para el examen final\" rel=\"nofollow\" class=\"ddownload-button button-blue id-626 ext-pdf\">Gu\u00eda para el examen final<\/a><\/li>\n<\/ul>\n<p><em><strong>Proyecto Final<\/strong><\/em><\/p>\n<ul>\n<li>Descarga el <a href=\"https:\/\/docentes.uaa.mx\/guido\/?ddownload=160564\" title=\"Proyecto Final de SO II - UNIX\" rel=\"nofollow\" class=\"ddownload-button button-blue id-160564 ext-pdf\">Proyecto Final de SO II - UNIX<\/a>, para que lo trabajes en equipo: fecha de revisi\u00f3n (por definir &#8211; Junio del 2018).<\/li>\n<li><a href=\"http:\/\/docentes.uaa.mx\/guido\/materias\/buzon-para-examenes-finales\/\">Buz\u00f3n para entregar los documentos evidencias para el Examen Final Pr\u00e1ctico de UNIX<\/a><\/li>\n<\/ul>\n<p>Calificaciones<\/p>\n","protected":false},"excerpt":{"rendered":"<p>Materia: Sistemas Operativos II Clave: 17577 Carrera: Ingenier\u00eda en Computaci\u00f3n Inteligente Semestre; 6o Grupo: A Soporte para el Curso a trav\u00e9s de Moodle Noticias: Buz\u00f3n de Entrega de Tareas \/ Presentaciones \/ Investigaciones &nbsp; Pr\u00e1cticas Gu\u00edas de Estudio Proyecto Final Descarga el , para que lo trabajes en equipo: fecha de revisi\u00f3n (por definir &#8211; [&hellip;]<\/p>\n","protected":false},"author":2,"featured_media":0,"parent":28,"menu_order":0,"comment_status":"closed","ping_status":"closed","template":"","meta":{"ngg_post_thumbnail":0,"footnotes":""},"class_list":["post-31457","page","type-page","status-publish","hentry"],"_links":{"self":[{"href":"https:\/\/docentes.uaa.mx\/guido\/wp-json\/wp\/v2\/pages\/31457"}],"collection":[{"href":"https:\/\/docentes.uaa.mx\/guido\/wp-json\/wp\/v2\/pages"}],"about":[{"href":"https:\/\/docentes.uaa.mx\/guido\/wp-json\/wp\/v2\/types\/page"}],"author":[{"embeddable":true,"href":"https:\/\/docentes.uaa.mx\/guido\/wp-json\/wp\/v2\/users\/2"}],"replies":[{"embeddable":true,"href":"https:\/\/docentes.uaa.mx\/guido\/wp-json\/wp\/v2\/comments?post=31457"}],"version-history":[{"count":26,"href":"https:\/\/docentes.uaa.mx\/guido\/wp-json\/wp\/v2\/pages\/31457\/revisions"}],"predecessor-version":[{"id":160566,"href":"https:\/\/docentes.uaa.mx\/guido\/wp-json\/wp\/v2\/pages\/31457\/revisions\/160566"}],"up":[{"embeddable":true,"href":"https:\/\/docentes.uaa.mx\/guido\/wp-json\/wp\/v2\/pages\/28"}],"wp:attachment":[{"href":"https:\/\/docentes.uaa.mx\/guido\/wp-json\/wp\/v2\/media?parent=31457"}],"curies":[{"name":"wp","href":"https:\/\/api.w.org\/{rel}","templated":true}]}}