{"id":32,"date":"2014-08-19T17:19:11","date_gmt":"2014-08-19T22:19:11","guid":{"rendered":"http:\/\/docentes.uaa.mx\/guido\/?page_id=32"},"modified":"2016-08-09T14:06:37","modified_gmt":"2016-08-09T19:06:37","slug":"proyectos","status":"publish","type":"page","link":"https:\/\/docentes.uaa.mx\/guido\/proyectos\/","title":{"rendered":"Proyectos"},"content":{"rendered":"<div>\n<p>Derivados y complementarios a mi trabajo acad\u00e9mico me encuentro realizando los siguientes proyectos:<\/p>\n<ul>\n<li><a title=\"edubuntuMX\" href=\"http:\/\/i2.uaa.mx\/edubuntumx\" target=\"_blank\">EdubuntuMX<\/a>, para la escuela primaria federal \u201cProfr. Edmundo G\u00e1mez Orozco\u201d \u2026 en particular en el uso de LTSP con 1 servidor y 20 Estaciones ligeras.<\/li>\n<li><a title=\"uaabuntu\" href=\"http:\/\/academia.uaa.mx\/uaabuntu\" target=\"_blank\">Uaabuntu Profesional<\/a> (32 y 64 bits) para la UAA.<\/li>\n<li>Sistemas de publicaci\u00f3n electr\u00f3nica (cms, blog + red social) con el Grupo de Nuevas Tecnolog\u00edas Educativas para el proyecto de Internet 2 en la UAA.<\/li>\n<li>Plataformas Educativas Semipresenciales con el grupo anterior (Moodle, WordPress, IM Jabber, etc.).<\/li>\n<li>Plataforma para la <a href=\"http:\/\/i2.uaa.mx\/soceags\" target=\"_blank\">Sociedad del Conocimiento en Energ\u00edas<\/a><\/li>\n<\/ul>\n<p>Participaci\u00f3n en otros proyectos ya concluidos:<\/p>\n<ul>\n<li>Dise\u00f1ador y Tutor dentro del Diplomado de Educaci\u00f3n en L\u00ednea y a Distancia<\/li>\n<\/ul>\n<p>&nbsp;<\/p>\n<\/div>\n","protected":false},"excerpt":{"rendered":"<p>Derivados y complementarios a mi trabajo acad\u00e9mico me encuentro realizando los siguientes proyectos: EdubuntuMX, para la escuela primaria federal \u201cProfr. Edmundo G\u00e1mez Orozco\u201d \u2026 en particular en el uso de LTSP con 1 servidor y 20 Estaciones ligeras. Uaabuntu Profesional (32 y 64 bits) para la UAA. Sistemas de publicaci\u00f3n electr\u00f3nica (cms, blog + red [&hellip;]<\/p>\n","protected":false},"author":2,"featured_media":0,"parent":0,"menu_order":6,"comment_status":"closed","ping_status":"closed","template":"","meta":{"ngg_post_thumbnail":0,"footnotes":""},"class_list":["post-32","page","type-page","status-publish","hentry"],"_links":{"self":[{"href":"https:\/\/docentes.uaa.mx\/guido\/wp-json\/wp\/v2\/pages\/32"}],"collection":[{"href":"https:\/\/docentes.uaa.mx\/guido\/wp-json\/wp\/v2\/pages"}],"about":[{"href":"https:\/\/docentes.uaa.mx\/guido\/wp-json\/wp\/v2\/types\/page"}],"author":[{"embeddable":true,"href":"https:\/\/docentes.uaa.mx\/guido\/wp-json\/wp\/v2\/users\/2"}],"replies":[{"embeddable":true,"href":"https:\/\/docentes.uaa.mx\/guido\/wp-json\/wp\/v2\/comments?post=32"}],"version-history":[{"count":12,"href":"https:\/\/docentes.uaa.mx\/guido\/wp-json\/wp\/v2\/pages\/32\/revisions"}],"predecessor-version":[{"id":827,"href":"https:\/\/docentes.uaa.mx\/guido\/wp-json\/wp\/v2\/pages\/32\/revisions\/827"}],"wp:attachment":[{"href":"https:\/\/docentes.uaa.mx\/guido\/wp-json\/wp\/v2\/media?parent=32"}],"curies":[{"name":"wp","href":"https:\/\/api.w.org\/{rel}","templated":true}]}}