{"id":358,"date":"2015-01-26T10:03:02","date_gmt":"2015-01-26T16:03:02","guid":{"rendered":"http:\/\/docentes.uaa.mx\/guido\/?page_id=358"},"modified":"2021-01-27T13:34:29","modified_gmt":"2021-01-27T19:34:29","slug":"redes-de-computadoras-ii","status":"publish","type":"page","link":"https:\/\/docentes.uaa.mx\/guido\/materias\/redes-de-computadoras-ii\/","title":{"rendered":"ISC 6o &#8211; Redes de Computadoras II"},"content":{"rendered":"<p>&nbsp;<\/p>\n<p><a href=\"http:\/\/docentes.uaa.mx\/guido\/wp-content\/uploads\/sites\/2\/ngg_featured\/foto_red_social.jpg\"><img loading=\"lazy\" decoding=\"async\" class=\"alignleft size-medium wp-image-374\" src=\"http:\/\/docentes.uaa.mx\/guido\/wp-content\/uploads\/sites\/2\/ngg_featured\/foto_red_social-300x225.jpg\" alt=\"foto_red_social\" width=\"300\" height=\"225\" srcset=\"https:\/\/docentes.uaa.mx\/guido\/wp-content\/uploads\/sites\/2\/ngg_featured\/foto_red_social-300x225.jpg 300w, https:\/\/docentes.uaa.mx\/guido\/wp-content\/uploads\/sites\/2\/ngg_featured\/foto_red_social.jpg 333w\" sizes=\"(max-width: 300px) 100vw, 300px\" \/><\/a><\/p>\n<p>&nbsp;<\/p>\n<p>Materia: <em><strong>Redes de Computadoras II<\/strong><\/em><\/p>\n<p>Clave: <em><strong>24950<\/strong><\/em><\/p>\n<p>Carrera: <em><strong>Ingenier\u00eda en Sistemas Computacionales<\/strong><\/em><\/p>\n<p style=\"text-align: center\">Semestre; <em><strong>6o<\/strong><\/em><\/p>\n<p style=\"text-align: center\">Grupo: C<em><strong><br \/>\n<\/strong><\/em><\/p>\n<p>&nbsp;<\/p>\n<p style=\"text-align: center\"><a href=\"https:\/\/docentes.uaa.mx\/guido\/?ddownload=380\" title=\"Programa de la materia\" rel=\"nofollow\" class=\"ddownload-button button-blue id-380 ext-pdf\">Programa de la materia<\/a><\/p>\n<p style=\"text-align: center\"><a href=\"http:\/\/ccbas.uaa.mx\/moodle\/course\/view.php?id=5\">Soporte para el Curso a trav\u00e9s de Moodle<\/a><\/p>\n<hr \/>\n<h1 style=\"text-align: center\"><span style=\"color: #800000\"><em>Noticias:<\/em><\/span><\/h1>\n<ul>\n<li><a href=\"http:\/\/docentes.uaa.mx\/guido\/materias\/buzon-para-tareas\" target=\"_blank\" rel=\"noopener noreferrer\">Buz\u00f3n de Entrega de Tareas \/ Presentaciones \/ Investigaciones <\/a><\/li>\n<li><a href=\"https:\/\/docentes.uaa.mx\/guido\/?ddownload=115306\" title=\"Formato para el Registro de Equipos (Descargar, Llenar y Entregar)\" rel=\"nofollow\" class=\"ddownload-button button-blue id-115306 ext-pdf\">Formato para el Registro de Equipos (Descargar, Llenar y Entregar)<\/a><\/li>\n<\/ul>\n<hr \/>\n<h1 style=\"text-align: center\"><span style=\"color: #000080\"><em>Repaso para Redes I<\/em><\/span><\/h1>\n<p style=\"text-align: left\"><div class='stb-container stb-style-info stb-caption-box stb-no-caption stb-collapsed'><div class='stb-caption'><div class='stb-logo'><img class='stb-logo__image' src='' alt='img'\/><\/div><div class='stb-caption-content'>Material de Apoyo<\/div><div class='stb-tool'><\/div><\/div><div class='stb-content'><\/p>\n<p style=\"text-align: center\"><em><strong>Espa\u00f1ol<\/strong><\/em><\/p>\n<ul>\n<li><a href=\"http:\/\/docentes.uaa.mx\/guido\/wp-content\/uploads\/sites\/2\/2014\/12\/teleyredes.pdf\">Teleproceso y Redes<\/a><\/li>\n<li><a href=\"http:\/\/docentes.uaa.mx\/guido\/wp-content\/uploads\/sites\/2\/2014\/12\/Introduccion-a-las-Tecnolog\u00edas-de-Redes.zip\">Introducci\u00f3n a las Tecnolog\u00edas de Redes<\/a><\/li>\n<li><a href=\"http:\/\/docentes.uaa.mx\/guido\/wp-content\/uploads\/sites\/2\/2014\/12\/introredes.pdf\">Introducci\u00f3n a las Redes<\/a><\/li>\n<li><a href=\"http:\/\/es.wikipedia.org\/wiki\/Telecomunicaciones\">Telecomunicaciones<\/a><\/li>\n<li><a href=\"http:\/\/es.wikipedia.org\/wiki\/Sistema_de_transmisi%C3%B3n\">Sistema de Transmisi\u00f3n<\/a><\/li>\n<li><a href=\"http:\/\/es.wikipedia.org\/wiki\/Cable_de_par_trenzado\">Cable de par trenzado<\/a><\/li>\n<li><a href=\"http:\/\/es.wikipedia.org\/wiki\/Cable_coaxial\">Cable coaxial<\/a><\/li>\n<li><a href=\"http:\/\/es.wikipedia.org\/wiki\/Cable_de_fibra_%C3%B3ptica\">Cable de fibra \u00d3ptica<\/a><\/li>\n<li><a href=\"http:\/\/docentes.uaa.mx\/guido\/archivo\/Cursos\/Redes2\/SmartDraw%20Network%20Design%20Center.pdf\" target=\"_blank\" rel=\"noopener noreferrer\">Centro de Dise\u00f1o de Redes SmartDraw<\/a><\/li>\n<li><a href=\"http:\/\/docentes.uaa.mx\/guido\/wp-content\/uploads\/sites\/2\/2015\/02\/Presentaci\u00f3n-Cableado-Estructurado-2004-3-laminas-por-pagina.pdf\" target=\"_blank\" rel=\"noopener noreferrer\">Cableado Estructurado<\/a><\/li>\n<li><a href=\"http:\/\/docentes.uaa.mx\/guido\/archivo\/NetworkAnalysis_ch1.pdf\" target=\"_blank\" rel=\"noopener noreferrer\">An\u00e1lisis para la implementaci\u00f3n de una red<\/a><\/li>\n<li><a href=\"http:\/\/docentes.uaa.mx\/guido\/archivo\/Cursos\/Redes2\/09_CCNA_Cableado%20Estructurado.pdf\" target=\"_blank\" rel=\"noopener noreferrer\">CCNA &#8211; Cableado Estructurado<\/a><\/li>\n<li><a href=\"http:\/\/docentes.uaa.mx\/guido\/archivo\/Cursos\/Redes2\/08_CCNA_Dise%C3%B1o%20y%20Documentaci%C3%B3n%20de%20Redes.pdf\" target=\"_blank\" rel=\"noopener noreferrer\">CCNA &#8211; Dise\u00f1o y Documentaci\u00f3n de Redes<\/a><\/li>\n<li><a href=\"http:\/\/docentes.uaa.mx\/guido\/archivo\/Cursos\/Redes2\/Network%20Design%201.pdf\" target=\"_blank\" rel=\"noopener noreferrer\">Dise\u00f1o de Redes 1<\/a><\/li>\n<li><a href=\"http:\/\/docentes.uaa.mx\/guido\/archivo\/Cursos\/Redes2\/Internetworking%20Design.pdf\" target=\"_blank\" rel=\"noopener noreferrer\">Dise\u00f1o de Redes 2<\/a><\/li>\n<li><a href=\"http:\/\/docentes.uaa.mx\/guido\/archivo\/Cursos\/Redes2\/Documentando%20la%20Red.pdf\" target=\"_blank\" rel=\"noopener noreferrer\">Documentando la Red<\/a><\/li>\n<li><a href=\"http:\/\/www.mercadeo.com\/blog\/2012\/12\/virtualizacion-y-computacion-en-la-nube\/\" target=\"_blank\" rel=\"noopener noreferrer\">Virtualizaci\u00f3n y C\u00f3mputo en la Nube<\/a><\/li>\n<li><a href=\"http:\/\/www.vmware.com\/latam\/virtualization\/virtualization-basics\/what-is-virtualization.html\" target=\"_blank\" rel=\"noopener noreferrer\">Aspectos Fundamentales en la Virtualizaci\u00f3n<\/a><\/li>\n<li><a href=\"http:\/\/148.211.252.33\/guido\/wp-content\/uploads\/sites\/12\/2013\/03\/070301-application_virtualization_the_next_frontier.pdf\" target=\"_blank\" rel=\"noopener noreferrer\">Documento de Virtualizaci\u00f3n de MicroSoft<\/a><\/li>\n<\/ul>\n<p style=\"text-align: center\"><strong><em>Ingles:<\/em><\/strong><\/p>\n<ul>\n<li><a href=\"http:\/\/en.wikipedia.org\/wiki\/Computer_network\">Computer Network<\/a><\/li>\n<li><a href=\"http:\/\/www.techbooksforfree.com\/intro_to_data_com\/toc.html#toc\">Comunications<\/a><\/li>\n<\/ul>\n<p><\/div><\/div><\/p>\n<hr \/>\n<h1 style=\"text-align: center\"><span style=\"color: #000080\"><em> Redes de Computadoras II<\/em><\/span><\/h1>\n<div class='stb-container stb-style-info stb-caption-box stb-no-caption stb-collapsed'><div class='stb-caption'><div class='stb-logo'><img class='stb-logo__image' src='' alt='img'\/><\/div><div class='stb-caption-content'>Unidad I: Enrutamiento<\/div><div class='stb-tool'><\/div><\/div><div class='stb-content'>\n<ul>\n<li><a href=\"http:\/\/docentes.uaa.mx\/guido\/wp-content\/uploads\/sites\/2\/2017\/01\/20102BV02010230402010501119526.pdf\">Teor\u00eda de Flujos<\/a><\/li>\n<li><a href=\"http:\/\/www.profesores.frc.utn.edu.ar\/sistemas\/ingsanchez\/Redes\/Archivos\/CCong.asp\" target=\"_blank\" rel=\"noopener noreferrer\">Algoritmos de Control de Congestionamiento<\/a><\/li>\n<li><a href=\"http:\/\/docentes.uaa.mx\/guido\/05-congestion\/\" target=\"_blank\" rel=\"noopener noreferrer\">Presentaci\u00f3n de Congestionamiento<\/a><\/li>\n<li><a href=\"https:\/\/upload.wikimedia.org\/wikipedia\/commons\/7\/75\/Algoritmos_congestion.pdf\" target=\"_blank\" rel=\"noopener noreferrer\">Documento de Algoritmos de Control de Congestion<\/a><\/li>\n<li><a href=\"https:\/\/prezi.com\/bi8oon46a0yl\/algoritmo-de-control-de-congestionamiento\/\" target=\"_blank\" rel=\"noopener noreferrer\">Prezi &#8211; Control del Congestionamiento<\/a><\/li>\n<li><a href=\"http:\/\/www.profesores.frc.utn.edu.ar\/sistemas\/ingsanchez\/Redes\/Archivos\/enrutam.asp\" target=\"_blank\" rel=\"noopener noreferrer\">Entendiendo el Enrutamiento<\/a><\/li>\n<li><a href=\"http:\/\/www.guillesql.es\/Articulos\/Manual_Cisco_CCNA_Protocolos_Enrutamiento.aspx\">Protocolos de Enrutamiento<\/a>, <a href=\"https:\/\/sites.google.com\/site\/redescisco2\/protocolos-de-enrutamiento-vector-distancia\">Vector Distancia<\/a> y <a href=\"http:\/\/giret.ufps.edu.co\/cisco\/descargas\/Presentaciones\/Modulo2_capitulo10.pdf\">Estado de la Red<\/a><\/li>\n<li><a href=\"https:\/\/supportforums.cisco.com\/t5\/routing-y-switching-documentos\/enrutamiento-conceptos-fundamentales\/ta-p\/3166553\">CISCO: Conceptos de Enrutamiento<\/a><\/li>\n<li><a href=\"http:\/\/andersonramirez.tripod.com\/protocolo.htm\">Internos<\/a> vs Externos<\/li>\n<li><a href=\"http:\/\/www.grc.upv.es\/docencia\/tdm\/trabajos2007\/H%E9ctor%20Montane_TCP-Friendly_Rate_Control.pdf\" target=\"_blank\" rel=\"noopener noreferrer\">Caso de Estudio: TFRC<\/a><\/li>\n<\/ul>\n<p><\/div><\/div><br \/>\n<div class='stb-container stb-style-info stb-caption-box stb-no-caption stb-collapsed'><div class='stb-caption'><div class='stb-logo'><img class='stb-logo__image' src='' alt='img'\/><\/div><div class='stb-caption-content'>Unidad II: Protocolos y Servicios de Internet<\/div><div class='stb-tool'><\/div><\/div><div class='stb-content'><\/p>\n<ul>\n<li><a href=\"https:\/\/docs.oracle.com\/cd\/E19957-01\/820-2981\/ipov-10\/\">Protocolos de Internet \u00f3 TCP \/ IP<\/a><\/li>\n<li><a href=\"https:\/\/www.cisco.com\/c\/es_mx\/support\/docs\/ip\/routing-information-protocol-rip\/13769-5.html\">TCP\/IP y Enrutamiento<\/a><\/li>\n<li>Servicio de DNS: <a href=\"https:\/\/www.youtube.com\/watch?v=72snZctFFtA\" target=\"_blank\" rel=\"noopener noreferrer\">Video Explicando DNS<\/a> , <a href=\"https:\/\/www.youtube.com\/watch?v=GlZC4Jwf3xQ&amp;ebc=ANyPxKqXoYWWgqubazXqH5TYgJBdzN2B0ypnWfGax-ffylEf3BufTq5_rfyyMqLWotXW7sycUXLuTmWtY_xJYTLrlJziAuaWzw\" target=\"_blank\" rel=\"noopener noreferrer\">Video Adentr\u00e1ndonos a DNS<\/a>&nbsp; , <a href=\"https:\/\/www.youtube.com\/watch?v=T6ZD8st8S2w\" target=\"_blank\" rel=\"noopener noreferrer\">Video de Conceptos<\/a> ,&nbsp; <a href=\"https:\/\/www.youtube.com\/watch?v=2ZUxoi7YNgs\" target=\"_blank\" rel=\"noopener noreferrer\">Video Como funciona<\/a><\/li>\n<li>Servicio de <a href=\"https:\/\/es.wikipedia.org\/wiki\/Dynamic_Host_Configuration_Protocol\" target=\"_blank\" rel=\"noopener noreferrer\">DHCP<\/a> :<a href=\"http:\/\/es.ccm.net\/contents\/261-el-protocolo-dhcp\" target=\"_blank\" rel=\"noopener noreferrer\"> Introducci\u00f3n<\/a>, <a href=\"https:\/\/www.youtube.com\/watch?v=RUZohsAxPxQ\" target=\"_blank\" rel=\"noopener noreferrer\">Video1<\/a> y <a href=\"https:\/\/www.youtube.com\/watch?v=uI7edlsN2mo\" target=\"_blank\" rel=\"noopener noreferrer\">Video2<\/a><\/li>\n<li>Servicio de Proxeo y de NAT: <a href=\"https:\/\/www.youtube.com\/watch?v=ZUIKfNX8tA4\" target=\"_blank\" rel=\"noopener noreferrer\">Introducci\u00f3n<\/a>, <a href=\"https:\/\/www.youtube.com\/watch?v=qU0PVSJCKcs\" target=\"_blank\" rel=\"noopener noreferrer\">Video Proxeo<\/a>, <a href=\"https:\/\/www.youtube.com\/watch?v=XFJ6_BYno08&amp;ebc=ANyPxKo9lyYkgOhsfhqndOyA3gkbgxLnlH6sQiZYbEYqPBW_IOEWX_rVQCvsegrlQ1qzbLN5l42vZXALRyF2cZhdDdnBEFJgEA\" target=\"_blank\" rel=\"noopener noreferrer\">Video Socks<\/a>, <a href=\"https:\/\/www.youtube.com\/watch?v=nd28mlP6kQQ#t=4.038299\" target=\"_blank\" rel=\"noopener noreferrer\">Video NAT\/PAT<\/a><\/li>\n<li>Almacenamiento Remoto\n<ul>\n<li>Transparente\n<ul>\n<li><a href=\"https:\/\/www.samba.org\/cifs\/\">CIFS<\/a><\/li>\n<li><a href=\"http:\/\/searchenterprisedesktop.techtarget.com\/definition\/Network-File-System\">NFS<\/a><\/li>\n<li><a href=\"https:\/\/www.openafs.org\/\">OpenAFS<\/a><\/li>\n<li><a href=\"http:\/\/www.coda.cs.cmu.edu\/ljpaper\/lj.html\">Coda<\/a><\/li>\n<\/ul>\n<\/li>\n<li>No Transparente\n<ul>\n<li><a href=\"https:\/\/en.wikipedia.org\/wiki\/File_Transfer_Protocol\">FTP<\/a> , <a href=\"https:\/\/www.lifewire.com\/definition-of-tftp-817576\">TFTP<\/a><\/li>\n<li><a href=\"https:\/\/www.smashingmagazine.com\/2008\/09\/the-top-7-open-source-version-control-systems\/\">Control de Versiones<\/a>: <a href=\"https:\/\/es.wikipedia.org\/wiki\/Control_de_versiones\">CVS<\/a>, <a href=\"https:\/\/git-scm.com\/book\/en\/v2\/Getting-Started-About-Version-Control\">GIT<\/a> , <a href=\"https:\/\/subversion.apache.org\/\">Subversi\u00f3n (SVN)<\/a> &#8211;&nbsp; <a href=\"https:\/\/www.g2crowd.com\/categories\/version-control-systems\">Comparaci\u00f3n 2018<\/a><\/li>\n<li>Nubes: <a href=\"https:\/\/www.dropbox.com\">DropBox<\/a>, OneDrive, GoogleDrive, Mega, MediaFire, Plex, OwnCloud, NextCloud<\/li>\n<\/ul>\n<\/li>\n<\/ul>\n<\/li>\n<li>Servicios de Sesiones Remotas: <a href=\"http:\/\/definicion.de\/telnet\/\" target=\"_blank\" rel=\"noopener noreferrer\">Telnet<\/a> y <a href=\"https:\/\/es.wikipedia.org\/wiki\/Secure_Shell\" target=\"_blank\" rel=\"noopener noreferrer\">SSH<\/a> , <a href=\"https:\/\/tools.ietf.org\/html\/rfc854\" target=\"_blank\" rel=\"noopener noreferrer\">RFC 854<\/a><\/li>\n<li>Aplicaciones y <a href=\"https:\/\/es.wikipedia.org\/wiki\/Escritorio_remoto\" target=\"_blank\" rel=\"noopener noreferrer\">Escritorios Remotos<\/a>: <a href=\"https:\/\/es.wikipedia.org\/wiki\/Sistema_de_ventanas_X\" target=\"_blank\" rel=\"noopener noreferrer\">X11<\/a> , NX, XDMCP, RDP, <a href=\"https:\/\/es.wikipedia.org\/wiki\/Independent_Computing_Architecture\" target=\"_blank\" rel=\"noopener noreferrer\">Citrix ICA<\/a>, <a href=\"https:\/\/es.wikipedia.org\/wiki\/VNC\" target=\"_blank\" rel=\"noopener noreferrer\">VNC<\/a><\/li>\n<li>Servicio de impresi\u00f3n remota: CUPS<\/li>\n<li>Servicios de Informaci\u00f3n\n<ul>\n<li>As\u00edncronos: Correo Electr\u00f3nico, P\u00e1ginas Web, WhoIS<\/li>\n<li>S\u00edncronos: Mensajer\u00eda Instant\u00e1nea, VoIP, Conferencias Web, Video Conferencias, Streams<\/li>\n<\/ul>\n<\/li>\n<\/ul>\n<p><\/div><\/div><br \/>\n<div class='stb-container stb-style-info stb-caption-box stb-no-caption stb-collapsed'><div class='stb-caption'><div class='stb-logo'><img class='stb-logo__image' src='' alt='img'\/><\/div><div class='stb-caption-content'>Unidad III: Redes y Servicios en UNIX<\/div><div class='stb-tool'><\/div><\/div><div class='stb-content'><\/p>\n<ul>\n<li><a href=\"http:\/\/docentes.uaa.mx\/guido\/wp-content\/uploads\/sites\/2\/2015\/05\/Directorios-y-NIS.pdf\" target=\"_blank\" rel=\"noopener noreferrer\">Directorios y NIS<\/a><\/li>\n<li><a href=\"http:\/\/web.mit.edu\/kerberos\/\">Kerberos en el MIT<\/a><\/li>\n<li><a href=\"https:\/\/docs.oracle.com\/cd\/E24842_01\/html\/E23286\/intro-25.html\">Como funciona Kerberos<\/a><\/li>\n<li><a href=\"http:\/\/docentes.uaa.mx\/guido\/wp-content\/uploads\/sites\/2\/2015\/05\/LDAP101.pdf\" target=\"_blank\" rel=\"noopener noreferrer\">Understanding LDAP<\/a><\/li>\n<li><a href=\"http:\/\/www.tuxradar.com\/content\/how-pam-works\">Como funciona PAM<\/a><\/li>\n<li><a href=\"http:\/\/docentes.uaa.mx\/guido\/wp-content\/uploads\/sites\/2\/2015\/05\/ldapv3.pdf.zip\" target=\"_blank\" rel=\"noopener noreferrer\">Todo LDAP en zip<\/a><\/li>\n<li><a href=\"http:\/\/docentes.uaa.mx\/guido\/wp-content\/uploads\/sites\/2\/2015\/05\/Configuracion-de-Servicios.pdf\" target=\"_blank\" rel=\"noopener noreferrer\">Configuraci\u00f3n de Servicios<\/a><\/li>\n<li><a href=\"http:\/\/docentes.uaa.mx\/guido\/wp-content\/uploads\/sites\/2\/2015\/05\/admlinux-1x2.pdf\" target=\"_blank\" rel=\"noopener noreferrer\">Administraci\u00f3n de Linux para estudiantes<\/a><\/li>\n<li><a href=\"http:\/\/docentes.uaa.mx\/guido\/wp-content\/uploads\/sites\/2\/2015\/05\/garl-2.0.pdf\" target=\"_blank\" rel=\"noopener noreferrer\">Linux Administraci\u00f3n de Redes<\/a><\/li>\n<\/ul>\n<p><\/div><\/div><br \/>\n<div class='stb-container stb-style-info stb-caption-box stb-no-caption stb-collapsed'><div class='stb-caption'><div class='stb-logo'><img class='stb-logo__image' src='' alt='img'\/><\/div><div class='stb-caption-content'>Unidad IV: Redes de Microsoftt y Servidores NT<\/div><div class='stb-tool'><\/div><\/div><div class='stb-content'><\/p>\n<ul>\n<li><a href=\"http:\/\/docentes.uaa.mx\/guido\/wp-content\/uploads\/sites\/2\/2015\/04\/NetBIOS.pdf\" target=\"_blank\" rel=\"noopener noreferrer\">NetBIOS<\/a><\/li>\n<li><a href=\"http:\/\/docentes.uaa.mx\/guido\/wp-content\/uploads\/sites\/2\/2015\/04\/What-is-SMB_.pdf\" target=\"_blank\" rel=\"noopener noreferrer\">Que es SMB<\/a><\/li>\n<li><a href=\"http:\/\/docentes.uaa.mx\/guido\/wp-content\/uploads\/sites\/2\/2015\/04\/SMB.pdf\" target=\"_blank\" rel=\"noopener noreferrer\">SMB<\/a><\/li>\n<li><a href=\"http:\/\/docentes.uaa.mx\/guido\/wp-content\/uploads\/sites\/2\/2015\/04\/Windows-2000-Server-Avanzado.pdf\" target=\"_blank\" rel=\"noopener noreferrer\">Windows 2000 Server Avanzado<\/a><\/li>\n<li><a href=\"http:\/\/docentes.uaa.mx\/guido\/wp-content\/uploads\/sites\/2\/2015\/04\/Gu\u00eda-b\u00e1sica-de-productos-Windows-Server.pdf\" target=\"_blank\" rel=\"noopener noreferrer\">Gu\u00eda b\u00e1sica de productos Windows Server<\/a><\/li>\n<li><a href=\"http:\/\/docentes.uaa.mx\/guido\/wp-content\/uploads\/sites\/2\/2015\/04\/Windows-NT.pdf\" target=\"_blank\" rel=\"noopener noreferrer\">Tabla comparativa entre versiones de NT<\/a><\/li>\n<li><a href=\"http:\/\/docentes.uaa.mx\/guido\/wp-content\/uploads\/sites\/2\/2015\/04\/WS2008R2_basics.pdf\" target=\"_blank\" rel=\"noopener noreferrer\">WS2008R2_basics<\/a><\/li>\n<li><a href=\"http:\/\/docentes.uaa.mx\/guido\/wp-content\/uploads\/sites\/2\/2015\/04\/NT2008R2_WS-Brand-Pages-Editions-Comparison-Guide.pdf\" target=\"_blank\" rel=\"noopener noreferrer\">NT2008R2_WS Brand Pages &#8211; Editions Comparison Guide<\/a><\/li>\n<li><a href=\"http:\/\/docentes.uaa.mx\/guido\/wp-content\/uploads\/sites\/2\/2015\/04\/Windows_Server_2008_R2_SP1_Technical_Overview.pdf\" target=\"_blank\" rel=\"noopener noreferrer\">Windows_Server_2008_R2_SP1_Technical_Overview<\/a><\/li>\n<li><a href=\"http:\/\/docentes.uaa.mx\/guido\/wp-content\/uploads\/sites\/2\/2015\/04\/active-directory.pdf\" target=\"_blank\" rel=\"noopener noreferrer\">Presentaci\u00f3n de Active Directory<\/a><\/li>\n<li><a href=\"http:\/\/docentes.uaa.mx\/guido\/wp-content\/uploads\/sites\/2\/2015\/04\/Active-Directory-and-Group-Policy.pdf\" target=\"_blank\" rel=\"noopener noreferrer\">Pol\u00edticas de Grupo en el Active Directory<\/a><\/li>\n<li><a href=\"http:\/\/docentes.uaa.mx\/guido\/wp-content\/uploads\/sites\/2\/2015\/04\/Best-Practice-Active-Directory-Design-for-Managing-Windows-Networks.pdf\" target=\"_blank\" rel=\"noopener noreferrer\">Best Practice Active Directory Design for Managing Windows Networks<\/a><\/li>\n<li><a href=\"http:\/\/docentes.uaa.mx\/guido\/wp-content\/uploads\/sites\/2\/2015\/04\/IIS-y-FTP-Servers.pdf\" target=\"_blank\" rel=\"noopener noreferrer\">IIS y FTP Servers<\/a><\/li>\n<li><a href=\"http:\/\/docentes.uaa.mx\/guido\/wp-content\/uploads\/sites\/2\/2015\/04\/TerminalServerOverview.pdf\" target=\"_blank\" rel=\"noopener noreferrer\">TerminalServerOverview<\/a><\/li>\n<li><a href=\"http:\/\/docentes.uaa.mx\/guido\/wp-content\/uploads\/sites\/2\/2015\/04\/DFS-Creaci\u00f3n.pdf\" target=\"_blank\" rel=\"noopener noreferrer\">DFS Creaci\u00f3n<\/a><\/li>\n<li><a href=\"http:\/\/docentes.uaa.mx\/guido\/wp-content\/uploads\/sites\/2\/2015\/04\/Step-to-DFS.pdf\" target=\"_blank\" rel=\"noopener noreferrer\">Step to DFS<\/a><\/li>\n<\/ul>\n<p><\/div><\/div><br \/>\n<div class='stb-container stb-style-info stb-caption-box stb-no-caption stb-collapsed'><div class='stb-caption'><div class='stb-logo'><img class='stb-logo__image' src='' alt='img'\/><\/div><div class='stb-caption-content'>Unidad V: Intranets, Extranets y VPNs<\/div><div class='stb-tool'><\/div><\/div><div class='stb-content'><\/p>\n<ul>\n<li><a href=\"http:\/\/docentes.uaa.mx\/guido\/wp-content\/uploads\/sites\/2\/2015\/06\/intranet-concepts.pdf\" target=\"_blank\" rel=\"noopener noreferrer\">Conceptos de Intranet<\/a><\/li>\n<li><a href=\"http:\/\/docentes.uaa.mx\/guido\/wp-content\/uploads\/sites\/2\/2015\/06\/Intranet-infrastructure.pdf\" target=\"_blank\" rel=\"noopener noreferrer\">Infraestructura para Intranets<\/a><\/li>\n<li><a href=\"http:\/\/docentes.uaa.mx\/guido\/wp-content\/uploads\/sites\/2\/2015\/06\/intranet-organization.pdf\" target=\"_blank\" rel=\"noopener noreferrer\">Organizaci\u00f3n de Intranets<\/a><\/li>\n<li><a href=\"http:\/\/docentes.uaa.mx\/guido\/wp-content\/uploads\/sites\/2\/2015\/06\/What-is-extranet_-a-definition-from-Whatis.pdf\" target=\"_blank\" rel=\"noopener noreferrer\">Qu\u00e9 es una Extranet<\/a><\/li>\n<li><a href=\"http:\/\/docentes.uaa.mx\/guido\/wp-content\/uploads\/sites\/2\/2015\/06\/Building-Extranets.pdf\" target=\"_blank\" rel=\"noopener noreferrer\">Construyendo Extranets<\/a><\/li>\n<li><a href=\"http:\/\/docentes.uaa.mx\/guido\/wp-content\/uploads\/sites\/2\/2015\/06\/Extranets-and-Intergroupware.pdf\" target=\"_blank\" rel=\"noopener noreferrer\">Extranets e Intergroupware<\/a><\/li>\n<li><a href=\"http:\/\/docentes.uaa.mx\/guido\/wp-content\/uploads\/sites\/2\/2015\/06\/VPN-White-Paper.pdf\" target=\"_blank\" rel=\"noopener noreferrer\">VPN<\/a><\/li>\n<li><a href=\"http:\/\/docentes.uaa.mx\/guido\/wp-content\/uploads\/sites\/2\/2015\/06\/vpn-whatis.pdf\" target=\"_blank\" rel=\"noopener noreferrer\">Qu\u00e9 es una VPN<\/a><\/li>\n<\/ul>\n<p><\/div><\/div><br \/>\n<span style=\"color: #800000\"><em><strong>Gu\u00edas para Ex\u00e1menes:<\/strong><\/em><\/span><\/p>\n<ul>\n<li><a href=\"https:\/\/docentes.uaa.mx\/guido\/?ddownload=897\" title=\"Gu\u00eda para el 1er parcial: Enrutamiento y Virtualizaci\u00f3n\" rel=\"nofollow\" class=\"ddownload-button button-blue id-897 ext-pdf\">Gu\u00eda para el 1er parcial: Enrutamiento y Virtualizaci\u00f3n<\/a><\/li>\n<li><a href=\"https:\/\/docentes.uaa.mx\/guido\/?ddownload=902\" title=\"2o Examen Parcial para Ambos Grupos\" rel=\"nofollow\" class=\"ddownload-button button-blue id-902 ext-pdf\">2o Examen Parcial para Ambos Grupos<\/a><\/li>\n<li><a href=\"https:\/\/docentes.uaa.mx\/guido\/?ddownload=484\" title=\"Gu\u00eda para el examen final: Redes MSN e Intranet, Extranets y VPNs\" rel=\"nofollow\" class=\"ddownload-button button-blue id-484 ext-pdf\">Gu\u00eda para el examen final: Redes MSN e Intranet, Extranets y VPNs<\/a><\/li>\n<\/ul>\n<p><span style=\"color: #800000\">Proyecto Final:<\/span><\/p>\n<ul>\n<li><a href=\"https:\/\/docentes.uaa.mx\/guido\/?ddownload=906\" title=\"Proyecto Final para Redes de Computadoras 2\" rel=\"nofollow\" class=\"ddownload-button button-blue id-906 ext-pdf\">Proyecto Final para Redes de Computadoras 2<\/a><\/li>\n<\/ul>\n<p>Libro de Linux<\/p>\n<a href=\"https:\/\/docentes.uaa.mx\/guido\/?ddownload=287236\" title=\"Libro de Administraci\u00f3n de Servicios en Linux\" rel=\"nofollow\" class=\"ddownload-button button-blue id-287236 ext-pdf\">Libro de Administraci\u00f3n de Servicios en Linux<\/a>\n<div class=\"itanywhere-activator\" title=\"Google Translator Anywhere\">&nbsp;<\/div>\n","protected":false},"excerpt":{"rendered":"<p>&nbsp; &nbsp; Materia: Redes de Computadoras II Clave: 24950 Carrera: Ingenier\u00eda en Sistemas Computacionales Semestre; 6o Grupo: C &nbsp; Soporte para el Curso a trav\u00e9s de Moodle Noticias: Buz\u00f3n de Entrega de Tareas \/ Presentaciones \/ Investigaciones Repaso para Redes I Redes de Computadoras II Gu\u00edas para Ex\u00e1menes: Proyecto Final: Libro de Linux &nbsp; &nbsp; [&hellip;]<\/p>\n","protected":false},"author":2,"featured_media":374,"parent":28,"menu_order":0,"comment_status":"closed","ping_status":"open","template":"","meta":{"ngg_post_thumbnail":0,"footnotes":""},"class_list":["post-358","page","type-page","status-publish","has-post-thumbnail","hentry"],"_links":{"self":[{"href":"https:\/\/docentes.uaa.mx\/guido\/wp-json\/wp\/v2\/pages\/358"}],"collection":[{"href":"https:\/\/docentes.uaa.mx\/guido\/wp-json\/wp\/v2\/pages"}],"about":[{"href":"https:\/\/docentes.uaa.mx\/guido\/wp-json\/wp\/v2\/types\/page"}],"author":[{"embeddable":true,"href":"https:\/\/docentes.uaa.mx\/guido\/wp-json\/wp\/v2\/users\/2"}],"replies":[{"embeddable":true,"href":"https:\/\/docentes.uaa.mx\/guido\/wp-json\/wp\/v2\/comments?post=358"}],"version-history":[{"count":105,"href":"https:\/\/docentes.uaa.mx\/guido\/wp-json\/wp\/v2\/pages\/358\/revisions"}],"predecessor-version":[{"id":287283,"href":"https:\/\/docentes.uaa.mx\/guido\/wp-json\/wp\/v2\/pages\/358\/revisions\/287283"}],"up":[{"embeddable":true,"href":"https:\/\/docentes.uaa.mx\/guido\/wp-json\/wp\/v2\/pages\/28"}],"wp:featuredmedia":[{"embeddable":true,"href":"https:\/\/docentes.uaa.mx\/guido\/wp-json\/wp\/v2\/media\/374"}],"wp:attachment":[{"href":"https:\/\/docentes.uaa.mx\/guido\/wp-json\/wp\/v2\/media?parent=358"}],"curies":[{"name":"wp","href":"https:\/\/api.w.org\/{rel}","templated":true}]}}