{"id":369,"date":"2015-01-26T11:03:39","date_gmt":"2015-01-26T17:03:39","guid":{"rendered":"http:\/\/docentes.uaa.mx\/guido\/?page_id=369"},"modified":"2019-06-17T12:20:03","modified_gmt":"2019-06-17T17:20:03","slug":"ici-redes-ii","status":"publish","type":"page","link":"https:\/\/docentes.uaa.mx\/guido\/materias\/ici-redes-ii\/","title":{"rendered":"ICI 8o &#8211; Redes II"},"content":{"rendered":"<p><a href=\"http:\/\/docentes.uaa.mx\/guido\/wp-content\/uploads\/sites\/2\/2015\/08\/SisDis.jpg\"><img loading=\"lazy\" decoding=\"async\" class=\"alignleft size-medium wp-image-561\" src=\"http:\/\/docentes.uaa.mx\/guido\/wp-content\/uploads\/sites\/2\/2015\/08\/SisDis-300x179.jpg\" alt=\"\" width=\"300\" height=\"179\" srcset=\"https:\/\/docentes.uaa.mx\/guido\/wp-content\/uploads\/sites\/2\/2015\/08\/SisDis-300x179.jpg 300w, https:\/\/docentes.uaa.mx\/guido\/wp-content\/uploads\/sites\/2\/2015\/08\/SisDis.jpg 640w\" sizes=\"(max-width: 300px) 100vw, 300px\" \/><\/a><\/p>\n<p>Materia: <em><strong>Redes II<\/strong><\/em><\/p>\n<p>Clave: <em><strong>17591<\/strong><\/em><\/p>\n<p>Carrera: <em><strong>Ingenier\u00eda en Computaci\u00f3n Inteligente<\/strong><\/em><\/p>\n<p style=\"text-align: center\">Semestre; 8<em><strong>o<\/strong><\/em><\/p>\n<p style=\"text-align: center\">Grupo: <em><strong>A<br \/>\n<\/strong><\/em><\/p>\n<p style=\"text-align: center\"><a href=\"https:\/\/docentes.uaa.mx\/guido\/?ddownload=863\" title=\"Programa de la Materia\" rel=\"nofollow\" class=\"ddownload-button button-blue id-863 ext-pdf\">Programa de la Materia<\/a><\/p>\n<p style=\"text-align: center\"><a href=\"http:\/\/ccbas.uaa.mx\/moodle\/course\/view.php?id=5\">Soporte para el Curso a trav\u00e9s de Moodle<\/a><\/p>\n<hr \/>\n<h1 style=\"text-align: center\"><span style=\"color: #800000\"><em>Noticias:<\/em><\/span><\/h1>\n<ul>\n<li><a href=\"http:\/\/docentes.uaa.mx\/guido\/materias\/buzon-para-tareas\" target=\"_blank\" rel=\"noopener noreferrer\">Buz\u00f3n de Entrega de Tareas \/ Presentaciones \/ Investigaciones <\/a><\/li>\n<li><a href=\"https:\/\/docentes.uaa.mx\/guido\/?ddownload=115306\" title=\"Formato para el Registro de Equipos (Descargar, Llenar y Entregar)\" rel=\"nofollow\" class=\"ddownload-button button-blue id-115306 ext-pdf\">Formato para el Registro de Equipos (Descargar, Llenar y Entregar)<\/a><\/li>\n<\/ul>\n<hr \/>\n<h1 style=\"text-align: center\"><span style=\"color: #000080\"><em>Repaso para Redes I<\/em><\/span><\/h1>\n<div class='stb-container stb-style-info stb-caption-box stb-no-caption stb-collapsed'><div class='stb-caption'><div class='stb-logo'><img class='stb-logo__image' src='' alt='img'\/><\/div><div class='stb-caption-content'>Material de Apoyo<\/div><div class='stb-tool'><\/div><\/div><div class='stb-content'><\/p>\n<p style=\"text-align: center\"><em>Espa\u00f1ol:<\/em><\/p>\n<ul>\n<li>Documento de <a href=\"http:\/\/docentes.uaa.mx\/guido\/wp-content\/uploads\/sites\/2\/2014\/12\/teleyredes.pdf\">Teleproceso y Redes<\/a><\/li>\n<li><a href=\"http:\/\/docentes.uaa.mx\/guido\/wp-content\/uploads\/sites\/2\/2014\/12\/Introduccion-a-las-Tecnolog\u00edas-de-Redes.zip\">Introducci\u00f3n a las Tecnolog\u00edas de Redes<\/a><\/li>\n<li><a href=\"http:\/\/docentes.uaa.mx\/guido\/wp-content\/uploads\/sites\/2\/2014\/12\/introredes.pdf\">Introducci\u00f3n a las Redes<\/a><\/li>\n<li>Telecomunicaciones: <a href=\"http:\/\/es.wikipedia.org\/wiki\/Telecomunicaciones\">http:\/\/es.wikipedia.org\/wiki\/Telecomunicaciones<\/a><\/li>\n<li>Transmisi\u00f3n: <a href=\"http:\/\/es.wikipedia.org\/wiki\/Sistema_de_transmisi%C3%B3n\">http:\/\/es.wikipedia.org\/wiki\/Sistema_de_transmisi%C3%B3n<\/a><\/li>\n<li>Cable de Par Trenzado: <a href=\"http:\/\/es.wikipedia.org\/wiki\/Cable_de_par_trenzado\">http:\/\/es.wikipedia.org\/wiki\/Cable_de_par_trenzado<\/a><\/li>\n<li>Cable Coaxial: <a href=\"http:\/\/es.wikipedia.org\/wiki\/Cable_coaxial\">http:\/\/es.wikipedia.org\/wiki\/Cable_coaxial<\/a><\/li>\n<li>Cable de Fibra \u00d3ptica: <a href=\"http:\/\/es.wikipedia.org\/wiki\/Cable_de_fibra_%C3%B3ptica\">http:\/\/es.wikipedia.org\/wiki\/Cable_de_fibra_%C3%B3ptica<\/a><\/li>\n<\/ul>\n<p style=\"text-align: center\"><em>Ingles:<\/em><\/p>\n<ul>\n<li>Redes de Computadoras: <a href=\"http:\/\/en.wikipedia.org\/wiki\/Computer_network\">http:\/\/en.wikipedia.org\/wiki\/Computer_networ<\/a><\/li>\n<li>Comunicaciones: <a href=\"http:\/\/www.techbooksforfree.com\/intro_to_data_com\/toc.html#toc\">http:\/\/www.techbooksforfree.com\/intro_to_data_com\/toc.html#toc<\/a><\/li>\n<\/ul>\n<p><\/div><\/div>\n<hr \/>\n<h1 style=\"text-align: center\"><span style=\"color: #000080\"><em> Redes II<\/em><\/span><\/h1>\n<div class='stb-container stb-style-info stb-caption-box stb-no-caption stb-collapsed'><div class='stb-caption'><div class='stb-logo'><img class='stb-logo__image' src='' alt='img'\/><\/div><div class='stb-caption-content'>Unidad I: Dise\u00f1o y Cableado de una Red<\/div><div class='stb-tool'><\/div><\/div><div class='stb-content'>\n<ul>\n<li><a href=\"http:\/\/docentes.uaa.mx\/guido\/archivo\/Cursos\/Redes2\/SmartDraw%20Network%20Design%20Center.pdf\" target=\"_blank\" rel=\"noopener noreferrer\">Centro de Dise\u00f1o de Redes SmartDraw<\/a><\/li>\n<li><a href=\"http:\/\/docentes.uaa.mx\/guido\/wp-content\/uploads\/sites\/2\/2015\/02\/Presentaci\u00f3n-Cableado-Estructurado-2004-3-laminas-por-pagina.pdf\" target=\"_blank\" rel=\"noopener noreferrer\">Cableado Estructurado<\/a><\/li>\n<li><a href=\"http:\/\/docentes.uaa.mx\/guido\/wp-content\/uploads\/sites\/2\/2016\/06\/NetworkAnalysis_ch1.pdf\" target=\"_blank\" rel=\"noopener noreferrer\">An\u00e1lisis para la implementaci\u00f3n de una red<\/a><\/li>\n<li><a href=\"http:\/\/docentes.uaa.mx\/guido\/wp-content\/uploads\/sites\/2\/2016\/06\/09_CCNA_Cableado-Estructurado.pdf\" target=\"_blank\" rel=\"noopener noreferrer\">CCNA &#8211; Cableado Estructurado<\/a><\/li>\n<li><a href=\"http:\/\/docentes.uaa.mx\/guido\/wp-content\/uploads\/sites\/2\/2016\/06\/08_CCNA_Dise\u00f1o-y-Documentaci\u00f3n-de-Redes.pdf\" target=\"_blank\" rel=\"noopener noreferrer\">CCNA &#8211; Dise\u00f1o y Documentaci\u00f3n de Redes<\/a><\/li>\n<li><a href=\"http:\/\/docentes.uaa.mx\/guido\/wp-content\/uploads\/sites\/2\/2016\/06\/Network-Design-1.pdf\" target=\"_blank\" rel=\"noopener noreferrer\">Dise\u00f1o de Redes<\/a><\/li>\n<li>Gu\u00eda del Dise\u00f1o de Redes: <a href=\"http:\/\/docwiki.cisco.com\/wiki\/Internetwork_Design_Guide_--_Introduction\">Introducci\u00f3n<\/a> , <a href=\"http:\/\/docwiki.cisco.com\/wiki\/Internetwork_Design_Guide_--_Internetworking_Design_Basics\">Bases del Dise\u00f1o<\/a><\/li>\n<li><a href=\"http:\/\/searchitchannel.techtarget.com\/feature\/Channel-Checklist-10-steps-for-network-documentation\" target=\"_blank\" rel=\"noopener noreferrer\">Documentando la Red<\/a><\/li>\n<li><a href=\"http:\/\/www.mercadeo.com\/blog\/2012\/12\/virtualizacion-y-computacion-en-la-nube\/\" target=\"_blank\" rel=\"noopener noreferrer\">Virtualizaci\u00f3n y C\u00f3mputo en la Nube<\/a><\/li>\n<li><a href=\"http:\/\/www.vmware.com\/latam\/virtualization\/virtualization-basics\/what-is-virtualization.html\" target=\"_blank\" rel=\"noopener noreferrer\">Aspectos Fundamentales en la Virtualizaci\u00f3n<\/a><\/li>\n<li><a href=\"http:\/\/148.211.252.33\/guido\/wp-content\/uploads\/sites\/12\/2013\/03\/070301-application_virtualization_the_next_frontier.pdf\" target=\"_blank\" rel=\"noopener noreferrer\">Documento de Virtualizaci\u00f3n de MicroSoft<\/a><\/li>\n<\/ul>\n<p><\/div><\/div><br \/>\n<div class='stb-container stb-style-info stb-caption-box stb-no-caption stb-collapsed'><div class='stb-caption'><div class='stb-logo'><img class='stb-logo__image' src='' alt='img'\/><\/div><div class='stb-caption-content'>Unidad II: Redes Microsoftt y Servidores Windows<\/div><div class='stb-tool'><\/div><\/div><div class='stb-content'><\/p>\n<ul>\n<li><a href=\"http:\/\/docentes.uaa.mx\/guido\/wp-content\/uploads\/sites\/2\/2015\/04\/NetBIOS.pdf\" target=\"_blank\" rel=\"noopener noreferrer\">NetBIOS<\/a><\/li>\n<li><a href=\"http:\/\/docentes.uaa.mx\/guido\/wp-content\/uploads\/sites\/2\/2015\/04\/What-is-SMB_.pdf\" target=\"_blank\" rel=\"noopener noreferrer\">Que es SMB<\/a><\/li>\n<li><a href=\"http:\/\/docentes.uaa.mx\/guido\/wp-content\/uploads\/sites\/2\/2015\/04\/SMB.pdf\" target=\"_blank\" rel=\"noopener noreferrer\">SMB<\/a><\/li>\n<li><a href=\"http:\/\/docentes.uaa.mx\/guido\/wp-content\/uploads\/sites\/2\/2015\/04\/Windows-2000-Server-Avanzado.pdf\" target=\"_blank\" rel=\"noopener noreferrer\">Windows 2000 Server Avanzado<\/a><\/li>\n<li><a href=\"http:\/\/docentes.uaa.mx\/guido\/wp-content\/uploads\/sites\/2\/2015\/04\/Gu\u00eda-b\u00e1sica-de-productos-Windows-Server.pdf\" target=\"_blank\" rel=\"noopener noreferrer\">Gu\u00eda b\u00e1sica de productos Windows Server<\/a><\/li>\n<li><a href=\"http:\/\/docentes.uaa.mx\/guido\/wp-content\/uploads\/sites\/2\/2015\/04\/Windows-NT.pdf\" target=\"_blank\" rel=\"noopener noreferrer\">Tabla comparativa entre versiones de NT<\/a><\/li>\n<li><a href=\"http:\/\/docentes.uaa.mx\/guido\/wp-content\/uploads\/sites\/2\/2015\/04\/WS2008R2_basics.pdf\" target=\"_blank\" rel=\"noopener noreferrer\">WS2008R2_basics<\/a><\/li>\n<li><a href=\"http:\/\/docentes.uaa.mx\/guido\/wp-content\/uploads\/sites\/2\/2015\/04\/NT2008R2_WS-Brand-Pages-Editions-Comparison-Guide.pdf\" target=\"_blank\" rel=\"noopener noreferrer\">NT2008R2_WS Brand Pages &#8211; Editions Comparison Guide<\/a><\/li>\n<li><a href=\"http:\/\/docentes.uaa.mx\/guido\/wp-content\/uploads\/sites\/2\/2015\/04\/Windows_Server_2008_R2_SP1_Technical_Overview.pdf\" target=\"_blank\" rel=\"noopener noreferrer\">Windows_Server_2008_R2_SP1_Technical_Overview<\/a><\/li>\n<li><a href=\"http:\/\/docentes.uaa.mx\/guido\/wp-content\/uploads\/sites\/2\/2015\/04\/active-directory.pdf\" target=\"_blank\" rel=\"noopener noreferrer\">Presentaci\u00f3n de Active Directory<\/a><\/li>\n<li><a href=\"http:\/\/docentes.uaa.mx\/guido\/wp-content\/uploads\/sites\/2\/2015\/04\/Active-Directory-and-Group-Policy.pdf\" target=\"_blank\" rel=\"noopener noreferrer\">Pol\u00edticas de Grupo en el Active Directory<\/a><\/li>\n<li><a href=\"http:\/\/docentes.uaa.mx\/guido\/wp-content\/uploads\/sites\/2\/2015\/04\/Best-Practice-Active-Directory-Design-for-Managing-Windows-Networks.pdf\" target=\"_blank\" rel=\"noopener noreferrer\">Best Practice Active Directory Design for Managing Windows Networks<\/a><\/li>\n<li><a href=\"http:\/\/docentes.uaa.mx\/guido\/wp-content\/uploads\/sites\/2\/2015\/04\/IIS-y-FTP-Servers.pdf\" target=\"_blank\" rel=\"noopener noreferrer\">IIS y FTP Servers<\/a><\/li>\n<li><a href=\"http:\/\/docentes.uaa.mx\/guido\/wp-content\/uploads\/sites\/2\/2015\/04\/TerminalServerOverview.pdf\" target=\"_blank\" rel=\"noopener noreferrer\">TerminalServerOverview<\/a><\/li>\n<li><a href=\"http:\/\/docentes.uaa.mx\/guido\/wp-content\/uploads\/sites\/2\/2015\/04\/DFS-Creaci\u00f3n.pdf\" target=\"_blank\" rel=\"noopener noreferrer\">DFS Creaci\u00f3n<\/a><\/li>\n<li><a href=\"http:\/\/docentes.uaa.mx\/guido\/wp-content\/uploads\/sites\/2\/2015\/04\/Step-to-DFS.pdf\" target=\"_blank\" rel=\"noopener noreferrer\">Step to DFS<\/a><\/li>\n<\/ul>\n<p><\/div><\/div><br \/>\n<div class='stb-container stb-style-info stb-caption-box stb-no-caption stb-collapsed'><div class='stb-caption'><div class='stb-logo'><img class='stb-logo__image' src='' alt='img'\/><\/div><div class='stb-caption-content'>Unidad III: Redes TCP\/IP y Servidores basados en UNIX<\/div><div class='stb-tool'><\/div><\/div><div class='stb-content'><\/p>\n<ul>\n<li><a href=\"http:\/\/docentes.uaa.mx\/guido\/wp-content\/uploads\/sites\/2\/2015\/05\/Directorios-y-NIS.pdf\" target=\"_blank\" rel=\"noopener noreferrer\">Directorios y NIS<\/a><\/li>\n<li><a href=\"http:\/\/docentes.uaa.mx\/guido\/wp-content\/uploads\/sites\/2\/2015\/05\/LDAP101.pdf\" target=\"_blank\" rel=\"noopener noreferrer\">Understanding LDAP<\/a><\/li>\n<li><a href=\"http:\/\/docentes.uaa.mx\/guido\/wp-content\/uploads\/sites\/2\/2015\/05\/ldapv3.pdf.zip\" target=\"_blank\" rel=\"noopener noreferrer\">Todo LDAP en zip<\/a><\/li>\n<li><a href=\"http:\/\/docentes.uaa.mx\/guido\/wp-content\/uploads\/sites\/2\/2015\/05\/Configuracion-de-Servicios.pdf\" target=\"_blank\" rel=\"noopener noreferrer\">Configuraci\u00f3n de Servicios<\/a><\/li>\n<li><a href=\"http:\/\/docentes.uaa.mx\/guido\/wp-content\/uploads\/sites\/2\/2015\/05\/admlinux-1x2.pdf\" target=\"_blank\" rel=\"noopener noreferrer\">Administraci\u00f3n de Linux para estudiantes<\/a><\/li>\n<li><a href=\"http:\/\/docentes.uaa.mx\/guido\/wp-content\/uploads\/sites\/2\/2015\/05\/garl-2.0.pdf\" target=\"_blank\" rel=\"noopener noreferrer\">Linux Administraci\u00f3n de Redes<\/a><\/li>\n<\/ul>\n<p><\/div><\/div><br \/>\n<div class='stb-container stb-style-info stb-caption-box stb-no-caption stb-collapsed'><div class='stb-caption'><div class='stb-logo'><img class='stb-logo__image' src='' alt='img'\/><\/div><div class='stb-caption-content'>Unidad IV: Intranets, Extranets y VPNs<\/div><div class='stb-tool'><\/div><\/div><div class='stb-content'><\/p>\n<ul>\n<li><a href=\"http:\/\/docentes.uaa.mx\/guido\/wp-content\/uploads\/sites\/2\/2015\/06\/intranet-concepts.pdf\" target=\"_blank\" rel=\"noopener noreferrer\">Conceptos de Intranet<\/a><\/li>\n<li><a href=\"http:\/\/docentes.uaa.mx\/guido\/wp-content\/uploads\/sites\/2\/2015\/06\/Intranet-infrastructure.pdf\" target=\"_blank\" rel=\"noopener noreferrer\">Infraestructura para Intranets<\/a><\/li>\n<li><a href=\"http:\/\/docentes.uaa.mx\/guido\/wp-content\/uploads\/sites\/2\/2015\/06\/intranet-organization.pdf\" target=\"_blank\" rel=\"noopener noreferrer\">Organizaci\u00f3n de Intranets<\/a><\/li>\n<li><a href=\"http:\/\/docentes.uaa.mx\/guido\/wp-content\/uploads\/sites\/2\/2015\/06\/What-is-extranet_-a-definition-from-Whatis.pdf\" target=\"_blank\" rel=\"noopener noreferrer\">Qu\u00e9 es una Extranet<\/a><\/li>\n<li><a href=\"http:\/\/docentes.uaa.mx\/guido\/wp-content\/uploads\/sites\/2\/2015\/06\/Building-Extranets.pdf\" target=\"_blank\" rel=\"noopener noreferrer\">Construyendo Extranets<\/a><\/li>\n<li><a href=\"http:\/\/docentes.uaa.mx\/guido\/wp-content\/uploads\/sites\/2\/2015\/06\/Extranets-and-Intergroupware.pdf\" target=\"_blank\" rel=\"noopener noreferrer\">Extranets e Intergroupware<\/a><\/li>\n<li><a href=\"http:\/\/docentes.uaa.mx\/guido\/wp-content\/uploads\/sites\/2\/2015\/06\/VPN-White-Paper.pdf\" target=\"_blank\" rel=\"noopener noreferrer\">VPN<\/a><\/li>\n<li><a href=\"http:\/\/docentes.uaa.mx\/guido\/wp-content\/uploads\/sites\/2\/2015\/06\/vpn-whatis.pdf\" target=\"_blank\" rel=\"noopener noreferrer\">Qu\u00e9 es una VPN<\/a><\/li>\n<\/ul>\n<p><\/div><\/div><\/p>\n<p><span style=\"color: #800000\"><em><strong>Gu\u00edas para Ex\u00e1menes:<\/strong><\/em><\/span><\/p>\n<ul>\n<li><a href=\"https:\/\/docentes.uaa.mx\/guido\/?ddownload=398\" title=\"Gu\u00eda para el 1er parcial: Dise\u00f1o de Redes\" rel=\"nofollow\" class=\"ddownload-button button-blue id-398 ext-pdf\">Gu\u00eda para el 1er parcial: Dise\u00f1o de Redes<\/a><\/li>\n<li><a href=\"https:\/\/docentes.uaa.mx\/guido\/?ddownload=447\" title=\"Examen 2o parcial: Redes Microsoft y Servidores NT\" rel=\"nofollow\" class=\"ddownload-button button-blue id-447 ext-pdf\">Examen 2o parcial: Redes Microsoft y Servidores NT<\/a><\/li>\n<li><a href=\"https:\/\/docentes.uaa.mx\/guido\/?ddownload=484\" title=\"Gu\u00eda para el examen final: Redes Unix e Intranet, Extranets y VPNs\" rel=\"nofollow\" class=\"ddownload-button button-blue id-484 ext-pdf\">Gu\u00eda para el examen final: Redes Unix e Intranet, Extranets y VPNs<\/a><\/li>\n<li><a href=\"https:\/\/docentes.uaa.mx\/guido\/?ddownload=269482\" title=\"Examen Final para Entregar\" rel=\"nofollow\" class=\"ddownload-button button-blue id-269482 ext-pdf\">Examen Final para Entregar<\/a><\/li>\n<\/ul>\n<p><span style=\"color: #800000\"><em><strong>Proyecto Final:<\/strong><\/em><\/span><\/p>\n<ul>\n<li><a href=\"https:\/\/docentes.uaa.mx\/guido\/?ddownload=906\" title=\"Proyecto Final de Redes 2\" rel=\"nofollow\" class=\"ddownload-button button-blue id-906 ext-pdf\">Proyecto Final de Redes 2<\/a> &#8211; Se entrega el 18 de Junio<\/li>\n<\/ul>\n","protected":false},"excerpt":{"rendered":"<p>Materia: Redes II Clave: 17591 Carrera: Ingenier\u00eda en Computaci\u00f3n Inteligente Semestre; 8o Grupo: A Soporte para el Curso a trav\u00e9s de Moodle Noticias: Buz\u00f3n de Entrega de Tareas \/ Presentaciones \/ Investigaciones Repaso para Redes I Redes II Gu\u00edas para Ex\u00e1menes: Proyecto Final: &#8211; Se entrega el 18 de Junio<\/p>\n","protected":false},"author":2,"featured_media":0,"parent":28,"menu_order":0,"comment_status":"closed","ping_status":"open","template":"","meta":{"ngg_post_thumbnail":0,"footnotes":""},"class_list":["post-369","page","type-page","status-publish","hentry"],"_links":{"self":[{"href":"https:\/\/docentes.uaa.mx\/guido\/wp-json\/wp\/v2\/pages\/369"}],"collection":[{"href":"https:\/\/docentes.uaa.mx\/guido\/wp-json\/wp\/v2\/pages"}],"about":[{"href":"https:\/\/docentes.uaa.mx\/guido\/wp-json\/wp\/v2\/types\/page"}],"author":[{"embeddable":true,"href":"https:\/\/docentes.uaa.mx\/guido\/wp-json\/wp\/v2\/users\/2"}],"replies":[{"embeddable":true,"href":"https:\/\/docentes.uaa.mx\/guido\/wp-json\/wp\/v2\/comments?post=369"}],"version-history":[{"count":37,"href":"https:\/\/docentes.uaa.mx\/guido\/wp-json\/wp\/v2\/pages\/369\/revisions"}],"predecessor-version":[{"id":269775,"href":"https:\/\/docentes.uaa.mx\/guido\/wp-json\/wp\/v2\/pages\/369\/revisions\/269775"}],"up":[{"embeddable":true,"href":"https:\/\/docentes.uaa.mx\/guido\/wp-json\/wp\/v2\/pages\/28"}],"wp:attachment":[{"href":"https:\/\/docentes.uaa.mx\/guido\/wp-json\/wp\/v2\/media?parent=369"}],"curies":[{"name":"wp","href":"https:\/\/api.w.org\/{rel}","templated":true}]}}