{"id":551,"date":"2015-08-10T12:24:50","date_gmt":"2015-08-10T17:24:50","guid":{"rendered":"http:\/\/docentes.uaa.mx\/guido\/?page_id=551"},"modified":"2020-08-25T07:21:04","modified_gmt":"2020-08-25T12:21:04","slug":"isc-redes-de-computadoras-iii","status":"publish","type":"page","link":"https:\/\/docentes.uaa.mx\/guido\/materias\/isc-redes-de-computadoras-iii\/","title":{"rendered":"ISC &#8211; Redes de Computadoras III"},"content":{"rendered":"<p><a href=\"http:\/\/docentes.uaa.mx\/guido\/wp-content\/uploads\/sites\/2\/2015\/08\/SisDis.jpg\"><img loading=\"lazy\" decoding=\"async\" class=\"alignleft wp-image-561 size-medium\" src=\"http:\/\/docentes.uaa.mx\/guido\/wp-content\/uploads\/sites\/2\/2015\/08\/SisDis-300x179.jpg\" alt=\"SisDis\" width=\"300\" height=\"179\" srcset=\"https:\/\/docentes.uaa.mx\/guido\/wp-content\/uploads\/sites\/2\/2015\/08\/SisDis-300x179.jpg 300w, https:\/\/docentes.uaa.mx\/guido\/wp-content\/uploads\/sites\/2\/2015\/08\/SisDis.jpg 640w\" sizes=\"(max-width: 300px) 100vw, 300px\" \/><\/a>Materia:<em><strong> REDES DE COMPUTADORAS III (Sistemas Distribuidos)<br \/>\n<\/strong><\/em><\/p>\n<p>Clave: <strong><em>17691<\/em><\/strong><\/p>\n<p>Carrera: <em><strong>Ingenier\u00eda en Sistemas Computacionales<\/strong><\/em><\/p>\n<p>Ciclo: <em><strong>Agosto \u2013 Diciembre del 2020<\/strong><\/em><\/p>\n<p>Grupos: <em><strong>ISC 7o B<br \/>\n<\/strong><\/em><\/p>\n<p><a href=\"https:\/\/docs.ccbas.uaa.mx\/items\/show\/2\" target=\"_blank\" rel=\"noopener noreferrer\">Programa del Curso<\/a>, (Mirror)<\/p>\n<p>Libros y Material de apoyo:<\/p>\n<ul>\n<li><a href=\"http:\/\/www.capacinet.gob.mx\/Cursos\/Tecnologia%20amiga\/desarrolladordesoftware\/IntroduccionSistemasDistribuidos_SE.pdf\" target=\"_blank\" rel=\"noopener noreferrer\">Introducci\u00f3n a los Sistemas Distribuidos<\/a><\/li>\n<li><a href=\"http:\/\/www1.frm.utn.edu.ar\/soperativos\/Archivos\/Sistemas_Distribuidos.pdf\" target=\"_blank\" rel=\"noopener noreferrer\">Apuntes para Sistemas Distribuidos<\/a><\/li>\n<li><a href=\"https:\/\/mega.co.nz\/#!qNcUkS5b!Ao-R_j9wiqjv5V0PkbIt4jUlpVRlowaqj7dhHJMGXqY\" target=\"_blank\" rel=\"noopener noreferrer\">Sistemas Distribuidos<\/a><\/li>\n<\/ul>\n<p>Buz\u00f3n para Tareas:<\/p>\n<ul>\n<li><a href=\"http:\/\/docentes.uaa.mx\/guido\/materias\/buzon-para-tareas\">Buz\u00f3n para Tareas: <\/a><\/li>\n<\/ul>\n<p>Unidad I: Introducci\u00f3n a los Sistemas Distribuidos<\/p>\n<ul>\n<li><a href=\"http:\/\/docentes.uaa.mx\/guido\/wp-content\/uploads\/sites\/2\/2015\/11\/Cap1.pdf\">Introducci\u00f3n a los Sistemas Distribuidos<\/a><\/li>\n<li><a href=\"http:\/\/docentes.uaa.mx\/guido\/wp-content\/uploads\/sites\/2\/2015\/11\/Introduccion.pdf\">Introducci\u00f3n<\/a><\/li>\n<\/ul>\n<p>Unidad II: Modelado y Dise\u00f1o<\/p>\n<ul>\n<li><a href=\"http:\/\/www.essi.upc.edu\/~gomariz\/index_archivos\/IntroduccionSD-EnricMartinez.pdf\" target=\"_blank\" rel=\"noopener noreferrer\">Dise\u00f1o de Sistemas Distribuidos<\/a><\/li>\n<li><a href=\"http:\/\/docentes.uaa.mx\/guido\/wp-content\/uploads\/sites\/2\/2015\/10\/Sistemas-Distribuidos-modelo-BOB.pdf\">Modelo BOB de Sistemas Distribuidos<\/a><\/li>\n<li><a href=\"http:\/\/docentes.uaa.mx\/guido\/wp-content\/uploads\/sites\/2\/2015\/10\/Sistemas-Distribuidos-modelos.pdf\">Modelos para Sistemas Distribuidos<\/a><\/li>\n<li><a href=\"http:\/\/docentes.uaa.mx\/guido\/wp-content\/uploads\/sites\/2\/2015\/11\/modelos-de-sds.pdf\">Modelos de Sistemas Distribuidos<\/a><\/li>\n<\/ul>\n<p>Unidad III: Redes y Protocolos de Computadoras<\/p>\n<ul>\n<li><a href=\"http:\/\/docentes.uaa.mx\/guido\/wp-content\/uploads\/sites\/2\/2015\/10\/Sockets_Berkley_C.pdf\">Uso de Sockets &#8211; Berkley<\/a><\/li>\n<li><a href=\"http:\/\/docentes.uaa.mx\/guido\/wp-content\/uploads\/sites\/2\/2015\/11\/ClienteServidorSockets.zip\">C\u00f3digo de Chat ClienteServidorSockets por TCP (Streams)<\/a><\/li>\n<li>C\u00f3digo de Chat usando UDP<\/li>\n<\/ul>\n<p>Unidad IV: IPCs y RPCs<\/p>\n<ul>\n<li><a href=\"http:\/\/docentes.uaa.mx\/guido\/wp-content\/uploads\/sites\/2\/2015\/11\/RPC.pdf\">Para entender las RPCs<\/a><\/li>\n<li><a href=\"http:\/\/docentes.uaa.mx\/guido\/wp-content\/uploads\/sites\/2\/2015\/11\/rpc-bind.pdf\">Presentaci\u00f3n de RPCs<\/a><\/li>\n<li><a href=\"http:\/\/docentes.uaa.mx\/guido\/wp-content\/uploads\/sites\/2\/2015\/11\/rmi-gui.zip\">C\u00f3digo de Chat usando Java RMI<\/a><\/li>\n<\/ul>\n<p>Unidad V: Archivos Distribuidos y Directorios<\/p>\n<ul>\n<li><a href=\"http:\/\/docentes.uaa.mx\/guido\/wp-content\/uploads\/sites\/2\/2015\/11\/SistArchDist.pdf\">Introducci\u00f3n a los Sistemas de Archivos Disttribuidos<\/a><\/li>\n<li><a href=\"http:\/\/docentes.uaa.mx\/guido\/wp-content\/uploads\/sites\/2\/2015\/11\/sfd_1pp.pdf\">sfd_1pp<\/a><\/li>\n<li><a href=\"http:\/\/docentes.uaa.mx\/guido\/wp-content\/uploads\/sites\/2\/2015\/11\/DistributedFilesSystems.pdf\">Distributed File Systems<\/a><\/li>\n<\/ul>\n<p>Unidad VI: Sincronizaci\u00f3n y Replicaci\u00f3n<\/p>\n<ul>\n<li><a href=\"http:\/\/docentes.uaa.mx\/guido\/wp-content\/uploads\/sites\/2\/2015\/12\/Cap3.pdf\">Sincronizaci\u00f3n Distribuida<\/a><\/li>\n<li><a href=\"http:\/\/docentes.uaa.mx\/guido\/wp-content\/uploads\/sites\/2\/2015\/12\/Replicacion.pdf\">Replicaci\u00f3n de Datos<\/a><\/li>\n<li><a href=\"http:\/\/docentes.uaa.mx\/guido\/wp-content\/uploads\/sites\/2\/2015\/12\/Consistencia.pdf\">Consistencia<\/a><\/li>\n<li><a href=\"https:\/\/www.oreilly.com\/ideas\/what-is-big-data\" target=\"_blank\" rel=\"noopener noreferrer\">Big Data<\/a><\/li>\n<li><a href=\"https:\/\/opensource.com\/resources\/big-data\" target=\"_blank\" rel=\"noopener noreferrer\">Descubriendo Big Data<\/a><\/li>\n<li><a href=\"http:\/\/docentes.uaa.mx\/guido\/wp-content\/uploads\/sites\/2\/2015\/12\/GlusterFS.pdf\">Introducci\u00f3n a GlusterFS<\/a><\/li>\n<li><a href=\"https:\/\/windowserver.wordpress.com\/2014\/07\/01\/sistema-distribuido-de-archivos-dfs-distributed-file-system-realmente-lo-conoce\/\" target=\"_blank\" rel=\"noopener noreferrer\">Microsoft DFS<\/a><\/li>\n<\/ul>\n<p>Unidad VII: Seguridad<\/p>\n<ul>\n<li><a href=\"http:\/\/docentes.uaa.mx\/guido\/wp-content\/uploads\/sites\/2\/2015\/12\/Seguridad_Sistemas_Distribuidos.pdf\">Seguridaden los Sistemas Distribuidos<\/a><\/li>\n<li><a href=\"http:\/\/docentes.uaa.mx\/guido\/wp-content\/uploads\/sites\/2\/2015\/12\/doc-tutorial-recomendaciones-seguridad.pdf\">Recomendaciones para la Seguridad<\/a><\/li>\n<\/ul>\n<p>Proyecto Final:<\/p>\n<ul>\n<li><a href=\"https:\/\/docentes.uaa.mx\/guido\/?ddownload=620\" title=\"Descripci\u00f3n del Proyecto Final\" rel=\"nofollow\" class=\"ddownload-button button-blue id-620 ext-pdf\">Descripci\u00f3n del Proyecto Final<\/a><\/li>\n<\/ul>\n<p>Gu\u00edas de Estudio:<\/p>\n<ul>\n<li><a href=\"https:\/\/docentes.uaa.mx\/guido\/?ddownload=569\" title=\"Primer parcial de Redes III\" rel=\"nofollow\" class=\"ddownload-button button-blue id-569 ext-pdf\">Primer parcial de Redes III<\/a><\/li>\n<li><a href=\"https:\/\/docentes.uaa.mx\/guido\/?ddownload=587\" title=\"Gu\u00eda para el segundo parcial de Redes III\" rel=\"nofollow\" class=\"ddownload-button button-blue id-587 ext-pdf\">Gu\u00eda para el segundo parcial de Redes III<\/a><\/li>\n<li><a href=\"https:\/\/docentes.uaa.mx\/guido\/?ddownload=647\" title=\"Gu\u00eda para el examen final de Redes III\" rel=\"nofollow\" class=\"ddownload-button button-blue id-647 ext-pdf\">Gu\u00eda para el examen final de Redes III<\/a><\/li>\n<\/ul>\n","protected":false},"excerpt":{"rendered":"<p>Materia: REDES DE COMPUTADORAS III (Sistemas Distribuidos) Clave: 17691 Carrera: Ingenier\u00eda en Sistemas Computacionales Ciclo: Agosto \u2013 Diciembre del 2020 Grupos: ISC 7o B Programa del Curso, (Mirror) Libros y Material de apoyo: Introducci\u00f3n a los Sistemas Distribuidos Apuntes para Sistemas Distribuidos Sistemas Distribuidos Buz\u00f3n para Tareas: Buz\u00f3n para Tareas: Unidad I: Introducci\u00f3n a los [&hellip;]<\/p>\n","protected":false},"author":2,"featured_media":0,"parent":28,"menu_order":5,"comment_status":"closed","ping_status":"open","template":"","meta":{"ngg_post_thumbnail":0,"footnotes":""},"class_list":["post-551","page","type-page","status-publish","hentry"],"_links":{"self":[{"href":"https:\/\/docentes.uaa.mx\/guido\/wp-json\/wp\/v2\/pages\/551"}],"collection":[{"href":"https:\/\/docentes.uaa.mx\/guido\/wp-json\/wp\/v2\/pages"}],"about":[{"href":"https:\/\/docentes.uaa.mx\/guido\/wp-json\/wp\/v2\/types\/page"}],"author":[{"embeddable":true,"href":"https:\/\/docentes.uaa.mx\/guido\/wp-json\/wp\/v2\/users\/2"}],"replies":[{"embeddable":true,"href":"https:\/\/docentes.uaa.mx\/guido\/wp-json\/wp\/v2\/comments?post=551"}],"version-history":[{"count":41,"href":"https:\/\/docentes.uaa.mx\/guido\/wp-json\/wp\/v2\/pages\/551\/revisions"}],"predecessor-version":[{"id":287118,"href":"https:\/\/docentes.uaa.mx\/guido\/wp-json\/wp\/v2\/pages\/551\/revisions\/287118"}],"up":[{"embeddable":true,"href":"https:\/\/docentes.uaa.mx\/guido\/wp-json\/wp\/v2\/pages\/28"}],"wp:attachment":[{"href":"https:\/\/docentes.uaa.mx\/guido\/wp-json\/wp\/v2\/media?parent=551"}],"curies":[{"name":"wp","href":"https:\/\/api.w.org\/{rel}","templated":true}]}}