{"id":651,"date":"2016-01-26T19:46:59","date_gmt":"2016-01-27T01:46:59","guid":{"rendered":"http:\/\/docentes.uaa.mx\/guido\/?page_id=651"},"modified":"2021-08-23T07:52:37","modified_gmt":"2021-08-23T12:52:37","slug":"isc-redes-de-computadoras-i","status":"publish","type":"page","link":"https:\/\/docentes.uaa.mx\/guido\/materias\/isc-redes-de-computadoras-i\/","title":{"rendered":"ISC &#8211; Redes de Computadoras I"},"content":{"rendered":"<p><a href=\"http:\/\/docentes.uaa.mx\/guido\/wp-content\/uploads\/sites\/2\/2016\/02\/redes1.jpg\"><img loading=\"lazy\" decoding=\"async\" class=\"alignleft size-medium wp-image-665\" src=\"http:\/\/docentes.uaa.mx\/guido\/wp-content\/uploads\/sites\/2\/2016\/02\/redes1-300x225.jpg\" alt=\"redes1\" width=\"300\" height=\"225\" srcset=\"https:\/\/docentes.uaa.mx\/guido\/wp-content\/uploads\/sites\/2\/2016\/02\/redes1-300x225.jpg 300w, https:\/\/docentes.uaa.mx\/guido\/wp-content\/uploads\/sites\/2\/2016\/02\/redes1-1024x770.jpg 1024w, https:\/\/docentes.uaa.mx\/guido\/wp-content\/uploads\/sites\/2\/2016\/02\/redes1.jpg 1590w\" sizes=\"(max-width: 300px) 100vw, 300px\" \/><\/a><\/p>\n<p>Materia: <em><strong>Redes de Computadoras I<\/strong><\/em><\/p>\n<p>Clave: <em><strong>17674<\/strong><\/em><\/p>\n<p>Carrera: <em><strong>Ingenier\u00eda en Sistemas Computacionales<\/strong><\/em><\/p>\n<p>Semestre; 5<em><strong>o<\/strong><\/em><\/p>\n<p>Grupos: <em><strong>A y C<\/strong><\/em><\/p>\n<p>&nbsp;<\/p>\n<p>&nbsp;<\/p>\n<p style=\"text-align: center\"><a href=\"https:\/\/moodle.ccbas.uaa.mx\/course\/view.php?id=278\">Soporte para el Curso a trav\u00e9s de Moodle<\/a><\/p>\n<hr \/>\n<h1 style=\"text-align: center\"><span style=\"color: #800000\"><em>Elementos importantes del curso:<\/em><\/span><\/h1>\n<ul>\n<li><a href=\"https:\/\/docentes.uaa.mx\/guido\/?ddownload=656\" title=\"Programa de la Materia\" rel=\"nofollow\" class=\"ddownload-button button-blue id-656 ext-pdf\">Programa de la Materia<\/a><\/li>\n<li><a href=\"http:\/\/docentes.uaa.mx\/guido\/materias\/buzon-para-tareas\" target=\"_blank\" rel=\"noopener\">Buz\u00f3n General de Entrega para todas las Tareas<\/a><\/li>\n<\/ul>\n<hr \/>\n<h1 style=\"text-align: center\"><span style=\"color: #000080\"><em>Unidades<\/em><\/span><\/h1>\n<div class='stb-container stb-style-info stb-caption-box stb-no-caption stb-collapsed'><div class='stb-caption'><div class='stb-logo'><img class='stb-logo__image' src='' alt='img'\/><\/div><div class='stb-caption-content'>Unidad I: Fundamentos de Comunicaciones<\/div><div class='stb-tool'><\/div><\/div><div class='stb-content'><\/p>\n<ul>\n<li><a href=\"https:\/\/isaaclp.wordpress.com\/unidad-i\/modelo-de-comunicaciones\">Modelo de Comunicaciones<\/a><\/li>\n<li><a href=\"http:\/\/es.wikipedia.org\/wiki\/Telecomunicaciones\">Sistemas de Telecomunicaciones<\/a><\/li>\n<li><a href=\"https:\/\/isaaclp.wordpress.com\/redes-i-programa-de-la-materia\/unidad-i\/trasmisiones-de-datos\/elementos-perturbadores-en-la-transmision\/\">Ruido y Elementos Perturbadores<\/a><\/li>\n<li><a href=\"http:\/\/es.wikipedia.org\/wiki\/Sistema_de_transmisi%C3%B3n\">Sistema de Transmisi\u00f3n<\/a><\/li>\n<li><a href=\"https:\/\/sites.google.com\/site\/sistemasdemultiplexado\/arquitecturas-de-las-redes-de--comunicacin-caractersticas\/4--seales-y-datos\" target=\"_blank\" rel=\"noopener\">Se\u00f1ales y Datos<\/a><\/li>\n<li><a href=\"http:\/\/docentes.uaa.mx\/guido\/wp-content\/uploads\/sites\/2\/2016\/03\/CodingI.pdf\" target=\"_blank\" rel=\"noopener\">Transmisi\u00f3n Digital, Se\u00f1alizaci\u00f3n y Codificaci\u00f3n<\/a><\/li>\n<li><a href=\"http:\/\/docentes.uaa.mx\/guido\/wp-content\/uploads\/sites\/2\/2016\/03\/tema2.pdf\" target=\"_blank\" rel=\"noopener\">Codificaci\u00f3n y Modulaci\u00f3n Digital<\/a><\/li>\n<li><a href=\"https:\/\/sites.google.com\/site\/sistemasdemultiplexado\/arquitecturas-de-las-redes-de--comunicacin-caractersticas\/5---codificacin-y-modulacin\" target=\"_blank\" rel=\"noopener\">Codificaci\u00f3n y Modulaci\u00f3n<\/a><\/li>\n<li><a href=\"https:\/\/sites.google.com\/site\/sistemasdemultiplexado\/arquitecturas-de-las-redes-de--comunicacin-caractersticas\/6--transmisin-de-datos-digitales\" target=\"_blank\" rel=\"noopener\">Transmisi\u00f3n de datos digitales<\/a><\/li>\n<li><a href=\"https:\/\/sites.google.com\/site\/sistemasdemultiplexado\/arquitecturas-de-las-redes-de--comunicacin-caractersticas\/7--medios-de-transmisin-de-datos\" target=\"_blank\" rel=\"noopener\">Medios de transmisi\u00f3n<\/a><\/li>\n<li><a href=\"https:\/\/es.wikipedia.org\/wiki\/Espectro_electromagn%C3%A9tico\" target=\"_blank\" rel=\"noopener\">Espectro de Ondas<\/a><\/li>\n<\/ul>\n<p><\/div><\/div>\n<div class='stb-container stb-style-info stb-caption-box stb-no-caption stb-collapsed'><div class='stb-caption'><div class='stb-logo'><img class='stb-logo__image' src='' alt='img'\/><\/div><div class='stb-caption-content'>Unidad II: Arquitectura y Protocolos de Redes<\/div><div class='stb-tool'><\/div><\/div><div class='stb-content'><\/p>\n<ul>\n<li><a href=\"http:\/\/docentes.uaa.mx\/guido\/wp-content\/uploads\/sites\/2\/2016\/03\/ER_Protocolos.ppt\" target=\"_blank\" rel=\"noopener\">Arquitecturas, Modelos y Protocolos de Redes<\/a><\/li>\n<li><a href=\"https:\/\/es.wikipedia.org\/wiki\/Modelo_OSI\" target=\"_blank\" rel=\"noopener\">Modelo ISO \/ OSI<\/a><\/li>\n<li><a href=\"https:\/\/es.wikipedia.org\/wiki\/Modelo_TCP\/IP\" target=\"_blank\" rel=\"noopener\">Modelo de Internet (TCP\/IP)<\/a> &#8211; <a href=\"http:\/\/es.ccm.net\/contents\/282-tcp-ip\" target=\"_blank\" rel=\"noopener\">Vista de TCP\/IP<\/a> &#8211; <a href=\"https:\/\/docs.oracle.com\/cd\/E19957-01\/820-2981\/ipov-10\/index.html\" target=\"_blank\" rel=\"noopener\">Protocolos de Internet<\/a><\/li>\n<\/ul>\n<p><\/div><\/div>\n<div class='stb-container stb-style-info stb-caption-box stb-no-caption stb-collapsed'><div class='stb-caption'><div class='stb-logo'><img class='stb-logo__image' src='' alt='img'\/><\/div><div class='stb-caption-content'>Unidad III: Control de la Transmisi\u00f3n<\/div><div class='stb-tool'><\/div><\/div><div class='stb-content'><\/p>\n<ul>\n<li><a href=\"http:\/\/www.geocities.ws\/abianchi04\/textoredes\/c3.pdf\" target=\"_blank\" rel=\"noopener\">Control y Detecci\u00f3n de Errores<\/a><\/li>\n<li><a href=\"https:\/\/es.wikipedia.org\/wiki\/Multiplexaci%C3%B3n\" target=\"_blank\" rel=\"noopener\">Multicanalizaci\u00f3n<\/a><\/li>\n<li><a href=\"http:\/\/www.tamps.cinvestav.mx\/~mmorales\/documents\/Compre.pdf\" target=\"_blank\" rel=\"noopener\">Compresi\u00f3n de Datos<\/a><\/li>\n<\/ul>\n<p><\/div><\/div>\n<div class='stb-container stb-style-info stb-caption-box stb-no-caption stb-collapsed'><div class='stb-caption'><div class='stb-logo'><img class='stb-logo__image' src='' alt='img'\/><\/div><div class='stb-caption-content'>Unidad IV: Aspectos Funcionales para una Red de C\u00f3mputo<\/div><div class='stb-tool'><\/div><\/div><div class='stb-content'><\/p>\n<ul>\n<li><a href=\"https:\/\/es.wikipedia.org\/wiki\/Defense_Advanced_Research_Projects_Agency\" target=\"_blank\" rel=\"noopener\">Proyecto DARPA<\/a> y <a href=\"https:\/\/es.wikipedia.org\/wiki\/ARPANET\" target=\"_blank\" rel=\"noopener\">ARPANET<\/a><\/li>\n<li><a href=\"http:\/\/docentes.uaa.mx\/guido\/wp-content\/uploads\/sites\/2\/2014\/12\/teleyredes.pdf\" target=\"_blank\" rel=\"noopener\">Nomenclatura<\/a><\/li>\n<li><a href=\"https:\/\/es.wikipedia.org\/wiki\/Topolog%C3%ADa_de_red\" target=\"_blank\" rel=\"noopener\">Topolog\u00edas de Red<\/a> &#8211; <a href=\"https:\/\/www.youtube.com\/watch?v=yt5IX9oFL_k\" target=\"_blank\" rel=\"noopener\">Video<\/a> &#8211;<\/li>\n<li><a href=\"http:\/\/www.ehowenespanol.com\/cuales-son-6-componentes-hardware-usados-red-info_216103\/\" target=\"_blank\" rel=\"noopener\">Hardware de Red<\/a><\/li>\n<li><a href=\"http:\/\/www.solarwinds.com\/es\/network-management-software.aspx\" target=\"_blank\" rel=\"noopener\">Software de Red<\/a><\/li>\n<li><a href=\"http:\/\/www4.ujaen.es\/~mdmolina\/rrcc\/Tema3MAC.pdf\" target=\"_blank\" rel=\"noopener\">Control del Acceso al Medio (MAC)<\/a><\/li>\n<\/ul>\n<p><\/div><\/div>\n<div class='stb-container stb-style-info stb-caption-box stb-no-caption stb-collapsed'><div class='stb-caption'><div class='stb-logo'><img class='stb-logo__image' src='' alt='img'\/><\/div><div class='stb-caption-content'>Unidad V: Redes de Comunicaciones y de C\u00f3mputo<\/div><div class='stb-tool'><\/div><\/div><div class='stb-content'><\/p>\n<ul>\n<li><a href=\"https:\/\/julioorellanacruz.wordpress.com\/2011\/04\/17\/clasificacion-de-redes\/\" target=\"_blank\" rel=\"noopener\">Clasificaci\u00f3n de las Redes<\/a><\/li>\n<li><a href=\"http:\/\/www.vazart.net\/presentaciones\/red_telefonica_conmutada.pdf\" target=\"_blank\" rel=\"noopener\">Red Telef\u00f3nica<\/a><\/li>\n<li><a href=\"https:\/\/es.wikipedia.org\/wiki\/IEEE_802\" target=\"_blank\" rel=\"noopener\">Grupo de Trabajo IEEE 802<\/a> &#8211; <a href=\"http:\/\/www.ieee802.org\/\" target=\"_blank\" rel=\"noopener\">Oficial<\/a><\/li>\n<li><a href=\"https:\/\/es.wikipedia.org\/wiki\/Ethernet\" target=\"_blank\" rel=\"noopener\">Ethernet<\/a><\/li>\n<li><a href=\"http:\/\/posgrado.pbworks.com\/f\/Redes+de+alta+Veclocidad.pdf\" target=\"_blank\" rel=\"noopener\">Redes de Alta Velocidad<\/a><\/li>\n<li><a href=\"http:\/\/www.monografias.com\/trabajos14\/acceso-atm\/acceso-atm.shtml\" target=\"_blank\" rel=\"noopener\">Redes de Banda Ancha (ATM)<\/a><\/li>\n<li><a href=\"https:\/\/es.wikipedia.org\/wiki\/Red_inal%C3%A1mbrica\" target=\"_blank\" rel=\"noopener\">Redes Inal\u00e1mbricas<\/a><\/li>\n<li><a href=\"http:\/\/materias.fi.uba.ar\/6679\/apuntes\/Redes_Satelitales_v2.pdf\" target=\"_blank\" rel=\"noopener\">Redes Satelitales<\/a><\/li>\n<\/ul>\n<p><\/div><\/div>\n<div class='stb-container stb-style-info stb-caption-box stb-no-caption stb-collapsed'><div class='stb-caption'><div class='stb-logo'><img class='stb-logo__image' src='' alt='img'\/><\/div><div class='stb-caption-content'>Unidad VI: Dise\u00f1o de una Red<\/div><div class='stb-tool'><\/div><\/div><div class='stb-content'><\/p>\n<ul>\n<li><a href=\"http:\/\/docentes.uaa.mx\/guido\/archivo\/Cursos\/Redes2\/SmartDraw%20Network%20Design%20Center.pdf\" target=\"_blank\" rel=\"noopener\">Centro de Dise\u00f1o de Redes SmartDraw<\/a><\/li>\n<li><a href=\"http:\/\/docentes.uaa.mx\/guido\/archivo\/Cursos\/Redes2\/Presentaci%C3%B3n%20Cableado%20Estructurado%202004%20(3%20laminas%20por%20pagina).pdf\" target=\"_blank\" rel=\"noopener\">Cableado Estructurado<\/a><\/li>\n<li><a href=\"http:\/\/docentes.uaa.mx\/guido\/wp-content\/uploads\/sites\/2\/2016\/06\/NetworkAnalysis_ch1.pdf\" target=\"_blank\" rel=\"noopener\">An\u00e1lisis para la implementaci\u00f3n de una red<\/a><\/li>\n<li><a href=\"http:\/\/docentes.uaa.mx\/guido\/wp-content\/uploads\/sites\/2\/2016\/06\/09_CCNA_Cableado-Estructurado.pdf\" target=\"_blank\" rel=\"noopener\">CCNA &#8211; Cableado Estructurado<\/a><\/li>\n<li><a href=\"http:\/\/docentes.uaa.mx\/guido\/archivo\/Cursos\/Redes2\/08_CCNA_Dise%C3%B1o%20y%20Documentaci%C3%B3n%20de%20Redes.pdf\" target=\"_blank\" rel=\"noopener\">CCNA &#8211; Dise\u00f1o y Documentaci\u00f3n de Redes<\/a><\/li>\n<li><a href=\"http:\/\/docentes.uaa.mx\/guido\/archivo\/Cursos\/Redes2\/Network%20Design%201.pdf\" target=\"_blank\" rel=\"noopener\">Dise\u00f1o de Redes 1<\/a><\/li>\n<li><a href=\"http:\/\/docentes.uaa.mx\/guido\/archivo\/Cursos\/Redes2\/Internetworking%20Design.pdf\" target=\"_blank\" rel=\"noopener\">Dise\u00f1o de Redes 2<\/a><\/li>\n<li><a href=\"http:\/\/docentes.uaa.mx\/guido\/archivo\/Cursos\/Redes2\/Documentando%20la%20Red.pdf\" target=\"_blank\" rel=\"noopener\">Documentando la Red<\/a><\/li>\n<\/ul>\n<p><\/div><\/div>\n<hr \/>\n<h1 style=\"text-align: center\"><span style=\"color: #800000\"><em>Noticias y Gu\u00edas para Ex\u00e1menes:<\/em><\/span><\/h1>\n<ul>\n<li><a href=\"https:\/\/docentes.uaa.mx\/guido\/?ddownload=668\" title=\"Gu\u00eda para el 1er Examen de Redes de Computadoras I\" rel=\"nofollow\" class=\"ddownload-button button-blue id-668 ext-pdf\">Gu\u00eda para el 1er Examen de Redes de Computadoras I<\/a><\/li>\n<li><a href=\"https:\/\/docentes.uaa.mx\/guido\/?ddownload=695\" title=\"Gu\u00eda para el 2o Examen de Redes de Computadoras I\" rel=\"nofollow\" class=\"ddownload-button button-blue id-695 ext-pdf\">Gu\u00eda para el 2o Examen de Redes de Computadoras I<\/a><\/li>\n<li><a href=\"https:\/\/docentes.uaa.mx\/guido\/?ddownload=736\" title=\"Gu\u00eda para el Examen Final de Redes de Computadoras I\" rel=\"nofollow\" class=\"ddownload-button button-blue id-736 ext-pdf\">Gu\u00eda para el Examen Final de Redes de Computadoras I<\/a><\/li>\n<li><a href=\"https:\/\/docentes.uaa.mx\/guido\/?ddownload=730\" title=\"Proyecto Final\" rel=\"nofollow\" class=\"ddownload-button button-blue id-730 ext-pdf\">Proyecto Final<\/a> &#8211; Fecha de entrega y revisi\u00f3n: Martes 21\/Junio<\/li>\n<\/ul>\n<hr \/>\n<h1 style=\"text-align: center\"><span style=\"color: #000080\"><em>Material de Apoyo<\/em><\/span><\/h1>\n<div class='stb-container stb-style-info stb-caption-box stb-no-caption stb-collapsed'><div class='stb-caption'><div class='stb-logo'><img class='stb-logo__image' src='' alt='img'\/><\/div><div class='stb-caption-content'>Documentaci\u00f3n de Redes<\/div><div class='stb-tool'><\/div><\/div><div class='stb-content'><\/p>\n<ul>\n<li><a href=\"http:\/\/docentes.uaa.mx\/guido\/wp-content\/uploads\/sites\/2\/2014\/12\/Introduccion-a-las-Tecnolog\u00edas-de-Redes.zip\">Introducci\u00f3n a las Tecnolog\u00edas de Redes<\/a><\/li>\n<li><a href=\"http:\/\/docentes.uaa.mx\/guido\/wp-content\/uploads\/sites\/2\/2014\/12\/introredes.pdf\">Introducci\u00f3n a las Redes<\/a><\/li>\n<li><a href=\"http:\/\/elvex.ugr.es\/decsai\/internet\/pdf\/4%20MAC.pdf\" target=\"_blank\" rel=\"noopener\">Control del Acceso al Medio, Multicanalizaci\u00f3n y Redes<\/a><\/li>\n<li><a href=\"https:\/\/es.wikipedia.org\/wiki\/Red_de_computadoras\" target=\"_blank\" rel=\"noopener\">Vista General de las Redes de Computadoras<\/a><\/li>\n<li><a href=\"http:\/\/es.slideshare.net\/LarryRuiz\/estndar-ieee-802-15502942\" target=\"_blank\" rel=\"noopener\">Slides del Grupo 802<\/a><\/li>\n<li><a href=\"http:\/\/www.uaeh.edu.mx\/docencia\/Tesis\/icbi\/licenciatura\/documentos\/Redes%20de%20alta%20velocidad.pdf\" target=\"_blank\" rel=\"noopener\">Tesis de Redes de Alta Velocidad<\/a><\/li>\n<li><a href=\"http:\/\/www.blyx.com\/public\/wireless\/redesInalambricas.pdf\" target=\"_blank\" rel=\"noopener\">Redes Inal\u00e1mbricas<\/a><\/li>\n<li><a href=\"https:\/\/prezi.com\/kv2p35rvdml6\/redes-satelitales\/\" target=\"_blank\" rel=\"noopener\">Redes Satelitales (prezi)<\/a><\/li>\n<\/ul>\n<p><\/div><\/div>\n<div class='stb-container stb-style-info stb-caption-box stb-no-caption stb-collapsed'><div class='stb-caption'><div class='stb-logo'><img class='stb-logo__image' src='' alt='img'\/><\/div><div class='stb-caption-content'>Ligas de Informaci\u00f3n<\/div><div class='stb-tool'><\/div><\/div><div class='stb-content'><\/p>\n<p style=\"text-align: center\"><em>Espa\u00f1ol:<\/em><\/p>\n<ul>\n<li>Cable de Par Trenzado: <a href=\"http:\/\/es.wikipedia.org\/wiki\/Cable_de_par_trenzado\">http:\/\/es.wikipedia.org\/wiki\/Cable_de_par_trenzado<\/a><\/li>\n<li>Cable Coaxial: <a href=\"http:\/\/es.wikipedia.org\/wiki\/Cable_coaxial\">http:\/\/es.wikipedia.org\/wiki\/Cable_coaxial<\/a><\/li>\n<li>Cable de Fibra \u00d3ptica: <a href=\"http:\/\/es.wikipedia.org\/wiki\/Cable_de_fibra_%C3%B3ptica\">http:\/\/es.wikipedia.org\/wiki\/Cable_de_fibra_%C3%B3ptica<\/a><\/li>\n<\/ul>\n<p style=\"text-align: center\"><em>Ingles:<\/em><\/p>\n<ul>\n<li>Redes de Computadoras: <a href=\"http:\/\/en.wikipedia.org\/wiki\/Computer_network\">http:\/\/en.wikipedia.org\/wiki\/Computer_networ<\/a><\/li>\n<li>Comunicaciones: <a href=\"http:\/\/www.techbooksforfree.com\/intro_to_data_com\/toc.html#toc\">http:\/\/www.techbooksforfree.com\/intro_to_data_com\/toc.html#toc<\/a><\/li>\n<\/ul>\n<p><\/div><\/div>\n<p>&nbsp;<\/p>\n","protected":false},"excerpt":{"rendered":"<p>Materia: Redes de Computadoras I Clave: 17674 Carrera: Ingenier\u00eda en Sistemas Computacionales Semestre; 5o Grupos: A y C &nbsp; &nbsp; Soporte para el Curso a trav\u00e9s de Moodle Elementos importantes del curso: Buz\u00f3n General de Entrega para todas las Tareas Unidades Noticias y Gu\u00edas para Ex\u00e1menes: &#8211; Fecha de entrega y revisi\u00f3n: Martes 21\/Junio Material [&hellip;]<\/p>\n","protected":false},"author":2,"featured_media":0,"parent":28,"menu_order":0,"comment_status":"closed","ping_status":"closed","template":"","meta":{"ngg_post_thumbnail":0,"footnotes":""},"class_list":["post-651","page","type-page","status-publish","hentry"],"_links":{"self":[{"href":"https:\/\/docentes.uaa.mx\/guido\/wp-json\/wp\/v2\/pages\/651"}],"collection":[{"href":"https:\/\/docentes.uaa.mx\/guido\/wp-json\/wp\/v2\/pages"}],"about":[{"href":"https:\/\/docentes.uaa.mx\/guido\/wp-json\/wp\/v2\/types\/page"}],"author":[{"embeddable":true,"href":"https:\/\/docentes.uaa.mx\/guido\/wp-json\/wp\/v2\/users\/2"}],"replies":[{"embeddable":true,"href":"https:\/\/docentes.uaa.mx\/guido\/wp-json\/wp\/v2\/comments?post=651"}],"version-history":[{"count":65,"href":"https:\/\/docentes.uaa.mx\/guido\/wp-json\/wp\/v2\/pages\/651\/revisions"}],"predecessor-version":[{"id":287396,"href":"https:\/\/docentes.uaa.mx\/guido\/wp-json\/wp\/v2\/pages\/651\/revisions\/287396"}],"up":[{"embeddable":true,"href":"https:\/\/docentes.uaa.mx\/guido\/wp-json\/wp\/v2\/pages\/28"}],"wp:attachment":[{"href":"https:\/\/docentes.uaa.mx\/guido\/wp-json\/wp\/v2\/media?parent=651"}],"curies":[{"name":"wp","href":"https:\/\/api.w.org\/{rel}","templated":true}]}}