{"id":750,"date":"2016-07-26T10:58:18","date_gmt":"2016-07-26T15:58:18","guid":{"rendered":"http:\/\/docentes.uaa.mx\/guido\/?page_id=750"},"modified":"2016-08-08T08:41:43","modified_gmt":"2016-08-08T13:41:43","slug":"curso-centos-7","status":"publish","type":"page","link":"https:\/\/docentes.uaa.mx\/guido\/materias\/curso-centos-7\/","title":{"rendered":"Curso Centos 7"},"content":{"rendered":"<p style=\"text-align: center\"><a href=\"http:\/\/docentes.uaa.mx\/guido\/wp-content\/uploads\/sites\/2\/2016\/07\/modern-CentOS-logo.png\"><img loading=\"lazy\" decoding=\"async\" class=\"aligncenter wp-image-752 size-full\" style=\"background-color: blue\" src=\"http:\/\/docentes.uaa.mx\/guido\/wp-content\/uploads\/sites\/2\/2016\/07\/modern-CentOS-logo.png\" alt=\"modern-CentOS-logo\" width=\"274\" height=\"72\" srcset=\"https:\/\/docentes.uaa.mx\/guido\/wp-content\/uploads\/sites\/2\/2016\/07\/modern-CentOS-logo.png 274w, https:\/\/docentes.uaa.mx\/guido\/wp-content\/uploads\/sites\/2\/2016\/07\/modern-CentOS-logo-272x72.png 272w\" sizes=\"(max-width: 274px) 100vw, 274px\" \/><\/a>Curso de Instalaci\u00f3n y Puesta a Punto de Centos 7<\/p>\n<p>Materiales:<\/p>\n<ul>\n<li><a href=\"https:\/\/docentes.uaa.mx\/guido\/?ddownload=757\" title=\"Programa del Curso\" rel=\"nofollow\" class=\"ddownload-button button-blue id-757 ext-pdf\">Programa del Curso<\/a><\/li>\n<li><a href=\"https:\/\/docentes.uaa.mx\/guido\/?ddownload=755\" title=\"Presentaci\u00f3n d\u00eda 1\" rel=\"nofollow\" class=\"ddownload-button button-blue id-755 ext-pdf\">Presentaci\u00f3n d\u00eda 1<\/a><\/li>\n<li><a href=\"https:\/\/docentes.uaa.mx\/guido\/?ddownload=764\" title=\"Presentaci\u00f3n d\u00eda 2\" rel=\"nofollow\" class=\"ddownload-button button-blue id-764 ext-pdf\">Presentaci\u00f3n d\u00eda 2<\/a><\/li>\n<li><a href=\"https:\/\/docentes.uaa.mx\/guido\/?ddownload=767\" title=\"Presentaci\u00f3n d\u00edas 3 y 4\" rel=\"nofollow\" class=\"ddownload-button button-blue id-767 ext-pdf\">Presentaci\u00f3n d\u00edas 3 y 4<\/a><\/li>\n<li>Presentaci\u00f3n d\u00eda 5<\/li>\n<li><a href=\"https:\/\/docentes.uaa.mx\/guido\/?ddownload=769\" title=\"Presentaci\u00f3n d\u00eda 6\" rel=\"nofollow\" class=\"ddownload-button button-blue id-769 ext-pdf\">Presentaci\u00f3n d\u00eda 6<\/a><\/li>\n<li><a href=\"https:\/\/docentes.uaa.mx\/guido\/?ddownload=774\" title=\"Presentaci\u00f3n d\u00eda 7\" rel=\"nofollow\" class=\"ddownload-button button-blue id-774 ext-pdf\">Presentaci\u00f3n d\u00eda 7<\/a><\/li>\n<li><a href=\"https:\/\/docentes.uaa.mx\/guido\/?ddownload=776\" title=\"Presentaci\u00f3n d\u00eda 8\" rel=\"nofollow\" class=\"ddownload-button button-blue id-776 ext-pdf\">Presentaci\u00f3n d\u00eda 8<\/a><\/li>\n<li><a href=\"https:\/\/docentes.uaa.mx\/guido\/?ddownload=781\" title=\"Presentaci\u00f3n d\u00eda 9\" rel=\"nofollow\" class=\"ddownload-button button-blue id-781 ext-pdf\">Presentaci\u00f3n d\u00eda 9<\/a><\/li>\n<li><a href=\"https:\/\/docentes.uaa.mx\/guido\/?ddownload=783\" title=\"Evaluaci\u00f3n d\u00eda 10\" rel=\"nofollow\" class=\"ddownload-button button-blue id-783 ext-pdf\">Evaluaci\u00f3n d\u00eda 10<\/a><\/li>\n<li><a href=\"https:\/\/docentes.uaa.mx\/guido\/?ddownload=778\" title=\"Apache alias para phpMyAdmin desde cualquier cliente\" rel=\"nofollow\" class=\"ddownload-button button-blue id-778 ext-txt\">Apache alias para phpMyAdmin desde cualquier cliente<\/a><\/li>\n<\/ul>\n<p>&nbsp;<\/p>\n","protected":false},"excerpt":{"rendered":"<p>Curso de Instalaci\u00f3n y Puesta a Punto de Centos 7 Materiales: Presentaci\u00f3n d\u00eda 5 &nbsp;<\/p>\n","protected":false},"author":2,"featured_media":0,"parent":28,"menu_order":0,"comment_status":"closed","ping_status":"closed","template":"","meta":{"ngg_post_thumbnail":0,"footnotes":""},"class_list":["post-750","page","type-page","status-publish","hentry"],"_links":{"self":[{"href":"https:\/\/docentes.uaa.mx\/guido\/wp-json\/wp\/v2\/pages\/750"}],"collection":[{"href":"https:\/\/docentes.uaa.mx\/guido\/wp-json\/wp\/v2\/pages"}],"about":[{"href":"https:\/\/docentes.uaa.mx\/guido\/wp-json\/wp\/v2\/types\/page"}],"author":[{"embeddable":true,"href":"https:\/\/docentes.uaa.mx\/guido\/wp-json\/wp\/v2\/users\/2"}],"replies":[{"embeddable":true,"href":"https:\/\/docentes.uaa.mx\/guido\/wp-json\/wp\/v2\/comments?post=750"}],"version-history":[{"count":19,"href":"https:\/\/docentes.uaa.mx\/guido\/wp-json\/wp\/v2\/pages\/750\/revisions"}],"predecessor-version":[{"id":784,"href":"https:\/\/docentes.uaa.mx\/guido\/wp-json\/wp\/v2\/pages\/750\/revisions\/784"}],"up":[{"embeddable":true,"href":"https:\/\/docentes.uaa.mx\/guido\/wp-json\/wp\/v2\/pages\/28"}],"wp:attachment":[{"href":"https:\/\/docentes.uaa.mx\/guido\/wp-json\/wp\/v2\/media?parent=750"}],"curies":[{"name":"wp","href":"https:\/\/api.w.org\/{rel}","templated":true}]}}