{"id":787,"date":"2016-08-09T07:39:03","date_gmt":"2016-08-09T12:39:03","guid":{"rendered":"http:\/\/docentes.uaa.mx\/guido\/?page_id=787"},"modified":"2016-11-29T12:42:09","modified_gmt":"2016-11-29T18:42:09","slug":"lti-redes-locales","status":"publish","type":"page","link":"https:\/\/docentes.uaa.mx\/guido\/materias\/lti-redes-locales\/","title":{"rendered":"LTI &#8211; Redes Locales"},"content":{"rendered":"<p><a href=\"http:\/\/docentes.uaa.mx\/guido\/wp-content\/uploads\/sites\/2\/2016\/08\/main-lan.jpg\"><img loading=\"lazy\" decoding=\"async\" class=\"alignleft wp-image-810 size-medium\" src=\"http:\/\/docentes.uaa.mx\/guido\/wp-content\/uploads\/sites\/2\/2016\/08\/main-lan-300x226.jpg\" alt=\"\" width=\"300\" height=\"226\" srcset=\"https:\/\/docentes.uaa.mx\/guido\/wp-content\/uploads\/sites\/2\/2016\/08\/main-lan-300x226.jpg 300w, https:\/\/docentes.uaa.mx\/guido\/wp-content\/uploads\/sites\/2\/2016\/08\/main-lan.jpg 524w\" sizes=\"(max-width: 300px) 100vw, 300px\" \/><\/a><\/p>\n<p>Materia: <em><strong>Redes Locales ,\u00a0 <\/strong><\/em>Clave: <em><strong>14226<\/strong><\/em><\/p>\n<p>Carrera: <em><strong>Licenciatura en Tecnolog\u00edas de Informaci\u00f3n<\/strong><\/em><\/p>\n<p>Semestre: 7<em><strong>o &#8211; <\/strong><\/em>Grupo: <em><strong>A<br \/>\n<\/strong><\/em><\/p>\n<p style=\"text-align: left\">Periodo:\u00a0 <em><strong>Agosto a\u00a0 Diciembre del 2016<\/strong><\/em><\/p>\n<p style=\"text-align: center\"><a href=\"https:\/\/docentes.uaa.mx\/guido\/?ddownload=813\" title=\"Programa de la materia\" rel=\"nofollow\" class=\"ddownload-button button-blue id-813 ext-pdf\">Programa de la materia<\/a><\/p>\n<p style=\"text-align: center\"><a href=\"http:\/\/ccbas.uaa.mx\/moodle\/course\/view.php?id=5\">Soporte para el Curso a trav\u00e9s de Moodle<\/a><\/p>\n<hr \/>\n<h1 style=\"text-align: center\"><span style=\"color: #800000\"><em>Noticias:<\/em><\/span><\/h1>\n<ul>\n<li><a href=\"http:\/\/docentes.uaa.mx\/guido\/materias\/buzon-para-tareas\" target=\"_blank\">Buz\u00f3n de Entrega de Tareas<\/a><\/li>\n<\/ul>\n<hr \/>\n<h1 style=\"text-align: center\"><span style=\"color: #000080\"><em>Repaso general del tema de Redes<br \/>\n<\/em><\/span><\/h1>\n<div class='stb-container stb-style-info stb-caption-box stb-no-caption stb-collapsed'><div class='stb-caption'><div class='stb-logo'><img class='stb-logo__image' src='' alt='img'\/><\/div><div class='stb-caption-content'>Material de Apoyo<\/div><div class='stb-tool'><\/div><\/div><div class='stb-content'>\n<ul>\n<li>Documento de <a href=\"http:\/\/docentes.uaa.mx\/guido\/wp-content\/uploads\/sites\/2\/2014\/12\/teleyredes.pdf\">Teleproceso y Redes<\/a><\/li>\n<li><a href=\"http:\/\/docentes.uaa.mx\/guido\/wp-content\/uploads\/sites\/2\/2014\/12\/Introduccion-a-las-Tecnolog\u00edas-de-Redes.zip\">Introducci\u00f3n a las Tecnolog\u00edas de Redes<\/a><\/li>\n<li><a href=\"http:\/\/docentes.uaa.mx\/guido\/wp-content\/uploads\/sites\/2\/2014\/12\/introredes.pdf\">Introducci\u00f3n a las Redes<\/a><\/li>\n<\/ul>\n<p><\/div><\/div><br \/>\n<div class='stb-container stb-style-info stb-caption-box stb-no-caption stb-collapsed'><div class='stb-caption'><div class='stb-logo'><img class='stb-logo__image' src='' alt='img'\/><\/div><div class='stb-caption-content'>Ligas de Apoyo<\/div><div class='stb-tool'><\/div><\/div><div class='stb-content'><\/p>\n<p style=\"text-align: center\"><em>Espa\u00f1ol:<\/em><\/p>\n<ul>\n<li>Telecomunicaciones: <a href=\"http:\/\/es.wikipedia.org\/wiki\/Telecomunicaciones\">http:\/\/es.wikipedia.org\/wiki\/Telecomunicaciones<\/a><\/li>\n<li>Transmisi\u00f3n: <a href=\"http:\/\/es.wikipedia.org\/wiki\/Sistema_de_transmisi%C3%B3n\">http:\/\/es.wikipedia.org\/wiki\/Sistema_de_transmisi%C3%B3n<\/a><\/li>\n<li>Cable de Par Trenzado: <a href=\"http:\/\/es.wikipedia.org\/wiki\/Cable_de_par_trenzado\">http:\/\/es.wikipedia.org\/wiki\/Cable_de_par_trenzado<\/a><\/li>\n<li>Cable Coaxial: <a href=\"http:\/\/es.wikipedia.org\/wiki\/Cable_coaxial\">http:\/\/es.wikipedia.org\/wiki\/Cable_coaxial<\/a><\/li>\n<li>Cable de Fibra \u00d3ptica: <a href=\"http:\/\/es.wikipedia.org\/wiki\/Cable_de_fibra_%C3%B3ptica\">http:\/\/es.wikipedia.org\/wiki\/Cable_de_fibra_%C3%B3ptica<\/a><\/li>\n<\/ul>\n<p style=\"text-align: center\"><em>Ingles:<\/em><\/p>\n<ul>\n<li>Redes de Computadoras: <a href=\"http:\/\/en.wikipedia.org\/wiki\/Computer_network\">http:\/\/en.wikipedia.org<\/a><\/li>\n<\/ul>\n<p><\/div><\/div><\/p>\n<hr \/>\n<h1 style=\"text-align: center\"><span style=\"color: #000080\"><em> Redes Locales<\/em><\/span><\/h1>\n<div class='stb-container stb-style-info stb-caption-box stb-no-caption stb-collapsed'><div class='stb-caption'><div class='stb-logo'><img class='stb-logo__image' src='' alt='img'\/><\/div><div class='stb-caption-content'>Unidad I: Dise\u00f1o de Subredes de Comunicaciones<\/div><div class='stb-tool'><\/div><\/div><div class='stb-content'><\/p>\n<ul>\n<li><a href=\"http:\/\/docentes.uaa.mx\/guido\/archivo\/Cursos\/Redes2\/SmartDraw%20Network%20Design%20Center.pdf\" target=\"_blank\">Centro de Dise\u00f1o de Redes SmartDraw<\/a><\/li>\n<li><a href=\"http:\/\/docentes.uaa.mx\/guido\/archivo\/Cursos\/Redes2\/Presentaci%C3%B3n%20Cableado%20Estructurado%202004%20(3%20laminas%20por%20pagina).pdf\" target=\"_blank\">Cableado Estructurado<\/a><\/li>\n<li><a href=\"http:\/\/docentes.uaa.mx\/guido\/archivo\/NetworkAnalysis_ch1.pdf\" target=\"_blank\">An\u00e1lisis para la implementaci\u00f3n de una red<\/a><\/li>\n<li><a href=\"http:\/\/docentes.uaa.mx\/guido\/archivo\/Cursos\/Redes2\/09_CCNA_Cableado%20Estructurado.pdf\" target=\"_blank\">CCNA &#8211; Cableado Estructurado<\/a><\/li>\n<li><a href=\"http:\/\/docentes.uaa.mx\/guido\/archivo\/Cursos\/Redes2\/08_CCNA_Dise%C3%B1o%20y%20Documentaci%C3%B3n%20de%20Redes.pdf\" target=\"_blank\">CCNA &#8211; Dise\u00f1o y Documentaci\u00f3n de Redes<\/a><\/li>\n<li><a href=\"http:\/\/docentes.uaa.mx\/guido\/archivo\/Cursos\/Redes2\/Network%20Design%201.pdf\" target=\"_blank\">Dise\u00f1o de Redes 1<\/a><\/li>\n<li><a href=\"http:\/\/docentes.uaa.mx\/guido\/archivo\/Cursos\/Redes2\/Internetworking%20Design.pdf\" target=\"_blank\">Dise\u00f1o de Redes 2<\/a><\/li>\n<li><a href=\"http:\/\/docentes.uaa.mx\/guido\/archivo\/Cursos\/Redes2\/Documentando%20la%20Red.pdf\" target=\"_blank\">Documentando la Red<\/a><\/li>\n<\/ul>\n<p><\/div><\/div>\n<div class='stb-container stb-style-info stb-caption-box stb-no-caption stb-collapsed'><div class='stb-caption'><div class='stb-logo'><img class='stb-logo__image' src='' alt='img'\/><\/div><div class='stb-caption-content'>Unidad II: Servicios sobre Internet aplicables a Intranets<\/div><div class='stb-tool'><\/div><\/div><div class='stb-content'><\/p>\n<ul>\n<li>Familia de Protocolos de Internet ( \u00f3 Redes TCP \/ IP )<\/li>\n<li>Servicio de DNS: <a href=\"https:\/\/www.youtube.com\/watch?v=72snZctFFtA\" target=\"_blank\">Video Explicando DNS<\/a> , <a href=\"https:\/\/www.youtube.com\/watch?v=GlZC4Jwf3xQ&amp;ebc=ANyPxKqXoYWWgqubazXqH5TYgJBdzN2B0ypnWfGax-ffylEf3BufTq5_rfyyMqLWotXW7sycUXLuTmWtY_xJYTLrlJziAuaWzw\" target=\"_blank\">Video Adentr\u00e1ndonos a DNS<\/a>\u00a0 , <a href=\"https:\/\/www.youtube.com\/watch?v=T6ZD8st8S2w\" target=\"_blank\">Video de Conceptos<\/a> ,\u00a0 <a href=\"https:\/\/www.youtube.com\/watch?v=2ZUxoi7YNgs\" target=\"_blank\">Video Como funciona<\/a><\/li>\n<li>Servicio de <a href=\"https:\/\/es.wikipedia.org\/wiki\/Dynamic_Host_Configuration_Protocol\" target=\"_blank\">DHCP<\/a> :<a href=\"http:\/\/es.ccm.net\/contents\/261-el-protocolo-dhcp\" target=\"_blank\"> Introducci\u00f3n<\/a>, <a href=\"https:\/\/www.youtube.com\/watch?v=RUZohsAxPxQ\" target=\"_blank\">Video1<\/a> y <a href=\"https:\/\/www.youtube.com\/watch?v=uI7edlsN2mo\" target=\"_blank\">Video2<\/a><\/li>\n<li>Servicio de Proxeo y de NAT: <a href=\"https:\/\/www.youtube.com\/watch?v=ZUIKfNX8tA4\" target=\"_blank\">Introducci\u00f3n<\/a>, <a href=\"https:\/\/www.youtube.com\/watch?v=qU0PVSJCKcs\" target=\"_blank\">Video Proxeo<\/a>, <a href=\"https:\/\/www.youtube.com\/watch?v=XFJ6_BYno08&amp;ebc=ANyPxKo9lyYkgOhsfhqndOyA3gkbgxLnlH6sQiZYbEYqPBW_IOEWX_rVQCvsegrlQ1qzbLN5l42vZXALRyF2cZhdDdnBEFJgEA\" target=\"_blank\">Video Socks<\/a>, <a href=\"https:\/\/www.youtube.com\/watch?v=nd28mlP6kQQ#t=4.038299\" target=\"_blank\">Video NAT\/PAT<\/a><\/li>\n<li>Servicios de Sesiones Remotas: <a href=\"http:\/\/definicion.de\/telnet\/\" target=\"_blank\">Telnet<\/a> y <a href=\"https:\/\/es.wikipedia.org\/wiki\/Secure_Shell\" target=\"_blank\">SSH<\/a> , <a href=\"https:\/\/tools.ietf.org\/html\/rfc854\" target=\"_blank\">RFC 854<\/a><\/li>\n<li>Aplicaciones y <a href=\"https:\/\/es.wikipedia.org\/wiki\/Escritorio_remoto\" target=\"_blank\">Escritorios Remotos<\/a>: <a href=\"https:\/\/es.wikipedia.org\/wiki\/Sistema_de_ventanas_X\" target=\"_blank\">X11<\/a> , NX, XDMCP, RDP, <a href=\"https:\/\/es.wikipedia.org\/wiki\/Independent_Computing_Architecture\" target=\"_blank\">Citrix ICA<\/a>, <a href=\"https:\/\/es.wikipedia.org\/wiki\/VNC\" target=\"_blank\">VNC<\/a><\/li>\n<li>Servicio de impresi\u00f3n remota<\/li>\n<li>Servicios de Informaci\u00f3n\n<ul>\n<li>As\u00edncronos: Correo Electr\u00f3nico, P\u00e1ginas Web, WhoIS<\/li>\n<li>S\u00edncronos: Mensajer\u00eda Instant\u00e1nea, VoIP, Conferencias Web, Video Conferencias, Streams<\/li>\n<\/ul>\n<\/li>\n<\/ul>\n<p><\/div><\/div>\n<div class='stb-container stb-style-info stb-caption-box stb-no-caption stb-collapsed'><div class='stb-caption'><div class='stb-logo'><img class='stb-logo__image' src='' alt='img'\/><\/div><div class='stb-caption-content'>Unidad III: Sistema Operativo Multiusuario UNIX<\/div><div class='stb-tool'><\/div><\/div><div class='stb-content'><\/p>\n<ul>\n<li><a href=\"http:\/\/docentes.uaa.mx\/guido\/wp-content\/uploads\/sites\/2\/2015\/05\/Directorios-y-NIS.pdf\" target=\"_blank\">Directorios y NIS<\/a><\/li>\n<li><a href=\"http:\/\/web.mit.edu\/kerberos\/\">Kerberos en el MIT<\/a><\/li>\n<li><a href=\"https:\/\/docs.oracle.com\/cd\/E24842_01\/html\/E23286\/intro-25.html\">Como funciona Kerberos<\/a><\/li>\n<li><a href=\"http:\/\/docentes.uaa.mx\/guido\/wp-content\/uploads\/sites\/2\/2015\/05\/LDAP101.pdf\" target=\"_blank\">Understanding LDAP<\/a><\/li>\n<li><a href=\"http:\/\/www.tuxradar.com\/content\/how-pam-works\">Como funciona PAM<\/a><\/li>\n<li><a href=\"http:\/\/docentes.uaa.mx\/guido\/wp-content\/uploads\/sites\/2\/2015\/05\/ldapv3.pdf.zip\" target=\"_blank\">Todo LDAP en zip<\/a><\/li>\n<li><a href=\"http:\/\/docentes.uaa.mx\/guido\/wp-content\/uploads\/sites\/2\/2015\/05\/Configuracion-de-Servicios.pdf\" target=\"_blank\">Configuraci\u00f3n de Servicios<\/a><\/li>\n<li><a href=\"http:\/\/docentes.uaa.mx\/guido\/wp-content\/uploads\/sites\/2\/2015\/05\/admlinux-1x2.pdf\" target=\"_blank\">Administraci\u00f3n de Linux para estudiantes<\/a><\/li>\n<li><a href=\"http:\/\/docentes.uaa.mx\/guido\/wp-content\/uploads\/sites\/2\/2015\/05\/garl-2.0.pdf\" target=\"_blank\">Linux Administraci\u00f3n de Redes<\/a><\/li>\n<\/ul>\n<p><\/div><\/div>\n<div class='stb-container stb-style-info stb-caption-box stb-no-caption stb-collapsed'><div class='stb-caption'><div class='stb-logo'><img class='stb-logo__image' src='' alt='img'\/><\/div><div class='stb-caption-content'>Unidad IV: Familia de Servidores Microsoftt Windows NT<\/div><div class='stb-tool'><\/div><\/div><div class='stb-content'><\/p>\n<ul>\n<li><a href=\"http:\/\/docentes.uaa.mx\/guido\/wp-content\/uploads\/sites\/2\/2015\/04\/NetBIOS.pdf\" target=\"_blank\">NetBIOS<\/a><\/li>\n<li><a href=\"http:\/\/docentes.uaa.mx\/guido\/wp-content\/uploads\/sites\/2\/2015\/04\/What-is-SMB_.pdf\" target=\"_blank\">Que es SMB<\/a><\/li>\n<li><a href=\"http:\/\/docentes.uaa.mx\/guido\/wp-content\/uploads\/sites\/2\/2015\/04\/SMB.pdf\" target=\"_blank\">SMB<\/a><\/li>\n<li><a href=\"http:\/\/docentes.uaa.mx\/guido\/wp-content\/uploads\/sites\/2\/2015\/04\/Windows-2000-Server-Avanzado.pdf\" target=\"_blank\">Windows 2000 Server Avanzado<\/a><\/li>\n<li><a href=\"http:\/\/docentes.uaa.mx\/guido\/wp-content\/uploads\/sites\/2\/2015\/04\/Gu\u00eda-b\u00e1sica-de-productos-Windows-Server.pdf\" target=\"_blank\">Gu\u00eda b\u00e1sica de productos Windows Server<\/a><\/li>\n<li><a href=\"http:\/\/docentes.uaa.mx\/guido\/wp-content\/uploads\/sites\/2\/2015\/04\/Windows-NT.pdf\" target=\"_blank\">Tabla comparativa entre versiones de NT<\/a><\/li>\n<li><a href=\"http:\/\/docentes.uaa.mx\/guido\/wp-content\/uploads\/sites\/2\/2015\/04\/WS2008R2_basics.pdf\" target=\"_blank\">WS2008R2_basics<\/a><\/li>\n<li><a href=\"http:\/\/docentes.uaa.mx\/guido\/wp-content\/uploads\/sites\/2\/2015\/04\/NT2008R2_WS-Brand-Pages-Editions-Comparison-Guide.pdf\" target=\"_blank\">NT2008R2_WS Brand Pages &#8211; Editions Comparison Guide<\/a><\/li>\n<li><a href=\"http:\/\/docentes.uaa.mx\/guido\/wp-content\/uploads\/sites\/2\/2015\/04\/Windows_Server_2008_R2_SP1_Technical_Overview.pdf\" target=\"_blank\">Windows_Server_2008_R2_SP1_Technical_Overview<\/a><\/li>\n<li><a href=\"http:\/\/docentes.uaa.mx\/guido\/wp-content\/uploads\/sites\/2\/2015\/04\/active-directory.pdf\" target=\"_blank\">Presentaci\u00f3n de Active Directory<\/a><\/li>\n<li><a href=\"http:\/\/docentes.uaa.mx\/guido\/wp-content\/uploads\/sites\/2\/2015\/04\/Active-Directory-and-Group-Policy.pdf\" target=\"_blank\">Pol\u00edticas de Grupo en el Active Directory<\/a><\/li>\n<li><a href=\"http:\/\/docentes.uaa.mx\/guido\/wp-content\/uploads\/sites\/2\/2015\/04\/Best-Practice-Active-Directory-Design-for-Managing-Windows-Networks.pdf\" target=\"_blank\">Best Practice Active Directory Design for Managing Windows Networks<\/a><\/li>\n<li><a href=\"http:\/\/docentes.uaa.mx\/guido\/wp-content\/uploads\/sites\/2\/2015\/04\/IIS-y-FTP-Servers.pdf\" target=\"_blank\">IIS y FTP Servers<\/a><\/li>\n<li><a href=\"http:\/\/docentes.uaa.mx\/guido\/wp-content\/uploads\/sites\/2\/2015\/04\/TerminalServerOverview.pdf\" target=\"_blank\">TerminalServerOverview<\/a><\/li>\n<li><a href=\"http:\/\/docentes.uaa.mx\/guido\/wp-content\/uploads\/sites\/2\/2015\/04\/DFS-Creaci\u00f3n.pdf\" target=\"_blank\">DFS Creaci\u00f3n<\/a><\/li>\n<li><a href=\"http:\/\/docentes.uaa.mx\/guido\/wp-content\/uploads\/sites\/2\/2015\/04\/Step-to-DFS.pdf\" target=\"_blank\">Step to DFS<\/a><\/li>\n<\/ul>\n<p><\/div><\/div>\n<div class='stb-container stb-style-info stb-caption-box stb-no-caption stb-collapsed'><div class='stb-caption'><div class='stb-logo'><img class='stb-logo__image' src='' alt='img'\/><\/div><div class='stb-caption-content'>Unidad V: Redes Inal\u00e1mbricas<\/div><div class='stb-tool'><\/div><\/div><div class='stb-content'><\/p>\n<ul>\n<li>Por definir<\/li>\n<\/ul>\n<p><\/div><\/div>\n<hr \/>\n<p><span style=\"color: #800000\"><em><strong>Gu\u00edas para Ex\u00e1menes:<\/strong><\/em><\/span><\/p>\n<ul>\n<li>Gu\u00eda para el 1er examen parcial<\/li>\n<li>Gu\u00eda para el 2o examen parcial<\/li>\n<li>Gu\u00eda para el examen final<\/li>\n<\/ul>\n<p><span style=\"color: #800000\">Proyecto Final:<\/span><\/p>\n<ul>\n<li><a href=\"https:\/\/www.youtube.com\/watch?v=vandqv5WQBc\" target=\"_blank\">Video Como instalar Centos 7(.2) x86_64<\/a><\/li>\n<li><a href=\"https:\/\/www.youtube.com\/watch?v=BZX0NGoEyOQ\" target=\"_blank\">Otro video de como instalar Centos 7<\/a><\/li>\n<li><a href=\"https:\/\/www.youtube.com\/watch?v=cOcTogeY_P4\" target=\"_blank\">Video Como instalar Windows NT 2012 R2 <\/a><\/li>\n<li><a href=\"https:\/\/www.youtube.com\/watch?v=PIerBsyqFV4\" target=\"_blank\">Otro Video de instalaci\u00f3n de Windows NT 2012 R2<\/a><\/li>\n<li><a href=\"https:\/\/docentes.uaa.mx\/guido\/?ddownload=846\" title=\"Proyecto Final de Redes Locales - LTI 7o\" rel=\"nofollow\" class=\"ddownload-button button-blue id-846 ext-pdf\">Proyecto Final de Redes Locales - LTI 7o<\/a><\/li>\n<\/ul>\n","protected":false},"excerpt":{"rendered":"<p>Materia: Redes Locales ,\u00a0 Clave: 14226 Carrera: Licenciatura en Tecnolog\u00edas de Informaci\u00f3n Semestre: 7o &#8211; Grupo: A Periodo:\u00a0 Agosto a\u00a0 Diciembre del 2016 Soporte para el Curso a trav\u00e9s de Moodle Noticias: Buz\u00f3n de Entrega de Tareas Repaso general del tema de Redes Redes Locales Gu\u00edas para Ex\u00e1menes: Gu\u00eda para el 1er examen parcial Gu\u00eda [&hellip;]<\/p>\n","protected":false},"author":2,"featured_media":0,"parent":28,"menu_order":0,"comment_status":"closed","ping_status":"closed","template":"","meta":{"ngg_post_thumbnail":0,"footnotes":""},"class_list":["post-787","page","type-page","status-publish","hentry"],"_links":{"self":[{"href":"https:\/\/docentes.uaa.mx\/guido\/wp-json\/wp\/v2\/pages\/787"}],"collection":[{"href":"https:\/\/docentes.uaa.mx\/guido\/wp-json\/wp\/v2\/pages"}],"about":[{"href":"https:\/\/docentes.uaa.mx\/guido\/wp-json\/wp\/v2\/types\/page"}],"author":[{"embeddable":true,"href":"https:\/\/docentes.uaa.mx\/guido\/wp-json\/wp\/v2\/users\/2"}],"replies":[{"embeddable":true,"href":"https:\/\/docentes.uaa.mx\/guido\/wp-json\/wp\/v2\/comments?post=787"}],"version-history":[{"count":13,"href":"https:\/\/docentes.uaa.mx\/guido\/wp-json\/wp\/v2\/pages\/787\/revisions"}],"predecessor-version":[{"id":853,"href":"https:\/\/docentes.uaa.mx\/guido\/wp-json\/wp\/v2\/pages\/787\/revisions\/853"}],"up":[{"embeddable":true,"href":"https:\/\/docentes.uaa.mx\/guido\/wp-json\/wp\/v2\/pages\/28"}],"wp:attachment":[{"href":"https:\/\/docentes.uaa.mx\/guido\/wp-json\/wp\/v2\/media?parent=787"}],"curies":[{"name":"wp","href":"https:\/\/api.w.org\/{rel}","templated":true}]}}