{"id":920,"date":"2017-09-13T09:40:22","date_gmt":"2017-09-13T14:40:22","guid":{"rendered":"http:\/\/docentes.uaa.mx\/guido\/?page_id=920"},"modified":"2018-12-02T13:24:32","modified_gmt":"2018-12-02T19:24:32","slug":"ie-unix","status":"publish","type":"page","link":"https:\/\/docentes.uaa.mx\/guido\/materias\/ie-unix\/","title":{"rendered":"IE 7 &#8211; UNIX"},"content":{"rendered":"<p style=\"text-align: center\"><a href=\"http:\/\/docentes.uaa.mx\/guido\/wp-content\/uploads\/sites\/2\/2016\/08\/Unix-OS.png\"><img loading=\"lazy\" decoding=\"async\" class=\"alignleft wp-image-804 size-medium\" src=\"http:\/\/docentes.uaa.mx\/guido\/wp-content\/uploads\/sites\/2\/2016\/08\/Unix-OS-300x225.png\" alt=\"\" width=\"300\" height=\"225\" srcset=\"https:\/\/docentes.uaa.mx\/guido\/wp-content\/uploads\/sites\/2\/2016\/08\/Unix-OS-300x225.png 300w, https:\/\/docentes.uaa.mx\/guido\/wp-content\/uploads\/sites\/2\/2016\/08\/Unix-OS-1024x768.png 1024w, https:\/\/docentes.uaa.mx\/guido\/wp-content\/uploads\/sites\/2\/2016\/08\/Unix-OS.png 1600w\" sizes=\"(max-width: 300px) 100vw, 300px\" \/><\/a>Materia:<em><strong> UNIX<\/strong><\/em><\/p>\n<p style=\"text-align: center\">Clave:<strong><em> 19814<\/em><\/strong><\/p>\n<p style=\"text-align: center\">Carrera: <em><strong>Ingenier\u00eda en Electr\u00f3nica<\/strong><\/em><\/p>\n<p style=\"text-align: center\">Ciclo: <em><strong>Agosto &#8211; Diciembre del 2018<\/strong><\/em><\/p>\n<p style=\"text-align: center\">Grupos: <em><strong>IE 7o A<br \/>\n<\/strong><\/em><\/p>\n<p style=\"text-align: left\"><a href=\"https:\/\/docentes.uaa.mx\/guido\/?ddownload=948\" title=\"Programa del Curso\" rel=\"nofollow\" class=\"ddownload-link id-948 ext-pdf\">Programa del Curso<\/a><\/p>\n<ul>\n<li><a href=\"https:\/\/docentes.uaa.mx\/guido\/materias\/buzon-para-tareas\/\">Buzon para las entregas de Tareas<\/a><\/li>\n<\/ul>\n<div class='stb-container stb-style-info stb-caption-box stb-no-caption stb-collapsed'><div class='stb-caption'><div class='stb-logo'><img class='stb-logo__image' src='' alt='img'\/><\/div><div class='stb-caption-content'>Unidad I: Introducci\u00f3n a los Sistemas Operativos Multiusuarios y de Red<\/div><div class='stb-tool'><\/div><\/div><div class='stb-content'><\/p>\n<ul>\n<li><a href=\"http:\/\/docentes.uaa.mx\/guido\/wp-content\/uploads\/sites\/2\/2014\/09\/UNIX-y-sus-versiones.pdf\" target=\"_blank\" rel=\"noopener\">UNIX Hist\u00f3rico<\/a><\/li>\n<li><a href=\"http:\/\/docentes.uaa.mx\/guido\/wp-content\/uploads\/sites\/2\/2014\/09\/UNIX-y-sus-versiones.pdf\" target=\"_blank\" rel=\"noopener\">Versiones y Familias UNIX<\/a><\/li>\n<li>Esquemas de UNIX<\/li>\n<li>Aparici\u00f3n de Linux<\/li>\n<\/ul>\n<p><\/div><\/div>\n<div class='stb-container stb-style-info stb-caption-box stb-no-caption stb-collapsed'><div class='stb-caption'><div class='stb-logo'><img class='stb-logo__image' src='' alt='img'\/><\/div><div class='stb-caption-content'>Unidad II: Instalaci\u00f3n, Configuraci\u00f3n y Fundamentos de Operaci\u00f3n<\/div><div class='stb-tool'><\/div><\/div><div class='stb-content'><\/p>\n<ul>\n<li>Instalaci\u00f3n<\/li>\n<li>Configuraci\u00f3n B\u00e1sica<\/li>\n<li>Sistemas de Archivos<\/li>\n<li>Sesiones de Trabajo<\/li>\n<li>Ordenes b\u00e1sicas en UNIX: <a href=\"https:\/\/www.tjhsst.edu\/~dhyatt\/superap\/unixcmd.html\" target=\"_blank\" rel=\"noopener\">Recurso 1<\/a>,<a href=\"https:\/\/es.wikipedia.org\/wiki\/Anexo:Programas_para_Unix\" target=\"_blank\" rel=\"noopener\"> Recurso 2<\/a> y <a href=\"http:\/\/www.thegeekstuff.com\/2010\/11\/50-linux-commands\/?utm_source=feedburner\" target=\"_blank\" rel=\"noopener\">Recurso 3<\/a><\/li>\n<li>L\u00edneas de Ordenes<\/li>\n<\/ul>\n<p><\/div><\/div>\n<div class='stb-container stb-style-info stb-caption-box stb-no-caption stb-collapsed'><div class='stb-caption'><div class='stb-logo'><img class='stb-logo__image' src='' alt='img'\/><\/div><div class='stb-caption-content'>Unidad III: Programaci\u00f3n<\/div><div class='stb-tool'><\/div><\/div><div class='stb-content'><\/p>\n<ul>\n<li><a href=\"http:\/\/docentes.uaa.mx\/guido\/wp-content\/uploads\/sites\/2\/2014\/11\/Bash-scripting-como-de-introduccion-Por-Xento-Figal.pdf\" target=\"_blank\" rel=\"noopener\">Manual de Programaci\u00f3n en Script Shell &#8211; Bash-Prog-Intro-COMO<\/a><\/li>\n<li><a href=\"http:\/\/docentes.uaa.mx\/guido\/wp-content\/uploads\/sites\/2\/2014\/11\/bashavanzado.pdf\" target=\"_blank\" rel=\"noopener\">Programaci\u00f3n Script Shell &#8211; Bash Avanzada<\/a><\/li>\n<li><a href=\"http:\/\/marcmmw.freeshell.org\/esp\/programacion\/bc.html\" target=\"_blank\" rel=\"noopener\">Manual de Programaci\u00f3n de bc<\/a><\/li>\n<li><a href=\"http:\/\/docentes.uaa.mx\/guido\/wp-content\/uploads\/sites\/2\/2014\/11\/awk-paso-a-paso.pdf\" target=\"_blank\" rel=\"noopener\">awk paso a paso<\/a><\/li>\n<li><a href=\"http:\/\/docentes.uaa.mx\/guido\/wp-content\/uploads\/sites\/2\/2014\/11\/Manual-De-Programacion-Lenguaje-C.pdf\" target=\"_blank\" rel=\"noopener\">Documentaci\u00f3n para Programacion con C en GNU Linux &#8211; UNIX<\/a><\/li>\n<\/ul>\n<p><\/div><\/div>\n<div class='stb-container stb-style-info stb-caption-box stb-no-caption stb-collapsed'><div class='stb-caption'><div class='stb-logo'><img class='stb-logo__image' src='' alt='img'\/><\/div><div class='stb-caption-content'>Unidad IV: Administraci\u00f3n de Servicios en Red bajo UNIX\/Linux<\/div><div class='stb-tool'><\/div><\/div><div class='stb-content'><\/p>\n<ul>\n<li>Modelo OSI de la ISO<\/li>\n<li>Modelo de Internet (TCP \/ IP)<\/li>\n<li>Servicios en el Modelo Cliente \/ Servidor<\/li>\n<li>Manual de Administraci\u00f3n de Servicios en Red (LuCAS)<\/li>\n<\/ul>\n<p><\/div><\/div>\n<p>Libros y Material de apoyo y estudio:<\/p>\n<ul>\n<li><a href=\"http:\/\/bitshare.com\/files\/lhs2oj93\/manual-unix-pdf.rar.html\" target=\"_blank\" rel=\"noopener\">Manual de UNIX<\/a><\/li>\n<li><a title=\"Al Descubierto\" href=\"http:\/\/www.math.iitb.ac.in\/resources\/manuals\/Unix_Unleashed\/Vol_1\/toc.htm\" target=\"_blank\" rel=\"noopener\">Unix al Descubierto<\/a><\/li>\n<li><a href=\"http:\/\/www.ee.surrey.ac.uk\/Teaching\/Unix\/\" target=\"_blank\" rel=\"noopener\">Tutorial para Principiantes<\/a><\/li>\n<\/ul>\n<p>Pr\u00e1cticas<\/p>\n<ul>\n<li><a href=\"https:\/\/docentes.uaa.mx\/guido\/?ddownload=844\" title=\"Primera pr\u00e1ctica\" rel=\"nofollow\" class=\"ddownload-button button-blue id-844 ext-pdf\">Primera pr\u00e1ctica<\/a> y Buz\u00f3n electr\u00f3nico para entrega de resultados<\/li>\n<li>Segunda Pr\u00e1ctica y Buz\u00f3n electr\u00f3nico para entrega de resultados<\/li>\n<li><a href=\"https:\/\/docentes.uaa.mx\/guido\/?ddownload=291\" title=\"Script Shell de tratamiento de datos para Sistema de Manejo de Equipos de Futbol\" rel=\"nofollow\" class=\"ddownload-button button-blue id-291 ext-zip\">Script Shell de tratamiento de datos para Sistema de Manejo de Equipos de Futbol<\/a><\/li>\n<\/ul>\n<p>Examen Final para llevar<\/p>\n<ul>\n<li><a href=\"https:\/\/docentes.uaa.mx\/guido\/?ddownload=219496\" title=\"Final, para llevar\" rel=\"nofollow\" class=\"ddownload-button button-blue id-219496 ext-pdf\">Final, para llevar<\/a><\/li>\n<\/ul>\n<p>Gu\u00edas de Estudio<\/p>\n<ul>\n<li><a href=\"https:\/\/docentes.uaa.mx\/guido\/?ddownload=836\" title=\"Gu\u00eda para el primer parcial\" rel=\"nofollow\" class=\"ddownload-button button-blue id-836 ext-pdf\">Gu\u00eda para el primer parcial<\/a><\/li>\n<li><a href=\"https:\/\/docentes.uaa.mx\/guido\/?ddownload=234\" title=\"Gu\u00eda para el segundo parcial\" rel=\"nofollow\" class=\"ddownload-button button-blue id-234 ext-pdf\">Gu\u00eda para el segundo parcial<\/a>, ignoren la parte III por favor<\/li>\n<li><a href=\"https:\/\/docentes.uaa.mx\/guido\/?ddownload=626\" title=\"Gu\u00eda para el examen final\" rel=\"nofollow\" class=\"ddownload-button button-blue id-626 ext-pdf\">Gu\u00eda para el examen final<\/a><\/li>\n<\/ul>\n<p>Proyecto Final<\/p>\n<ul>\n<li>Descarga el <a href=\"https:\/\/docentes.uaa.mx\/guido\/?ddownload=219494\" title=\"Proyecto Final de UNIX para IE7\" rel=\"nofollow\" class=\"ddownload-button button-blue id-219494 ext-pdf\">Proyecto Final de UNIX para IE7<\/a>, para que lo trabajes en equipo: fecha de revisi\u00f3n hasta el 17 de Diciembre del 2018.<\/li>\n<li><a href=\"http:\/\/docentes.uaa.mx\/guido\/materias\/buzon-para-examenes-finales\/\">Buz\u00f3n para entregar los documentos evidencias para el Examen Final Pr\u00e1ctico de UNIX<\/a><\/li>\n<\/ul>\n<p>Calificaciones<\/p>\n","protected":false},"excerpt":{"rendered":"<p>Materia: UNIX Clave: 19814 Carrera: Ingenier\u00eda en Electr\u00f3nica Ciclo: Agosto &#8211; Diciembre del 2018 Grupos: IE 7o A Buzon para las entregas de Tareas Libros y Material de apoyo y estudio: Manual de UNIX Unix al Descubierto Tutorial para Principiantes Pr\u00e1cticas y Buz\u00f3n electr\u00f3nico para entrega de resultados Segunda Pr\u00e1ctica y Buz\u00f3n electr\u00f3nico para entrega [&hellip;]<\/p>\n","protected":false},"author":2,"featured_media":0,"parent":28,"menu_order":0,"comment_status":"closed","ping_status":"closed","template":"","meta":{"ngg_post_thumbnail":0,"footnotes":""},"class_list":["post-920","page","type-page","status-publish","hentry"],"_links":{"self":[{"href":"https:\/\/docentes.uaa.mx\/guido\/wp-json\/wp\/v2\/pages\/920"}],"collection":[{"href":"https:\/\/docentes.uaa.mx\/guido\/wp-json\/wp\/v2\/pages"}],"about":[{"href":"https:\/\/docentes.uaa.mx\/guido\/wp-json\/wp\/v2\/types\/page"}],"author":[{"embeddable":true,"href":"https:\/\/docentes.uaa.mx\/guido\/wp-json\/wp\/v2\/users\/2"}],"replies":[{"embeddable":true,"href":"https:\/\/docentes.uaa.mx\/guido\/wp-json\/wp\/v2\/comments?post=920"}],"version-history":[{"count":12,"href":"https:\/\/docentes.uaa.mx\/guido\/wp-json\/wp\/v2\/pages\/920\/revisions"}],"predecessor-version":[{"id":219501,"href":"https:\/\/docentes.uaa.mx\/guido\/wp-json\/wp\/v2\/pages\/920\/revisions\/219501"}],"up":[{"embeddable":true,"href":"https:\/\/docentes.uaa.mx\/guido\/wp-json\/wp\/v2\/pages\/28"}],"wp:attachment":[{"href":"https:\/\/docentes.uaa.mx\/guido\/wp-json\/wp\/v2\/media?parent=920"}],"curies":[{"name":"wp","href":"https:\/\/api.w.org\/{rel}","templated":true}]}}