{"id":55,"date":"2021-01-17T18:34:32","date_gmt":"2021-01-17T18:34:32","guid":{"rendered":"http:\/\/docentes.uaa.mx\/jmauaa\/?page_id=55"},"modified":"2021-01-30T06:39:59","modified_gmt":"2021-01-30T06:39:59","slug":"iniciativas","status":"publish","type":"page","link":"https:\/\/docentes.uaa.mx\/jmauaa\/iniciativas\/","title":{"rendered":"Iniciativas"},"content":{"rendered":"<p><img loading=\"lazy\" decoding=\"async\" class=\"alignnone size-medium wp-image-111\" src=\"http:\/\/docentes.uaa.mx\/jmauaa\/wp-content\/uploads\/sites\/35\/2021\/01\/universitarios-desarrollan-aplicaciones-ninos-300x188.jpg\" alt=\"\" width=\"300\" height=\"188\" srcset=\"https:\/\/docentes.uaa.mx\/jmauaa\/wp-content\/uploads\/sites\/35\/2021\/01\/universitarios-desarrollan-aplicaciones-ninos-300x188.jpg 300w, https:\/\/docentes.uaa.mx\/jmauaa\/wp-content\/uploads\/sites\/35\/2021\/01\/universitarios-desarrollan-aplicaciones-ninos-768x480.jpg 768w, https:\/\/docentes.uaa.mx\/jmauaa\/wp-content\/uploads\/sites\/35\/2021\/01\/universitarios-desarrollan-aplicaciones-ninos.jpg 800w\" sizes=\"(max-width: 300px) 100vw, 300px\" \/><\/p>\n<p>La l\u00ednea de investigaci\u00f3n&nbsp; de Interacci\u00f3n Humana-Computadora (IHC) de la&nbsp; Universidad Aut\u00f3noma de Aguascalientes (UAA) uno de&nbsp; sus objetivos es&nbsp; la creaci\u00f3n de aplicaciones para personas con discapacidad cognitiva, principalmente ni\u00f1os de primaria&nbsp; y para la creaci\u00f3n de las apps, Las apps creadas est\u00e1n adecuadas a la cultura y manejo del lenguaje en la entidad, es decir, toman en cuenta la parte etnogr\u00e1fica, La finalidad es apoyar la ense\u00f1anza del m\u00e9todo global de lectura, la comparaci\u00f3n, orden, secuencias y valor del dinero.<\/p>\n<p class=\"p1\">El Dr. Jaime Mu\u00f1oz Arteaga, catedr\u00e1tico e investigador del Centro de Ciencias B\u00e1sicas de la UAA, dio a conocer que investigadores y estudiantes de posgrado han desarrollado desde hace tres a\u00f1os una serie de aplicaciones para dispositivos m\u00f3viles y computadoras (apps) que dan soporte a los m\u00e9todos pedag\u00f3gicos de profesores que se encargan de reforzar el aprendizaje en educaci\u00f3n especial en la entidad.<\/p>\n","protected":false},"excerpt":{"rendered":"<p>La l\u00ednea de investigaci\u00f3n&nbsp; de Interacci\u00f3n Humana-Computadora (IHC) de la&nbsp; Universidad Aut\u00f3noma de Aguascalientes (UAA) uno de&nbsp; sus objetivos es&nbsp; la creaci\u00f3n de aplicaciones para personas con discapacidad cognitiva, principalmente ni\u00f1os de primaria&nbsp; y para la creaci\u00f3n de las apps, Las apps creadas est\u00e1n adecuadas a la cultura y manejo del lenguaje en la entidad, [&hellip;]<\/p>\n","protected":false},"author":43,"featured_media":0,"parent":0,"menu_order":0,"comment_status":"closed","ping_status":"closed","template":"","meta":{"ngg_post_thumbnail":0,"footnotes":""},"class_list":["post-55","page","type-page","status-publish","hentry"],"_links":{"self":[{"href":"https:\/\/docentes.uaa.mx\/jmauaa\/wp-json\/wp\/v2\/pages\/55"}],"collection":[{"href":"https:\/\/docentes.uaa.mx\/jmauaa\/wp-json\/wp\/v2\/pages"}],"about":[{"href":"https:\/\/docentes.uaa.mx\/jmauaa\/wp-json\/wp\/v2\/types\/page"}],"author":[{"embeddable":true,"href":"https:\/\/docentes.uaa.mx\/jmauaa\/wp-json\/wp\/v2\/users\/43"}],"replies":[{"embeddable":true,"href":"https:\/\/docentes.uaa.mx\/jmauaa\/wp-json\/wp\/v2\/comments?post=55"}],"version-history":[{"count":6,"href":"https:\/\/docentes.uaa.mx\/jmauaa\/wp-json\/wp\/v2\/pages\/55\/revisions"}],"predecessor-version":[{"id":112,"href":"https:\/\/docentes.uaa.mx\/jmauaa\/wp-json\/wp\/v2\/pages\/55\/revisions\/112"}],"wp:attachment":[{"href":"https:\/\/docentes.uaa.mx\/jmauaa\/wp-json\/wp\/v2\/media?parent=55"}],"curies":[{"name":"wp","href":"https:\/\/api.w.org\/{rel}","templated":true}]}}