{"id":58,"date":"2021-01-17T18:38:13","date_gmt":"2021-01-17T18:38:13","guid":{"rendered":"http:\/\/docentes.uaa.mx\/jmauaa\/?page_id=58"},"modified":"2021-01-31T06:55:11","modified_gmt":"2021-01-31T06:55:11","slug":"participantes","status":"publish","type":"page","link":"https:\/\/docentes.uaa.mx\/jmauaa\/participantes\/","title":{"rendered":"Participantes"},"content":{"rendered":"<div id=\"pl-58\"  class=\"panel-layout\" ><div id=\"pg-58-0\"  class=\"panel-grid panel-no-style\" ><div id=\"pgc-58-0-0\"  class=\"panel-grid-cell\" ><div id=\"panel-58-0-0-0\" class=\"so-panel widget widget_sow-editor panel-first-child panel-last-child\" data-index=\"0\" ><div class=\"panel-widget-style panel-widget-style-for-58-0-0-0\" ><div\n\t\t\t\n\t\t\tclass=\"so-widget-sow-editor so-widget-sow-editor-base\"\n\t\t\t\n\t\t>\n<div class=\"siteorigin-widget-tinymce textwidget\">\n\t<p><img loading=\"lazy\" decoding=\"async\" class=\"alignnone wp-image-72\" src=\"http:\/\/docentes.uaa.mx\/jmauaa\/wp-content\/uploads\/sites\/35\/2021\/01\/Participantes.jpeg\" alt=\"\" width=\"246\" height=\"143\" \/><\/p>\n<p><a href=\"https:\/\/www.uaa.mx\/portal\/nuestra-universidad\/centros-academicos-2\/centro-de-ciencias-basicas\/\">Centro de Ciencias B\u00e1sicas de la UAA<\/a><\/p>\n<p><a href=\"http:\/\/www.iea.gob.mx\/INTERNAS\/sistema_educativo\/prog_fortalecimiento_especial.html\">Educaci\u00f3n especial&nbsp; del IEA<\/a><\/p>\n<p>--- Contacto ---<br \/>\nDr.Jaime Mu\u00f1oz Arteaga (<a class=\"rABsFf RffVmb AL18ce\" href=\"mailto:jaime.munoz@edu.uaa.mx\" target=\"_blank\" rel=\"noopener\" data-tooltip=\"De tus contactos de Google\" data-tooltip-position=\"top\">jaime.munoz<span class=\"\">@e<\/span>du.uaa.mx<\/a>)<br \/>\nUniversidad Aut\u00f3noma de Aguascalientes<br \/>\nCentro de Ciencias B\u00e1sicas,<br \/>\nTel (+52) 449-9108417<\/p>\n<\/div>\n<\/div><\/div><\/div><\/div><\/div><\/div>","protected":false},"excerpt":{"rendered":"<p>Centro de Ciencias B\u00e1sicas de la UAA Educaci\u00f3n especial&nbsp; del IEA &#8212; Contacto &#8212; Dr.Jaime Mu\u00f1oz Arteaga (jaime.munoz@edu.uaa.mx) Universidad Aut\u00f3noma de Aguascalientes Centro de Ciencias B\u00e1sicas, Tel (+52) 449-9108417<\/p>\n","protected":false},"author":43,"featured_media":0,"parent":0,"menu_order":0,"comment_status":"closed","ping_status":"closed","template":"","meta":{"ngg_post_thumbnail":0,"footnotes":""},"class_list":["post-58","page","type-page","status-publish","hentry"],"_links":{"self":[{"href":"https:\/\/docentes.uaa.mx\/jmauaa\/wp-json\/wp\/v2\/pages\/58"}],"collection":[{"href":"https:\/\/docentes.uaa.mx\/jmauaa\/wp-json\/wp\/v2\/pages"}],"about":[{"href":"https:\/\/docentes.uaa.mx\/jmauaa\/wp-json\/wp\/v2\/types\/page"}],"author":[{"embeddable":true,"href":"https:\/\/docentes.uaa.mx\/jmauaa\/wp-json\/wp\/v2\/users\/43"}],"replies":[{"embeddable":true,"href":"https:\/\/docentes.uaa.mx\/jmauaa\/wp-json\/wp\/v2\/comments?post=58"}],"version-history":[{"count":8,"href":"https:\/\/docentes.uaa.mx\/jmauaa\/wp-json\/wp\/v2\/pages\/58\/revisions"}],"predecessor-version":[{"id":128,"href":"https:\/\/docentes.uaa.mx\/jmauaa\/wp-json\/wp\/v2\/pages\/58\/revisions\/128"}],"wp:attachment":[{"href":"https:\/\/docentes.uaa.mx\/jmauaa\/wp-json\/wp\/v2\/media?parent=58"}],"curies":[{"name":"wp","href":"https:\/\/api.w.org\/{rel}","templated":true}]}}