{"id":273,"date":"2023-07-24T18:50:54","date_gmt":"2023-07-25T00:50:54","guid":{"rendered":"http:\/\/docentes.uaa.mx\/loreh\/?page_id=273"},"modified":"2023-07-24T18:52:50","modified_gmt":"2023-07-25T00:52:50","slug":"laboratorio-edificio-54-f","status":"publish","type":"page","link":"https:\/\/docentes.uaa.mx\/loreh\/laboratorio-edificio-54-f\/","title":{"rendered":"Laboratorio Edificio 54 &#8220;F&#8221;"},"content":{"rendered":"<h3>&nbsp;<\/h3>\n<hr>\n<h3><span style=\"font-size: 14pt;font-family: arial, helvetica, sans-serif\">Laboratorio de computaci\u00f3n que pertenece al Centro de Ciencias B\u00e1sicas del Departamento de Sistemas de Informaci\u00f3n. El cual se encuentra frente al jard\u00edn de las generaciones y el cual cuenta con una capacidad de 41 equipos para atender las clases tanto presenciales como apoyo a los usuarios que as\u00ed lo necesiten.&nbsp;<\/span><\/h3>\n<h3>Los equipos de marca Lenovo modelo ThinkCentre cuentan con una capacidad de 8 Mb. en RAM y Disco duro de 500 Gb. de capacidad, todos los equipos est\u00e1n conectados a internet de manera alambrica pero se tiene en servicio un Access Point para el servicio inal\u00e1mbrico, el laboratorio cuenta con pintaron y pizarr\u00f3n, adem\u00e1s de ca\u00f1on para el servicio de la impartici\u00f3n de clases.<\/h3>\n<h3>En el \u00e1rea tambi\u00e9n se encuentran varios cub\u00edculos de profesores<\/h3>\n<hr>\n<p><img loading=\"lazy\" decoding=\"async\" class=\"wp-image-70 aligncenter\" src=\"http:\/\/docentes.uaa.mx\/loreh\/wp-content\/uploads\/sites\/39\/2021\/01\/gallo-300x189.jpg\" alt=\"\" width=\"110\" height=\"69\" srcset=\"https:\/\/docentes.uaa.mx\/loreh\/wp-content\/uploads\/sites\/39\/2021\/01\/gallo-300x189.jpg 300w, https:\/\/docentes.uaa.mx\/loreh\/wp-content\/uploads\/sites\/39\/2021\/01\/gallo-768x484.jpg 768w, https:\/\/docentes.uaa.mx\/loreh\/wp-content\/uploads\/sites\/39\/2021\/01\/gallo-690x435.jpg 690w, https:\/\/docentes.uaa.mx\/loreh\/wp-content\/uploads\/sites\/39\/2021\/01\/gallo-980x617.jpg 980w, https:\/\/docentes.uaa.mx\/loreh\/wp-content\/uploads\/sites\/39\/2021\/01\/gallo.jpg 1024w\" sizes=\"(max-width: 110px) 100vw, 110px\" \/><\/p>\nngg_shortcode_0_placeholder\n<p style=\"text-align: right\"><span style=\"color: #ff0000\">13:51:20<\/span><\/p>\n","protected":false},"excerpt":{"rendered":"<p>&nbsp; Laboratorio de computaci\u00f3n que pertenece al Centro de Ciencias B\u00e1sicas del Departamento de Sistemas de Informaci\u00f3n. El cual se encuentra frente al jard\u00edn de las generaciones y el cual cuenta con una capacidad de 41 equipos para atender las clases tanto presenciales como apoyo a los usuarios que as\u00ed lo necesiten.&nbsp; Los equipos de [&hellip;]<\/p>\n","protected":false},"author":24,"featured_media":0,"parent":0,"menu_order":0,"comment_status":"closed","ping_status":"closed","template":"","meta":{"ngg_post_thumbnail":0,"footnotes":""},"class_list":["post-273","page","type-page","status-publish","hentry"],"_links":{"self":[{"href":"https:\/\/docentes.uaa.mx\/loreh\/wp-json\/wp\/v2\/pages\/273"}],"collection":[{"href":"https:\/\/docentes.uaa.mx\/loreh\/wp-json\/wp\/v2\/pages"}],"about":[{"href":"https:\/\/docentes.uaa.mx\/loreh\/wp-json\/wp\/v2\/types\/page"}],"author":[{"embeddable":true,"href":"https:\/\/docentes.uaa.mx\/loreh\/wp-json\/wp\/v2\/users\/24"}],"replies":[{"embeddable":true,"href":"https:\/\/docentes.uaa.mx\/loreh\/wp-json\/wp\/v2\/comments?post=273"}],"version-history":[{"count":5,"href":"https:\/\/docentes.uaa.mx\/loreh\/wp-json\/wp\/v2\/pages\/273\/revisions"}],"predecessor-version":[{"id":296,"href":"https:\/\/docentes.uaa.mx\/loreh\/wp-json\/wp\/v2\/pages\/273\/revisions\/296"}],"wp:attachment":[{"href":"https:\/\/docentes.uaa.mx\/loreh\/wp-json\/wp\/v2\/media?parent=273"}],"curies":[{"name":"wp","href":"https:\/\/api.w.org\/{rel}","templated":true}]}}