{"id":31,"date":"2023-07-24T18:50:25","date_gmt":"2023-07-25T00:50:25","guid":{"rendered":"http:\/\/docentes.uaa.mx\/loreh\/?page_id=31"},"modified":"2023-07-24T18:50:28","modified_gmt":"2023-07-25T00:50:28","slug":"laboratorios-del-departamento-sistemas-de-informacion","status":"publish","type":"page","link":"https:\/\/docentes.uaa.mx\/loreh\/laboratorios-del-departamento-sistemas-de-informacion\/","title":{"rendered":"LABORATORIOS DEL DEPARTAMENTO SISTEMAS DE INFORMACION"},"content":{"rendered":"<hr>\n<p style=\"text-align: left\"><span style=\"font-size: 14pt;font-family: tahoma, arial, helvetica, sans-serif\"><img loading=\"lazy\" decoding=\"async\" class=\"wp-image-24 alignleft\" src=\"http:\/\/docentes.uaa.mx\/loreh\/wp-content\/uploads\/sites\/39\/2021\/01\/CCB-176x300.png\" alt=\"\" width=\"129\" height=\"220\" srcset=\"https:\/\/docentes.uaa.mx\/loreh\/wp-content\/uploads\/sites\/39\/2021\/01\/CCB-176x300.png 176w, https:\/\/docentes.uaa.mx\/loreh\/wp-content\/uploads\/sites\/39\/2021\/01\/CCB.png 351w\" sizes=\"(max-width: 129px) 100vw, 129px\" \/>Los laboratorios de computaci\u00f3n adscritos al <span style=\"color: #3366ff\"><strong>Departamento Sistemas de Informaci\u00f3n<\/strong><\/span> perteneciente al <span style=\"color: #3366ff\"><strong>Centro de Ciencias B\u00e1sicas<\/strong><\/span>, tienen una amplia gama de equipos de computo con diferentes capacidades de procesamiento y caracter\u00edsticas especiales para la utilizaci\u00f3n y aplicaci\u00f3n de los programas de estudio que requieren las diferentes carreras a las cuales se les da apoyo, as\u00ed tambi\u00e9n a las pertenecientes del departamento.<\/span><\/p>\n<p>&nbsp;<\/p>\n<p style=\"text-align: center\"><span style=\"font-size: 14pt;font-family: tahoma, arial, helvetica, sans-serif\">Dichos laboratorios est\u00e1n distribuidos dentro del campus universitario para facilitar y contribuir a las practicas del proceso ense\u00f1anza aprendizaje.<\/span><\/p>\n<hr>\n<p style=\"text-align: center\"><img loading=\"lazy\" decoding=\"async\" class=\"wp-image-70 aligncenter\" src=\"http:\/\/docentes.uaa.mx\/loreh\/wp-content\/uploads\/sites\/39\/2021\/01\/gallo-300x189.jpg\" alt=\"\" width=\"134\" height=\"84\" srcset=\"https:\/\/docentes.uaa.mx\/loreh\/wp-content\/uploads\/sites\/39\/2021\/01\/gallo-300x189.jpg 300w, https:\/\/docentes.uaa.mx\/loreh\/wp-content\/uploads\/sites\/39\/2021\/01\/gallo-768x484.jpg 768w, https:\/\/docentes.uaa.mx\/loreh\/wp-content\/uploads\/sites\/39\/2021\/01\/gallo-690x435.jpg 690w, https:\/\/docentes.uaa.mx\/loreh\/wp-content\/uploads\/sites\/39\/2021\/01\/gallo-980x617.jpg 980w, https:\/\/docentes.uaa.mx\/loreh\/wp-content\/uploads\/sites\/39\/2021\/01\/gallo.jpg 1024w\" sizes=\"(max-width: 134px) 100vw, 134px\" \/><\/p>\n<p>&nbsp;<\/p>\n","protected":false},"excerpt":{"rendered":"<p>Los laboratorios de computaci\u00f3n adscritos al Departamento Sistemas de Informaci\u00f3n perteneciente al Centro de Ciencias B\u00e1sicas, tienen una amplia gama de equipos de computo con diferentes capacidades de procesamiento y caracter\u00edsticas especiales para la utilizaci\u00f3n y aplicaci\u00f3n de los programas de estudio que requieren las diferentes carreras a las cuales se les da apoyo, as\u00ed [&hellip;]<\/p>\n","protected":false},"author":24,"featured_media":0,"parent":0,"menu_order":0,"comment_status":"closed","ping_status":"closed","template":"","meta":{"ngg_post_thumbnail":0,"footnotes":""},"class_list":["post-31","page","type-page","status-publish","hentry"],"_links":{"self":[{"href":"https:\/\/docentes.uaa.mx\/loreh\/wp-json\/wp\/v2\/pages\/31"}],"collection":[{"href":"https:\/\/docentes.uaa.mx\/loreh\/wp-json\/wp\/v2\/pages"}],"about":[{"href":"https:\/\/docentes.uaa.mx\/loreh\/wp-json\/wp\/v2\/types\/page"}],"author":[{"embeddable":true,"href":"https:\/\/docentes.uaa.mx\/loreh\/wp-json\/wp\/v2\/users\/24"}],"replies":[{"embeddable":true,"href":"https:\/\/docentes.uaa.mx\/loreh\/wp-json\/wp\/v2\/comments?post=31"}],"version-history":[{"count":7,"href":"https:\/\/docentes.uaa.mx\/loreh\/wp-json\/wp\/v2\/pages\/31\/revisions"}],"predecessor-version":[{"id":115,"href":"https:\/\/docentes.uaa.mx\/loreh\/wp-json\/wp\/v2\/pages\/31\/revisions\/115"}],"wp:attachment":[{"href":"https:\/\/docentes.uaa.mx\/loreh\/wp-json\/wp\/v2\/media?parent=31"}],"curies":[{"name":"wp","href":"https:\/\/api.w.org\/{rel}","templated":true}]}}