{"id":34,"date":"2021-08-08T02:16:04","date_gmt":"2021-08-08T02:16:04","guid":{"rendered":"https:\/\/docentes.uaa.mx\/mgibarra\/?page_id=34"},"modified":"2021-08-08T02:16:04","modified_gmt":"2021-08-08T02:16:04","slug":"investigacion-e-informatica","status":"publish","type":"page","link":"https:\/\/docentes.uaa.mx\/mgibarra\/investigacion-e-informatica\/","title":{"rendered":"INVESTIGACION E INFORMATICA"},"content":{"rendered":"<p><img loading=\"lazy\" decoding=\"async\" class=\"alignnone size-medium wp-image-35 aligncenter\" src=\"http:\/\/docentes.uaa.mx\/mgibarra\/wp-content\/uploads\/sites\/43\/2021\/08\/LOGOMATERIA-300x172.png\" alt=\"\" width=\"300\" height=\"172\" srcset=\"https:\/\/docentes.uaa.mx\/mgibarra\/wp-content\/uploads\/sites\/43\/2021\/08\/LOGOMATERIA-300x172.png 300w, https:\/\/docentes.uaa.mx\/mgibarra\/wp-content\/uploads\/sites\/43\/2021\/08\/LOGOMATERIA.png 701w\" sizes=\"(max-width: 300px) 100vw, 300px\" \/><\/p>\n<p>&nbsp;<\/p>\n<p>Curso introductorio donde el alumno entender\u00e1 la terminolog\u00eda asociada a la investigaci\u00f3n cient\u00edfica orientada a la<br \/>\ninform\u00e1tica, sistemas de informaci\u00f3n y las tecnolog\u00edas computacionales. El curso est\u00e1 orientado a identificar y conocer<br \/>\nlos conceptos b\u00e1sicos, principios, pr\u00e1cticas y herramientas del m\u00e9todo cient\u00edfico aplicados preferentemente al \u00e1rea<br \/>\nde la inform\u00e1tica y relacionarlos con contextos reales y as\u00ed percibir la importancia de la investigaci\u00f3n aplicada.<\/p>\n","protected":false},"excerpt":{"rendered":"<p>&nbsp; Curso introductorio donde el alumno entender\u00e1 la terminolog\u00eda asociada a la investigaci\u00f3n cient\u00edfica orientada a la inform\u00e1tica, sistemas de informaci\u00f3n y las tecnolog\u00edas computacionales. El curso est\u00e1 orientado a &hellip; <a href=\"https:\/\/docentes.uaa.mx\/mgibarra\/investigacion-e-informatica\/\">Seguir leyendo <span class=\"meta-nav\">&rarr;<\/span><\/a><\/p>\n","protected":false},"author":51,"featured_media":0,"parent":0,"menu_order":0,"comment_status":"closed","ping_status":"closed","template":"","meta":{"ngg_post_thumbnail":0,"footnotes":""},"class_list":["post-34","page","type-page","status-publish","hentry"],"_links":{"self":[{"href":"https:\/\/docentes.uaa.mx\/mgibarra\/wp-json\/wp\/v2\/pages\/34"}],"collection":[{"href":"https:\/\/docentes.uaa.mx\/mgibarra\/wp-json\/wp\/v2\/pages"}],"about":[{"href":"https:\/\/docentes.uaa.mx\/mgibarra\/wp-json\/wp\/v2\/types\/page"}],"author":[{"embeddable":true,"href":"https:\/\/docentes.uaa.mx\/mgibarra\/wp-json\/wp\/v2\/users\/51"}],"replies":[{"embeddable":true,"href":"https:\/\/docentes.uaa.mx\/mgibarra\/wp-json\/wp\/v2\/comments?post=34"}],"version-history":[{"count":1,"href":"https:\/\/docentes.uaa.mx\/mgibarra\/wp-json\/wp\/v2\/pages\/34\/revisions"}],"predecessor-version":[{"id":36,"href":"https:\/\/docentes.uaa.mx\/mgibarra\/wp-json\/wp\/v2\/pages\/34\/revisions\/36"}],"wp:attachment":[{"href":"https:\/\/docentes.uaa.mx\/mgibarra\/wp-json\/wp\/v2\/media?parent=34"}],"curies":[{"name":"wp","href":"https:\/\/api.w.org\/{rel}","templated":true}]}}